{"id":32333,"date":"2023-12-21T16:57:28","date_gmt":"2023-12-21T16:57:28","guid":{"rendered":"https:\/\/e.kosmolat.eu\/product\/dadzu-sampuns-pret-matu-izkrisanu-200-ml\/"},"modified":"2026-04-23T11:45:55","modified_gmt":"2026-04-23T11:45:55","slug":"dadzu-sampuns-pret-matu-izkrisanu-200-ml","status":"publish","type":"product","link":"https:\/\/e.kosmolat.eu\/lt\/produktas\/dadzu-sampuns-pret-matu-izkrisanu-200-ml\/","title":{"rendered":"ELFA PHARM Varnale\u0161u \u0161amp\u016bnas Nuo plauk\u0173 slinkimo, 200 ml"},"content":{"rendered":"<p>Su Bh intevsiv+ kompleksu. Blokuoja fermentus, sukelia\u010dius prie&scaron;laikin\u012f plauk\u0173 slinkim\u0105; sustiprina plauko folikulo veikl\u0105; sustiprina plauk\u0173 augim\u0105 ir prailgina augimo laikotarp\u012f; stimuliuoja kraujo apytak\u0105 ir plauk\u0173 &scaron;akn\u0173 mityb\u0105; stiprina audinius, esan\u010dius aplink plauko &scaron;akn\u012f; pa&scaron;alina sudirgim\u0105, nie\u017eul\u012f, galvos odos u\u017edegim\u0105; reguliuoja riebalini\u0173 liauk\u0173 sekrecij\u0105.<\/p>\n<p><strong>NAUDOJIMO B\u016aDAS: <\/strong>Tolygiai u\u017etepti &scaron;amp\u016bn\u0105 ant dr\u0117gn\u0173 paluk\u0173, masa\u017euoti, kol prad\u0117s putoti, nuplauti vandeniu. Jei reikia, proced\u016br\u0105 galima pakartoti. &Scaron;amp\u016bnas gali b\u016bti naudojamas savaranki&scaron;kai.<\/p>\n<p><strong>LAIKYMO S\u0104LYGOS:<\/strong> nuo +5 &deg; C iki +25 &deg; C.<\/p>\n","protected":false},"excerpt":{"rendered":"<p>Su Bh intevsiv+ kompleksu. Blokuoja fermentus, sukelia\u010dius prie&scaron;laikin\u012f plauk\u0173 slinkim\u0105; sustiprina plauko folikulo veikl\u0105; sustiprina plauk\u0173 augim\u0105 ir prailgina augimo laikotarp\u012f; stimuliuoja kraujo apytak\u0105 ir plauk\u0173 &scaron;akn\u0173 mityb\u0105; stiprina audinius, esan\u010dius aplink plauko &scaron;akn\u012f; pa&scaron;alina sudirgim\u0105, nie\u017eul\u012f, galvos odos u\u017edegim\u0105; reguliuoja riebalini\u0173 liauk\u0173 sekrecij\u0105. NAUDOJIMO B\u016aDAS: Tolygiai u\u017etepti &scaron;amp\u016bn\u0105 ant dr\u0117gn\u0173 paluk\u0173, masa\u017euoti, kol prad\u0117s [&#8230;]\n","protected":false},"featured_media":104468,"template":"","meta":[],"product_cat":[1251],"product_tag":[],"class_list":{"0":"post-32333","1":"product","2":"type-product","3":"status-publish","4":"has-post-thumbnail","6":"product_brand-elfa_ua-lt","7":"product_cat-sampunai","9":"first","10":"instock","11":"taxable","12":"shipping-taxable","13":"product-type-simple"},"_links":{"self":[{"href":"https:\/\/e.kosmolat.eu\/lt\/wp-json\/wp\/v2\/product\/32333","targetHints":{"allow":["GET"]}}],"collection":[{"href":"https:\/\/e.kosmolat.eu\/lt\/wp-json\/wp\/v2\/product"}],"about":[{"href":"https:\/\/e.kosmolat.eu\/lt\/wp-json\/wp\/v2\/types\/product"}],"wp:featuredmedia":[{"embeddable":true,"href":"https:\/\/e.kosmolat.eu\/lt\/wp-json\/wp\/v2\/media\/104468"}],"wp:attachment":[{"href":"https:\/\/e.kosmolat.eu\/lt\/wp-json\/wp\/v2\/media?parent=32333"}],"wp:term":[{"taxonomy":"product_cat","embeddable":true,"href":"https:\/\/e.kosmolat.eu\/lt\/wp-json\/wp\/v2\/product_cat?post=32333"},{"taxonomy":"product_tag","embeddable":true,"href":"https:\/\/e.kosmolat.eu\/lt\/wp-json\/wp\/v2\/product_tag?post=32333"}],"curies":[{"name":"wp","href":"https:\/\/api.w.org\/{rel}","templated":true}]}}