{"id":32329,"date":"2023-12-21T16:57:03","date_gmt":"2023-12-21T16:57:03","guid":{"rendered":"https:\/\/e.kosmolat.eu\/product\/dadzu-balzams-maska-atjaunojosa-200-ml\/"},"modified":"2026-04-23T12:18:27","modified_gmt":"2026-04-23T12:18:27","slug":"dadzu-balzams-maska-atjaunojosa-200-ml","status":"publish","type":"product","link":"https:\/\/e.kosmolat.eu\/lt\/produktas\/dadzu-balzams-maska-atjaunojosa-200-ml\/","title":{"rendered":"ELFA PHARM Atstatomasis balzamas-kauk\u0117 Varnal\u0117\u0161a, 200 ml"},"content":{"rendered":"<p>Aktyv\u016bs balzamo-kauk\u0117s komponentai sustiprina ir papildo varnal\u0117&scaron;\u0173 &scaron;amp\u016bno poveik\u012f. Pripildo pa\u017eeistus plaukus gyvybingumo ir dr\u0117gm\u0117s. \u012esiskverb\u0119 \u012f gilesn\u012f plauko sluoksn\u012f (\u017eiev\u0119), jie atnaujina keratino skaidulas, apgaubia juos apsaugine pl\u0117vele, apsaugan\u010dia nuo tolesnio pa\u017eeidimo. Balzamas-kauk\u0117 suteikia plaukams \u017evilgesio, daro juos &scaron;ilkinius ir elastingus. Su Bh intevsive+ kompleksu. maitina, aktyvina ir pailgina plauk\u0173 augimo faz\u0119; stimuliuoja keratino sintez\u0119, atkuria keratino skaidulas; nukreipia &bdquo;protingus baltymus&ldquo; \u012f plauk\u0173 \u017eiev\u0119; suteikia &bdquo;statybinius blokus&ldquo; ir reikaling\u0105 energij\u0105 pa\u017eeistai plauk\u0173 strukt\u016brai atkurti.<\/p>\n<p><strong>Naudojimas:<\/strong> po plovimo varnal\u0117&scaron;\u0173 &scaron;amp\u016bnu reikiam\u0105 kiek\u012f balzamo-kauk\u0117s u\u017etepkite ant &scaron;akn\u0173 zonos ir tolygiai paskirstykite per vis\u0105 plauk\u0173 ilg\u012f. Po 2 minu\u010di\u0173 nuplaukite vandeniu.Nenaudokite du6o kepur\u0117s.<\/p>\n<p>Laikyti nuo +5&deg;C iki +25&deg;C temperat\u016broje.<br \/>\n&nbsp;<\/p>\n","protected":false},"excerpt":{"rendered":"<p>Aktyv\u016bs balzamo-kauk\u0117s komponentai sustiprina ir papildo varnal\u0117&scaron;\u0173 &scaron;amp\u016bno poveik\u012f. Pripildo pa\u017eeistus plaukus gyvybingumo ir dr\u0117gm\u0117s. \u012esiskverb\u0119 \u012f gilesn\u012f plauko sluoksn\u012f (\u017eiev\u0119), jie atnaujina keratino skaidulas, apgaubia juos apsaugine pl\u0117vele, apsaugan\u010dia nuo tolesnio pa\u017eeidimo. Balzamas-kauk\u0117 suteikia plaukams \u017evilgesio, daro juos &scaron;ilkinius ir elastingus. Su Bh intevsive+ kompleksu. maitina, aktyvina ir pailgina plauk\u0173 augimo faz\u0119; stimuliuoja keratino [&#8230;]\n","protected":false},"featured_media":104472,"template":"","meta":[],"product_cat":[1640],"product_tag":[],"class_list":{"0":"post-32329","1":"product","2":"type-product","3":"status-publish","4":"has-post-thumbnail","6":"product_brand-elfa_ua-lt","7":"product_cat-balzamai","9":"first","10":"instock","11":"taxable","12":"shipping-taxable","13":"product-type-simple"},"_links":{"self":[{"href":"https:\/\/e.kosmolat.eu\/lt\/wp-json\/wp\/v2\/product\/32329","targetHints":{"allow":["GET"]}}],"collection":[{"href":"https:\/\/e.kosmolat.eu\/lt\/wp-json\/wp\/v2\/product"}],"about":[{"href":"https:\/\/e.kosmolat.eu\/lt\/wp-json\/wp\/v2\/types\/product"}],"wp:featuredmedia":[{"embeddable":true,"href":"https:\/\/e.kosmolat.eu\/lt\/wp-json\/wp\/v2\/media\/104472"}],"wp:attachment":[{"href":"https:\/\/e.kosmolat.eu\/lt\/wp-json\/wp\/v2\/media?parent=32329"}],"wp:term":[{"taxonomy":"product_cat","embeddable":true,"href":"https:\/\/e.kosmolat.eu\/lt\/wp-json\/wp\/v2\/product_cat?post=32329"},{"taxonomy":"product_tag","embeddable":true,"href":"https:\/\/e.kosmolat.eu\/lt\/wp-json\/wp\/v2\/product_tag?post=32329"}],"curies":[{"name":"wp","href":"https:\/\/api.w.org\/{rel}","templated":true}]}}