{"id":32325,"date":"2023-12-21T16:56:34","date_gmt":"2023-12-21T16:56:34","guid":{"rendered":"https:\/\/e.kosmolat.eu\/product\/dadzu-serums-100-ml\/"},"modified":"2026-04-23T13:25:17","modified_gmt":"2026-04-23T13:25:17","slug":"dadzu-serums-100-ml","status":"publish","type":"product","link":"https:\/\/e.kosmolat.eu\/lt\/produktas\/dadzu-serums-100-ml\/","title":{"rendered":"ELFA PHARM Varnale\u0161u serumas Aktyvuojamas plauk\u0173 augimas, 100 ml"},"content":{"rendered":"<p>Stiprina plauko folikul\u0105, be alkoholio, neapsunkina plauk\u0173.<\/p>\n<p>Su Bh intevsiv+ kompleksu.<\/p>\n<p>Blokuoja fermentus, sukelia\u010dius prie\u0161laikin\u012f plauk\u0173 slinkim\u0105;  sustiprina plauko folikulo veikl\u0105; sustiprina plauk\u0173 augim\u0105 ir prailgina augimo laikotarp\u012f; stimuliuoja l\u0105steli\u0173 atsinaujinim\u0105 ir keratino sintez\u0119, stiprina audinius, esan\u010dius aplink plauko \u0161akn\u012f; pa\u0161alina sudirgim\u0105, nie\u017eul\u012f, galvos odos u\u017edegim\u0105; reguliuoja riebalini\u0173 liauk\u0173 sekrecij\u0105.<\/p>\n<p>NAUDOJIMO B\u016aDAS: Tepti ant galvos odos 3-4 kartus per savait\u0119, \u012ftrinti \u0161velniais masa\u017euojan\u010diais judesiais. Nenuplauti. Po proced\u016bros galima naudoti plauk\u0173 formavimo priemones, d\u017eiovinti plaukus fenu.<\/p>\n<p>LAIKYMO S\u0104LYGOS: nuo +5 \u00b0 C iki +25 \u00b0 C.<\/p>\n","protected":false},"excerpt":{"rendered":"<p>Stiprina plauko folikul\u0105, be alkoholio, neapsunkina plauk\u0173. Su Bh intevsiv+ kompleksu. Blokuoja fermentus, sukelia\u010dius prie\u0161laikin\u012f plauk\u0173 slinkim\u0105; sustiprina plauko folikulo veikl\u0105; sustiprina plauk\u0173 augim\u0105 ir prailgina augimo laikotarp\u012f; stimuliuoja l\u0105steli\u0173 atsinaujinim\u0105 ir keratino sintez\u0119, stiprina audinius, esan\u010dius aplink plauko \u0161akn\u012f; pa\u0161alina sudirgim\u0105, nie\u017eul\u012f, galvos odos u\u017edegim\u0105; reguliuoja riebalini\u0173 liauk\u0173 sekrecij\u0105. NAUDOJIMO B\u016aDAS: Tepti ant galvos [&#8230;]\n","protected":false},"featured_media":104440,"template":"","meta":[],"product_cat":[1345],"product_tag":[],"class_list":{"0":"post-32325","1":"product","2":"type-product","3":"status-publish","4":"has-post-thumbnail","6":"product_brand-elfa_ua-lt","7":"product_cat-kitos-plauku-prieziuros-priemones","9":"first","10":"instock","11":"taxable","12":"shipping-taxable","13":"product-type-simple"},"_links":{"self":[{"href":"https:\/\/e.kosmolat.eu\/lt\/wp-json\/wp\/v2\/product\/32325","targetHints":{"allow":["GET"]}}],"collection":[{"href":"https:\/\/e.kosmolat.eu\/lt\/wp-json\/wp\/v2\/product"}],"about":[{"href":"https:\/\/e.kosmolat.eu\/lt\/wp-json\/wp\/v2\/types\/product"}],"wp:featuredmedia":[{"embeddable":true,"href":"https:\/\/e.kosmolat.eu\/lt\/wp-json\/wp\/v2\/media\/104440"}],"wp:attachment":[{"href":"https:\/\/e.kosmolat.eu\/lt\/wp-json\/wp\/v2\/media?parent=32325"}],"wp:term":[{"taxonomy":"product_cat","embeddable":true,"href":"https:\/\/e.kosmolat.eu\/lt\/wp-json\/wp\/v2\/product_cat?post=32325"},{"taxonomy":"product_tag","embeddable":true,"href":"https:\/\/e.kosmolat.eu\/lt\/wp-json\/wp\/v2\/product_tag?post=32325"}],"curies":[{"name":"wp","href":"https:\/\/api.w.org\/{rel}","templated":true}]}}