{"id":32321,"date":"2023-12-21T16:56:10","date_gmt":"2023-12-21T16:56:10","guid":{"rendered":"https:\/\/e.kosmolat.eu\/product\/dadzu-ella-matiem-100-ml\/"},"modified":"2026-04-23T11:41:42","modified_gmt":"2026-04-23T11:41:42","slug":"dadzu-ella-matiem-100-ml","status":"publish","type":"product","link":"https:\/\/e.kosmolat.eu\/lt\/produktas\/dadzu-ella-matiem-100-ml\/","title":{"rendered":"ELFA PHARM Varnale\u0161u Tikras varnal\u0117\u0161\u0173 aliejus &#8220;Priemon\u0117 \u01601&#8221; (nuo plauk\u0173 slinkimo), 100 ml"},"content":{"rendered":"<p>Lengvai nuplaunamas, prid\u0117ta speciali pipet\u0117, pakanka visam plauk\u0173 stiprinimo kursui.<\/p>\n<p><strong>REKOMENDUOJAMAS: <\/strong>Slenkant plaukams, siekiant pagreitinti plauk\u0173 augim\u0105; plikant, turint pleiskan\u0173, esant sausai odai ir nie\u017euliui; norint atkurti silpno ir pa\u017eeisto plauko strukt\u016br\u0105, turint plonus, praradusius \u017evilges\u012f, trapius su besi&scaron;akojan\u010diais galiukais plaukus.<\/p>\n<p><strong>\u012esp\u0117jimas<\/strong><strong>:<\/strong> sud\u0117tyje yra vitamino A. Prie&scaron; naudojant atsi\u017evelgti \u012f paros doz\u0119.<\/p>\n<p><strong>NAUDOJIMO B\u016aDAS: <\/strong>Pipete tolygiai u\u017etepti aliej\u0173 ant galvos odos ir &scaron;velniais, masa\u017euojan\u010diais judesiais \u012ftrinti aliej\u0173 \u012f plauk\u0173 &scaron;aknis, u\u017edengti galv\u0105 politilenine kepuraite, Po 2-3 valand\u0173 nuplauti &scaron;iltu vandeniu ir &scaron;amp\u016bnu. Profilaktinis naudojimas: kartot\u012f proced\u016br\u0105 1-2 kartus per savait\u0119 2 m\u0117nesi\u0173 b\u0117gyje. Intensyvus kursas: kartoti proced\u016br\u0105 kasdien 3 savai\u010di\u0173 b\u0117gyje. Po 1 m\u0117nesio kurs\u0105 pakartoti.  Netepti ant blakstien\u0173. Aliejui patekus \u012f akies gleivin\u0119 praplauti akis dideliu vandens kiekiu.<\/p>\n<p><strong>LAIKYMO S\u0104LYGOS:<\/strong> nuo +5 &deg; C iki +25 &deg; C.<\/p>\n","protected":false},"excerpt":{"rendered":"<p>Lengvai nuplaunamas, prid\u0117ta speciali pipet\u0117, pakanka visam plauk\u0173 stiprinimo kursui. REKOMENDUOJAMAS: Slenkant plaukams, siekiant pagreitinti plauk\u0173 augim\u0105; plikant, turint pleiskan\u0173, esant sausai odai ir nie\u017euliui; norint atkurti silpno ir pa\u017eeisto plauko strukt\u016br\u0105, turint plonus, praradusius \u017evilges\u012f, trapius su besi&scaron;akojan\u010diais galiukais plaukus. \u012esp\u0117jimas: sud\u0117tyje yra vitamino A. Prie&scaron; naudojant atsi\u017evelgti \u012f paros doz\u0119. NAUDOJIMO B\u016aDAS: Pipete [&#8230;]\n","protected":false},"featured_media":104436,"template":"","meta":[],"product_cat":[1345],"product_tag":[],"class_list":{"0":"post-32321","1":"product","2":"type-product","3":"status-publish","4":"has-post-thumbnail","6":"product_brand-elfa_ua-lt","7":"product_cat-kitos-plauku-prieziuros-priemones","9":"first","10":"outofstock","11":"taxable","12":"shipping-taxable","13":"product-type-simple"},"_links":{"self":[{"href":"https:\/\/e.kosmolat.eu\/lt\/wp-json\/wp\/v2\/product\/32321","targetHints":{"allow":["GET"]}}],"collection":[{"href":"https:\/\/e.kosmolat.eu\/lt\/wp-json\/wp\/v2\/product"}],"about":[{"href":"https:\/\/e.kosmolat.eu\/lt\/wp-json\/wp\/v2\/types\/product"}],"wp:featuredmedia":[{"embeddable":true,"href":"https:\/\/e.kosmolat.eu\/lt\/wp-json\/wp\/v2\/media\/104436"}],"wp:attachment":[{"href":"https:\/\/e.kosmolat.eu\/lt\/wp-json\/wp\/v2\/media?parent=32321"}],"wp:term":[{"taxonomy":"product_cat","embeddable":true,"href":"https:\/\/e.kosmolat.eu\/lt\/wp-json\/wp\/v2\/product_cat?post=32321"},{"taxonomy":"product_tag","embeddable":true,"href":"https:\/\/e.kosmolat.eu\/lt\/wp-json\/wp\/v2\/product_tag?post=32321"}],"curies":[{"name":"wp","href":"https:\/\/api.w.org\/{rel}","templated":true}]}}