{"id":32317,"date":"2023-12-21T16:55:47","date_gmt":"2023-12-21T16:55:47","guid":{"rendered":"https:\/\/e.kosmolat.eu\/product\/za-sampuns-divmaju-natre-normaliem-matiem-350-ml\/"},"modified":"2026-04-03T05:53:26","modified_gmt":"2026-04-03T05:53:26","slug":"gp-sampuns-normaliem-matiem-natre-un-dadzu-ella-350-ml","status":"publish","type":"product","link":"https:\/\/e.kosmolat.eu\/lt\/produktas\/gp-sampuns-normaliem-matiem-natre-un-dadzu-ella-350-ml\/","title":{"rendered":"GREEN PHARMACY \u0160amp\u016bnas Normaliems plaukams Did\u017eioji dilg\u0117l\u0117, 350 ml"},"content":{"rendered":"<p>Efektyviai valo plaukus ir galvos od\u0105, tinka kasdieniniam naudojimui normaliems plaukams. Dilgel\u0117s ekstraktas stiprina plauk\u0173 strukt\u016br\u0105, suteikia blizges\u012f. Pantenolis dr\u0117kina plaukus.<\/p>\n<p><strong>Naudojimo b\u016bdas:<\/strong>&nbsp;U\u017etepti ant dr\u0117gn\u0173 plauk\u0173, &scaron;velniai masa\u017euoti kol suputos, nuplauti vandeniu.<\/p>\n<p><strong>Atsargumo priemon\u0117:&nbsp;<\/strong>Tik i&scaron;oriniam naudojimui. Jei pateko \u012f akis, praplaukite vandeniu.<\/p>\n<p><strong>Laikymo s\u0105lygos:&nbsp;<\/strong>nuo +5 &deg; C iki +25 &deg; C.<\/p>\n","protected":false},"excerpt":{"rendered":"<p>Efektyviai valo plaukus ir galvos od\u0105, tinka kasdieniniam naudojimui normaliems plaukams. Dilgel\u0117s ekstraktas stiprina plauk\u0173 strukt\u016br\u0105, suteikia blizges\u012f. Pantenolis dr\u0117kina plaukus. Naudojimo b\u016bdas:&nbsp;U\u017etepti ant dr\u0117gn\u0173 plauk\u0173, &scaron;velniai masa\u017euoti kol suputos, nuplauti vandeniu. Atsargumo priemon\u0117:&nbsp;Tik i&scaron;oriniam naudojimui. Jei pateko \u012f akis, praplaukite vandeniu. Laikymo s\u0105lygos:&nbsp;nuo +5 &deg; C iki +25 &deg; C.<\/p>\n","protected":false},"featured_media":78938,"template":"","meta":[],"product_cat":[1251],"product_tag":[],"class_list":{"0":"post-32317","1":"product","2":"type-product","3":"status-publish","4":"has-post-thumbnail","6":"product_brand-elfa_ua-lt","7":"product_cat-sampunai","9":"first","10":"instock","11":"taxable","12":"shipping-taxable","13":"product-type-simple"},"_links":{"self":[{"href":"https:\/\/e.kosmolat.eu\/lt\/wp-json\/wp\/v2\/product\/32317","targetHints":{"allow":["GET"]}}],"collection":[{"href":"https:\/\/e.kosmolat.eu\/lt\/wp-json\/wp\/v2\/product"}],"about":[{"href":"https:\/\/e.kosmolat.eu\/lt\/wp-json\/wp\/v2\/types\/product"}],"wp:featuredmedia":[{"embeddable":true,"href":"https:\/\/e.kosmolat.eu\/lt\/wp-json\/wp\/v2\/media\/78938"}],"wp:attachment":[{"href":"https:\/\/e.kosmolat.eu\/lt\/wp-json\/wp\/v2\/media?parent=32317"}],"wp:term":[{"taxonomy":"product_cat","embeddable":true,"href":"https:\/\/e.kosmolat.eu\/lt\/wp-json\/wp\/v2\/product_cat?post=32317"},{"taxonomy":"product_tag","embeddable":true,"href":"https:\/\/e.kosmolat.eu\/lt\/wp-json\/wp\/v2\/product_tag?post=32317"}],"curies":[{"name":"wp","href":"https:\/\/api.w.org\/{rel}","templated":true}]}}