{"id":32313,"date":"2023-12-21T16:55:27","date_gmt":"2023-12-21T16:55:27","guid":{"rendered":"https:\/\/e.kosmolat.eu\/product\/za-kaju-krems-plaisu-sadziedejoss-300-ml\/"},"modified":"2025-09-23T09:21:38","modified_gmt":"2025-09-23T09:21:38","slug":"i_za-kaju-krems-plaisu-sadziedejoss-300-ml","status":"publish","type":"product","link":"https:\/\/e.kosmolat.eu\/lt\/produktas\/i_za-kaju-krems-plaisu-sadziedejoss-300-ml\/","title":{"rendered":"I_ZELENAJA APTEKA Kremas Skilin\u0117jan\u010dioms p\u0117doms (padeda pa\u0161alinti sausas nuospaudas), 300 ml"},"content":{"rendered":"<p>&Scaron;altalankis.<\/p>\n<p>Skirtas sausai, suramb\u0117jusiai, linkusiai skilin\u0117ti odai.<\/p>\n<p>Intensyviai dr\u0117kina, maitina ir mink&scaron;tina net stipriai suramb\u0117jusias sritis, slopina skausmingus poj\u016b\u010dius. Turi atpalaidaijant\u012f poveik\u012f.<\/p>\n<p><strong>Rekomenduojama naudoti:&nbsp;<\/strong>Pavargusiai, sausai, grubiai odai, odai turin\u010diai polink\u012f \u012f nuospaud\u0173 susidarym\u0105, \u012fskilimams ant p\u0117d\u0173.<\/p>\n<p><strong>Naudojimo b\u016bdas: <\/strong>U\u017etepti ant &scaron;varios p\u0117d\u0173 odos ir &scaron;velniai \u012ftrinti. Naudoti vakare.<\/p>\n<p><strong>Laikymo s\u0105lygos: <\/strong>nuo +5 &deg;C iki +25 &deg;C.<\/p>\n","protected":false},"excerpt":{"rendered":"<p>&Scaron;altalankis. Skirtas sausai, suramb\u0117jusiai, linkusiai skilin\u0117ti odai. Intensyviai dr\u0117kina, maitina ir mink&scaron;tina net stipriai suramb\u0117jusias sritis, slopina skausmingus poj\u016b\u010dius. Turi atpalaidaijant\u012f poveik\u012f. Rekomenduojama naudoti:&nbsp;Pavargusiai, sausai, grubiai odai, odai turin\u010diai polink\u012f \u012f nuospaud\u0173 susidarym\u0105, \u012fskilimams ant p\u0117d\u0173. Naudojimo b\u016bdas: U\u017etepti ant &scaron;varios p\u0117d\u0173 odos ir &scaron;velniai \u012ftrinti. Naudoti vakare. Laikymo s\u0105lygos: nuo +5 &deg;C iki +25 [&#8230;]\n","protected":false},"featured_media":78886,"template":"","meta":[],"product_cat":[1304],"product_tag":[],"class_list":{"0":"post-32313","1":"product","2":"type-product","3":"status-publish","4":"has-post-thumbnail","6":"product_brand-elfa_ua-lt","7":"product_cat-ranku-prieziuros-kosmetika","9":"first","10":"outofstock","11":"taxable","12":"shipping-taxable","13":"product-type-simple"},"_links":{"self":[{"href":"https:\/\/e.kosmolat.eu\/lt\/wp-json\/wp\/v2\/product\/32313","targetHints":{"allow":["GET"]}}],"collection":[{"href":"https:\/\/e.kosmolat.eu\/lt\/wp-json\/wp\/v2\/product"}],"about":[{"href":"https:\/\/e.kosmolat.eu\/lt\/wp-json\/wp\/v2\/types\/product"}],"wp:featuredmedia":[{"embeddable":true,"href":"https:\/\/e.kosmolat.eu\/lt\/wp-json\/wp\/v2\/media\/78886"}],"wp:attachment":[{"href":"https:\/\/e.kosmolat.eu\/lt\/wp-json\/wp\/v2\/media?parent=32313"}],"wp:term":[{"taxonomy":"product_cat","embeddable":true,"href":"https:\/\/e.kosmolat.eu\/lt\/wp-json\/wp\/v2\/product_cat?post=32313"},{"taxonomy":"product_tag","embeddable":true,"href":"https:\/\/e.kosmolat.eu\/lt\/wp-json\/wp\/v2\/product_tag?post=32313"}],"curies":[{"name":"wp","href":"https:\/\/api.w.org\/{rel}","templated":true}]}}