{"id":32305,"date":"2023-12-21T16:54:44","date_gmt":"2023-12-21T16:54:44","guid":{"rendered":"https:\/\/e.kosmolat.eu\/product\/za-roku-un-nagu-krems-alveja-100-ml\/"},"modified":"2026-04-24T07:33:08","modified_gmt":"2026-04-24T07:33:08","slug":"gp-roku-un-nagu-krems-alveja-un-avokado-ella-100-ml","status":"publish","type":"product","link":"https:\/\/e.kosmolat.eu\/lt\/produktas\/gp-roku-un-nagu-krems-alveja-un-avokado-ella-100-ml\/","title":{"rendered":"GREEN PHARMACY Kremas rankoms ir nagams Alavijas ir avokad\u0173 aliejus, 100 ml"},"content":{"rendered":"<p>Sud\u0117tyje esan\u010di\u0173 aliej\u0173 d\u0117ka dr\u0117kina, mink\u0161tina ir r\u016bpinasi oda.<br \/>\nNaudojimo b\u016bdas: lengvais masa\u017euojamaisiais judesiais tepkite ant \u0161varios, sausos rank\u0173 odos ir nag\u0173.<br \/>\nAtsargumo priemon\u0117s: padid\u0117j\u0119s individualus jautrumas atskiriems komponentams.<br \/>\nLaikymo temperat\u016bra: laikyti nuo +5\u00b0C iki +25\u00b0C temperat\u016broje.<br \/>\nGeriausias: 30 m\u0117nesi\u0173 nuo pagaminimo datos.<\/p>\n","protected":false},"excerpt":{"rendered":"<p>Sud\u0117tyje esan\u010di\u0173 aliej\u0173 d\u0117ka dr\u0117kina, mink\u0161tina ir r\u016bpinasi oda. Naudojimo b\u016bdas: lengvais masa\u017euojamaisiais judesiais tepkite ant \u0161varios, sausos rank\u0173 odos ir nag\u0173. Atsargumo priemon\u0117s: padid\u0117j\u0119s individualus jautrumas atskiriems komponentams. Laikymo temperat\u016bra: laikyti nuo +5\u00b0C iki +25\u00b0C temperat\u016broje. Geriausias: 30 m\u0117nesi\u0173 nuo pagaminimo datos.<\/p>\n","protected":false},"featured_media":78866,"template":"","meta":[],"product_cat":[1304],"product_tag":[],"class_list":{"0":"post-32305","1":"product","2":"type-product","3":"status-publish","4":"has-post-thumbnail","6":"product_brand-elfa_ua-lt","7":"product_cat-ranku-prieziuros-kosmetika","9":"first","10":"instock","11":"taxable","12":"shipping-taxable","13":"product-type-simple"},"_links":{"self":[{"href":"https:\/\/e.kosmolat.eu\/lt\/wp-json\/wp\/v2\/product\/32305","targetHints":{"allow":["GET"]}}],"collection":[{"href":"https:\/\/e.kosmolat.eu\/lt\/wp-json\/wp\/v2\/product"}],"about":[{"href":"https:\/\/e.kosmolat.eu\/lt\/wp-json\/wp\/v2\/types\/product"}],"wp:featuredmedia":[{"embeddable":true,"href":"https:\/\/e.kosmolat.eu\/lt\/wp-json\/wp\/v2\/media\/78866"}],"wp:attachment":[{"href":"https:\/\/e.kosmolat.eu\/lt\/wp-json\/wp\/v2\/media?parent=32305"}],"wp:term":[{"taxonomy":"product_cat","embeddable":true,"href":"https:\/\/e.kosmolat.eu\/lt\/wp-json\/wp\/v2\/product_cat?post=32305"},{"taxonomy":"product_tag","embeddable":true,"href":"https:\/\/e.kosmolat.eu\/lt\/wp-json\/wp\/v2\/product_tag?post=32305"}],"curies":[{"name":"wp","href":"https:\/\/api.w.org\/{rel}","templated":true}]}}