{"id":32301,"date":"2023-12-21T16:54:23","date_gmt":"2023-12-21T16:54:23","guid":{"rendered":"https:\/\/e.kosmolat.eu\/product\/za-roku-un-nagu-krems-kumelite-100-ml\/"},"modified":"2026-05-08T15:29:45","modified_gmt":"2026-05-08T15:29:45","slug":"gp-roku-un-nagu-krems-kumelite-un-lins-ella-100-ml","status":"publish","type":"product","link":"https:\/\/e.kosmolat.eu\/lt\/produktas\/gp-roku-un-nagu-krems-kumelite-un-lins-ella-100-ml\/","title":{"rendered":"GREEN PHARMACY Kremas rankoms ir nagams Ramun\u0117l\u0117, 100 ml"},"content":{"rendered":"<p>Atnaujinantis, raminantis.<\/p>\n<p>Sumink\u0161tina ir ramina od\u0105. Kremas turi stipr\u0173 antiseptin\u012f poveik\u012f, ma\u017eina sudirginim\u0105, tonizuoja ir maitina pavargusi\u0105 od\u0105. Aktyvuoja odos l\u0105steli\u0173 regeneracij\u0105, l\u0117tina oksidacijos procesus ir apsaugo nuo rauk\u0161li\u0173. Ramin\u0105 epiderm\u012f, suma\u017eina polink\u012f \u012f paraudim\u0105. Stiprina nago plok\u0161tel\u0117s strukt\u016br\u0105 u\u017ekirsdamas keli\u0105 l\u016b\u017ein\u0117jimui ir sluoksniavimuisi. Priemon\u0117 veikia greitai ir patikimai: puikiai \u012fsigeria ir yra greitai \u012fsisavinama.<\/p>\n<p>NAUDOJIMO B\u016aDAS: U\u017etepti \u0161velniais masa\u017einiais judesiais ant \u0161varios, sausos odos.<\/p>\n<p>LAIKYMO S\u0104LYGOS: nuo +5 \u00b0 C iki +25 \u00b0 C.<\/p>\n","protected":false},"excerpt":{"rendered":"<p>Atnaujinantis, raminantis. Sumink\u0161tina ir ramina od\u0105. Kremas turi stipr\u0173 antiseptin\u012f poveik\u012f, ma\u017eina sudirginim\u0105, tonizuoja ir maitina pavargusi\u0105 od\u0105. Aktyvuoja odos l\u0105steli\u0173 regeneracij\u0105, l\u0117tina oksidacijos procesus ir apsaugo nuo rauk\u0161li\u0173. Ramin\u0105 epiderm\u012f, suma\u017eina polink\u012f \u012f paraudim\u0105. Stiprina nago plok\u0161tel\u0117s strukt\u016br\u0105 u\u017ekirsdamas keli\u0105 l\u016b\u017ein\u0117jimui ir sluoksniavimuisi. Priemon\u0117 veikia greitai ir patikimai: puikiai \u012fsigeria ir yra greitai \u012fsisavinama. [&#8230;]\n","protected":false},"featured_media":104392,"template":"","meta":[],"product_cat":[1304],"product_tag":[],"class_list":{"0":"post-32301","1":"product","2":"type-product","3":"status-publish","4":"has-post-thumbnail","6":"product_brand-elfa_ua-lt","7":"product_cat-ranku-prieziuros-kosmetika","9":"first","10":"instock","11":"taxable","12":"shipping-taxable","13":"product-type-simple"},"_links":{"self":[{"href":"https:\/\/e.kosmolat.eu\/lt\/wp-json\/wp\/v2\/product\/32301","targetHints":{"allow":["GET"]}}],"collection":[{"href":"https:\/\/e.kosmolat.eu\/lt\/wp-json\/wp\/v2\/product"}],"about":[{"href":"https:\/\/e.kosmolat.eu\/lt\/wp-json\/wp\/v2\/types\/product"}],"wp:featuredmedia":[{"embeddable":true,"href":"https:\/\/e.kosmolat.eu\/lt\/wp-json\/wp\/v2\/media\/104392"}],"wp:attachment":[{"href":"https:\/\/e.kosmolat.eu\/lt\/wp-json\/wp\/v2\/media?parent=32301"}],"wp:term":[{"taxonomy":"product_cat","embeddable":true,"href":"https:\/\/e.kosmolat.eu\/lt\/wp-json\/wp\/v2\/product_cat?post=32301"},{"taxonomy":"product_tag","embeddable":true,"href":"https:\/\/e.kosmolat.eu\/lt\/wp-json\/wp\/v2\/product_tag?post=32301"}],"curies":[{"name":"wp","href":"https:\/\/api.w.org\/{rel}","templated":true}]}}