{"id":32297,"date":"2023-12-21T16:54:02","date_gmt":"2023-12-21T16:54:02","guid":{"rendered":"https:\/\/e.kosmolat.eu\/product\/za-sejas-skrubis-medus-kafijas-75-ml\/"},"modified":"2025-09-19T15:34:00","modified_gmt":"2025-09-19T15:34:00","slug":"i_za-sejas-skrubis-medus-kafijas-75-ml","status":"publish","type":"product","link":"https:\/\/e.kosmolat.eu\/lt\/produktas\/i_za-sejas-skrubis-medus-kafijas-75-ml\/","title":{"rendered":"I_ZA Veido \u0161veitiklis Medus-Kava"},"content":{"rendered":"<p>\u0160velniai pa\u0161alina negyvas l\u0105steles, pagrind\u0105 sudaro abrikos\u0173 kauliuk\u0173 pudra. \u0160velniai masa\u017euoja, suteikia odai lygi\u0105 spalv\u0105.<br \/>\nKavos ir medaus ekstraktai maitina ir mink\u0161tina od\u0105, atkuria jos elastingum\u0105 ir stangrum\u0105.<br \/>\nNAUDOJIMO B\u016aDAS: U\u017etepkite ant \u0161varios dr\u0117gnos odos ir 2-3 min. pamasa\u017euokite, tada nuplaukite \u0161iltu vandeniu. Naudoti 1-2 kartus per savait\u0119.<\/p>\n<p>ATSARGUMO PRIEMON\u0116S: Skirtas tik i\u0161oriniam naudojimui. Jei pateko \u012f akis, praplaukite dideliu kiekiu vandens.<\/p>\n<p>LAIKYMO S\u0104LYGOS: nuo +5 \u00b0 C iki +25 \u00b0 C.<\/p>\n","protected":false},"excerpt":{"rendered":"<p>\u0160velniai pa\u0161alina negyvas l\u0105steles, pagrind\u0105 sudaro abrikos\u0173 kauliuk\u0173 pudra. \u0160velniai masa\u017euoja, suteikia odai lygi\u0105 spalv\u0105. Kavos ir medaus ekstraktai maitina ir mink\u0161tina od\u0105, atkuria jos elastingum\u0105 ir stangrum\u0105. NAUDOJIMO B\u016aDAS: U\u017etepkite ant \u0161varios dr\u0117gnos odos ir 2-3 min. pamasa\u017euokite, tada nuplaukite \u0161iltu vandeniu. Naudoti 1-2 kartus per savait\u0119. ATSARGUMO PRIEMON\u0116S: Skirtas tik i\u0161oriniam naudojimui. Jei [&#8230;]\n","protected":false},"featured_media":78858,"template":"","meta":[],"product_cat":[1396],"product_tag":[],"class_list":{"0":"post-32297","1":"product","2":"type-product","3":"status-publish","4":"has-post-thumbnail","6":"product_brand-elfa_ua-lt","7":"product_cat-veido-sveitikliai-ir-pilingai","9":"first","10":"outofstock","11":"taxable","12":"shipping-taxable","13":"product-type-simple"},"_links":{"self":[{"href":"https:\/\/e.kosmolat.eu\/lt\/wp-json\/wp\/v2\/product\/32297","targetHints":{"allow":["GET"]}}],"collection":[{"href":"https:\/\/e.kosmolat.eu\/lt\/wp-json\/wp\/v2\/product"}],"about":[{"href":"https:\/\/e.kosmolat.eu\/lt\/wp-json\/wp\/v2\/types\/product"}],"wp:featuredmedia":[{"embeddable":true,"href":"https:\/\/e.kosmolat.eu\/lt\/wp-json\/wp\/v2\/media\/78858"}],"wp:attachment":[{"href":"https:\/\/e.kosmolat.eu\/lt\/wp-json\/wp\/v2\/media?parent=32297"}],"wp:term":[{"taxonomy":"product_cat","embeddable":true,"href":"https:\/\/e.kosmolat.eu\/lt\/wp-json\/wp\/v2\/product_cat?post=32297"},{"taxonomy":"product_tag","embeddable":true,"href":"https:\/\/e.kosmolat.eu\/lt\/wp-json\/wp\/v2\/product_tag?post=32297"}],"curies":[{"name":"wp","href":"https:\/\/api.w.org\/{rel}","templated":true}]}}