{"id":32293,"date":"2023-12-21T16:53:43","date_gmt":"2023-12-21T16:53:43","guid":{"rendered":"https:\/\/e.kosmolat.eu\/product\/za-maigas-intimas-ziepes-tejas-koks-antibakterialas-370-ml\/"},"modified":"2026-04-22T09:56:14","modified_gmt":"2026-04-22T09:56:14","slug":"gp-maiga-zel-intimai-hig-tejas-koks-370-ml","status":"publish","type":"product","link":"https:\/\/e.kosmolat.eu\/lt\/produktas\/gp-maiga-zel-intimai-hig-tejas-koks-370-ml\/","title":{"rendered":"GREEN PHARMACY Intymios higienos muilas Arbatmedis, 370 ml"},"content":{"rendered":"<p>Skirtas delika\u010diam intymi\u0173 viet\u0173 gleivin\u0117s  prausimui, prisideda prie normalios mikrofloros i\u0161saugojimo. Subalansuota muilo sud\u0117tis atsi\u017evelgia \u012f fiziologines intymi\u0173 viet\u0173 ypatybes, nesausina odos.  Suteikia ilgalaik\u012f komforto, gaivos ir \u0161varos poj\u016bt\u012f. Rekomenduojamas kasdieniniam naudojimui. Arbatmed\u017ei\u0173 aliejus saugo od\u0105, turi antiseptin\u012f poveik\u012f. Pantenolis ir alantoinas mink\u0161tina ir dr\u0117kina od\u0105. Dermatologi\u0161kai patikrintas.<\/p>\n<p>Naudojimas: tepkite ant intymi\u0173 k\u016bno viet\u0173, nuplaukite vandeniu.<br \/>\nAtsargumo priemon\u0117s: padid\u0117j\u0119s individualus jautrumas atskiriems komponentams.<\/p>\n<p>Laikymo temperat\u016bra: laikyti nuo +5\u00b0C iki +25\u00b0C temperat\u016broje.<br \/>\nGeriausias: 30 m\u0117nesi\u0173 nuo pagaminimo datos.<\/p>\n","protected":false},"excerpt":{"rendered":"<p>Skirtas delika\u010diam intymi\u0173 viet\u0173 gleivin\u0117s prausimui, prisideda prie normalios mikrofloros i\u0161saugojimo. Subalansuota muilo sud\u0117tis atsi\u017evelgia \u012f fiziologines intymi\u0173 viet\u0173 ypatybes, nesausina odos. Suteikia ilgalaik\u012f komforto, gaivos ir \u0161varos poj\u016bt\u012f. Rekomenduojamas kasdieniniam naudojimui. Arbatmed\u017ei\u0173 aliejus saugo od\u0105, turi antiseptin\u012f poveik\u012f. Pantenolis ir alantoinas mink\u0161tina ir dr\u0117kina od\u0105. Dermatologi\u0161kai patikrintas. Naudojimas: tepkite ant intymi\u0173 k\u016bno viet\u0173, nuplaukite [&#8230;]\n","protected":false},"featured_media":78910,"template":"","meta":[],"product_cat":[2181],"product_tag":[],"class_list":{"0":"post-32293","1":"product","2":"type-product","3":"status-publish","4":"has-post-thumbnail","6":"product_brand-elfa_ua-lt","7":"product_cat-bez-kategorijas-lt","9":"first","10":"instock","11":"taxable","12":"shipping-taxable","13":"product-type-simple"},"_links":{"self":[{"href":"https:\/\/e.kosmolat.eu\/lt\/wp-json\/wp\/v2\/product\/32293","targetHints":{"allow":["GET"]}}],"collection":[{"href":"https:\/\/e.kosmolat.eu\/lt\/wp-json\/wp\/v2\/product"}],"about":[{"href":"https:\/\/e.kosmolat.eu\/lt\/wp-json\/wp\/v2\/types\/product"}],"wp:featuredmedia":[{"embeddable":true,"href":"https:\/\/e.kosmolat.eu\/lt\/wp-json\/wp\/v2\/media\/78910"}],"wp:attachment":[{"href":"https:\/\/e.kosmolat.eu\/lt\/wp-json\/wp\/v2\/media?parent=32293"}],"wp:term":[{"taxonomy":"product_cat","embeddable":true,"href":"https:\/\/e.kosmolat.eu\/lt\/wp-json\/wp\/v2\/product_cat?post=32293"},{"taxonomy":"product_tag","embeddable":true,"href":"https:\/\/e.kosmolat.eu\/lt\/wp-json\/wp\/v2\/product_tag?post=32293"}],"curies":[{"name":"wp","href":"https:\/\/api.w.org\/{rel}","templated":true}]}}