{"id":32289,"date":"2023-12-21T16:53:20","date_gmt":"2023-12-21T16:53:20","guid":{"rendered":"https:\/\/e.kosmolat.eu\/product\/za-maigs-mazg-gels-salvija-adai-ar-tendenci-uz-izsitumu-veidosanos-270-ml\/"},"modified":"2026-04-21T09:36:20","modified_gmt":"2026-04-21T09:36:20","slug":"gp-maiga-sejaz-mazg-zeleja-salvija-un-vinogu-ella-270-ml","status":"publish","type":"product","link":"https:\/\/e.kosmolat.eu\/lt\/produktas\/gp-maiga-sejaz-mazg-zeleja-salvija-un-vinogu-ella-270-ml\/","title":{"rendered":"GREEN PHARMACY \u0160velnus gelis prausiklis \u0160alavijas"},"content":{"rendered":"<p>Ramina sudirgusi\u0105 od\u0105. Kasdieniam makija\u017eo,negyv\u0173 odos l\u0105steli\u0173 ir kit\u0173 ne\u0161varum\u0173 valymui nuo linkusios \u012f i\u0161b\u0117rimus odos.Gelis regeneruoja, \u0161velnina ir nuramina od\u0105. Ned\u017eiovina ir nesutraukia,lengvai putoja.<\/p>\n<p>NAUDOJIMAS: U\u017etepti ant dr\u0117gnos odos, nuplauti vandeniu.<\/p>\n","protected":false},"excerpt":{"rendered":"<p>Ramina sudirgusi\u0105 od\u0105. Kasdieniam makija\u017eo,negyv\u0173 odos l\u0105steli\u0173 ir kit\u0173 ne\u0161varum\u0173 valymui nuo linkusios \u012f i\u0161b\u0117rimus odos.Gelis regeneruoja, \u0161velnina ir nuramina od\u0105. Ned\u017eiovina ir nesutraukia,lengvai putoja. NAUDOJIMAS: U\u017etepti ant dr\u0117gnos odos, nuplauti vandeniu.<\/p>\n","protected":false},"featured_media":104408,"template":"","meta":[],"product_cat":[2181],"product_tag":[],"class_list":{"0":"post-32289","1":"product","2":"type-product","3":"status-publish","4":"has-post-thumbnail","6":"product_brand-elfa_ua-lt","7":"product_cat-bez-kategorijas-lt","9":"first","10":"instock","11":"taxable","12":"shipping-taxable","13":"product-type-simple"},"_links":{"self":[{"href":"https:\/\/e.kosmolat.eu\/lt\/wp-json\/wp\/v2\/product\/32289","targetHints":{"allow":["GET"]}}],"collection":[{"href":"https:\/\/e.kosmolat.eu\/lt\/wp-json\/wp\/v2\/product"}],"about":[{"href":"https:\/\/e.kosmolat.eu\/lt\/wp-json\/wp\/v2\/types\/product"}],"wp:featuredmedia":[{"embeddable":true,"href":"https:\/\/e.kosmolat.eu\/lt\/wp-json\/wp\/v2\/media\/104408"}],"wp:attachment":[{"href":"https:\/\/e.kosmolat.eu\/lt\/wp-json\/wp\/v2\/media?parent=32289"}],"wp:term":[{"taxonomy":"product_cat","embeddable":true,"href":"https:\/\/e.kosmolat.eu\/lt\/wp-json\/wp\/v2\/product_cat?post=32289"},{"taxonomy":"product_tag","embeddable":true,"href":"https:\/\/e.kosmolat.eu\/lt\/wp-json\/wp\/v2\/product_tag?post=32289"}],"curies":[{"name":"wp","href":"https:\/\/api.w.org\/{rel}","templated":true}]}}