{"id":32285,"date":"2023-12-21T16:53:01","date_gmt":"2023-12-21T16:53:01","guid":{"rendered":"https:\/\/e.kosmolat.eu\/product\/za-putas-mazgasanai-atsvaidzinosas-150-ml\/"},"modified":"2026-04-23T09:22:31","modified_gmt":"2026-04-23T09:22:31","slug":"gp-atsvaidz-sej-mazg-putas-jutigai-adai-150-ml","status":"publish","type":"product","link":"https:\/\/e.kosmolat.eu\/lt\/produktas\/gp-atsvaidz-sej-mazg-putas-jutigai-adai-150-ml\/","title":{"rendered":"GREEN PHARMCY Prausimosi putos skirtos Gaivinan\u010dios, 150 ml"},"content":{"rendered":"<p>Tonizuoja, ramina. Pieno proteinai, lotosas.<\/p>\n<p>Pa&scaron;alina stres\u0105 ir nuovarg\u012f. Sud\u0117tyje yra nauding\u0173 med\u017eiag\u0173, kurios i&scaron;saugo odoje dr\u0117gm\u0119. Mink&scaron;tina, pri\u017ei\u016bri apsaugin\u012f odos barjer\u0105 ir skatina l\u0105steli\u0173 atsinaujinim\u0105. Ned\u017eiovina, nesutraukia, paruo&scaron;ia tolimesnei prie\u017ei\u016brai. Neutralizuoja neigiam\u0105 vandentiekio vandens poveik\u012f.<\/p>\n<p><strong>Naudojimo b\u016bdas:<\/strong>&nbsp;U\u017etepti ant dr\u0117gnos odos, nuplauti vandeniu.<\/p>\n<p><strong>Laikymo s\u0105lygos:<\/strong> nuo +5 &deg;C iki +25 &deg;C.<\/p>\n","protected":false},"excerpt":{"rendered":"<p>Tonizuoja, ramina. Pieno proteinai, lotosas. Pa&scaron;alina stres\u0105 ir nuovarg\u012f. Sud\u0117tyje yra nauding\u0173 med\u017eiag\u0173, kurios i&scaron;saugo odoje dr\u0117gm\u0119. Mink&scaron;tina, pri\u017ei\u016bri apsaugin\u012f odos barjer\u0105 ir skatina l\u0105steli\u0173 atsinaujinim\u0105. Ned\u017eiovina, nesutraukia, paruo&scaron;ia tolimesnei prie\u017ei\u016brai. Neutralizuoja neigiam\u0105 vandentiekio vandens poveik\u012f. Naudojimo b\u016bdas:&nbsp;U\u017etepti ant dr\u0117gnos odos, nuplauti vandeniu. Laikymo s\u0105lygos: nuo +5 &deg;C iki +25 &deg;C.<\/p>\n","protected":false},"featured_media":78894,"template":"","meta":[],"product_cat":[2181],"product_tag":[],"class_list":{"0":"post-32285","1":"product","2":"type-product","3":"status-publish","4":"has-post-thumbnail","6":"product_brand-elfa_ua-lt","7":"product_cat-bez-kategorijas-lt","9":"first","10":"instock","11":"taxable","12":"shipping-taxable","13":"product-type-simple"},"_links":{"self":[{"href":"https:\/\/e.kosmolat.eu\/lt\/wp-json\/wp\/v2\/product\/32285","targetHints":{"allow":["GET"]}}],"collection":[{"href":"https:\/\/e.kosmolat.eu\/lt\/wp-json\/wp\/v2\/product"}],"about":[{"href":"https:\/\/e.kosmolat.eu\/lt\/wp-json\/wp\/v2\/types\/product"}],"wp:featuredmedia":[{"embeddable":true,"href":"https:\/\/e.kosmolat.eu\/lt\/wp-json\/wp\/v2\/media\/78894"}],"wp:attachment":[{"href":"https:\/\/e.kosmolat.eu\/lt\/wp-json\/wp\/v2\/media?parent=32285"}],"wp:term":[{"taxonomy":"product_cat","embeddable":true,"href":"https:\/\/e.kosmolat.eu\/lt\/wp-json\/wp\/v2\/product_cat?post=32285"},{"taxonomy":"product_tag","embeddable":true,"href":"https:\/\/e.kosmolat.eu\/lt\/wp-json\/wp\/v2\/product_tag?post=32285"}],"curies":[{"name":"wp","href":"https:\/\/api.w.org\/{rel}","templated":true}]}}