{"id":32281,"date":"2023-12-21T16:52:42","date_gmt":"2023-12-21T16:52:42","guid":{"rendered":"https:\/\/e.kosmolat.eu\/product\/za-putas-mazgasanai-tonizejosas-150-ml\/"},"modified":"2026-04-01T11:06:26","modified_gmt":"2026-04-01T11:06:26","slug":"gp-energ-sej-mazg-putas-tauk-un-norm-adai-150-ml","status":"publish","type":"product","link":"https:\/\/e.kosmolat.eu\/lt\/produktas\/gp-energ-sej-mazg-putas-tauk-un-norm-adai-150-ml\/","title":{"rendered":"GREEN PHARMACY Putos prausimui Tonizuojan\u010dios (skirtos riebios ir normalios odos)"},"content":{"rendered":"<p>Valo, gaivina.<\/p>\n<p>Pieno proteinai, petra\u017eol\u0117s.<\/p>\n<p>Oda tampa \u0161vari, gaivi ir aksomin\u0117. Mink\u0161tina, maitina ir gerina vir\u0161utini\u0173 epidermio sluoksni\u0173 elastingum\u0105. I\u0161saugo  apsaugin\u012f odos barjer\u0105 ir apsaugo nuo dr\u0117gm\u0117s praradimo. Puiki priemon\u0117 odos prausimui.<\/p>\n<p>NAUDOJIMO B\u016aDAS: U\u017etepti ant dr\u0117gnos odos, nuplauti vandeniu.<\/p>\n<p>LAIKYMO S\u0104LYGOS: nuo +5 \u00b0 C iki +25 \u00b0 C.<\/p>\n","protected":false},"excerpt":{"rendered":"<p>Valo, gaivina. Pieno proteinai, petra\u017eol\u0117s. Oda tampa \u0161vari, gaivi ir aksomin\u0117. Mink\u0161tina, maitina ir gerina vir\u0161utini\u0173 epidermio sluoksni\u0173 elastingum\u0105. I\u0161saugo apsaugin\u012f odos barjer\u0105 ir apsaugo nuo dr\u0117gm\u0117s praradimo. Puiki priemon\u0117 odos prausimui. NAUDOJIMO B\u016aDAS: U\u017etepti ant dr\u0117gnos odos, nuplauti vandeniu. LAIKYMO S\u0104LYGOS: nuo +5 \u00b0 C iki +25 \u00b0 C.<\/p>\n","protected":false},"featured_media":78890,"template":"","meta":[],"product_cat":[1835],"product_tag":[],"class_list":{"0":"post-32281","1":"product","2":"type-product","3":"status-publish","4":"has-post-thumbnail","6":"product_brand-elfa_ua-lt","7":"product_cat-prausimosi-putos","9":"first","10":"instock","11":"taxable","12":"shipping-taxable","13":"product-type-simple"},"_links":{"self":[{"href":"https:\/\/e.kosmolat.eu\/lt\/wp-json\/wp\/v2\/product\/32281","targetHints":{"allow":["GET"]}}],"collection":[{"href":"https:\/\/e.kosmolat.eu\/lt\/wp-json\/wp\/v2\/product"}],"about":[{"href":"https:\/\/e.kosmolat.eu\/lt\/wp-json\/wp\/v2\/types\/product"}],"wp:featuredmedia":[{"embeddable":true,"href":"https:\/\/e.kosmolat.eu\/lt\/wp-json\/wp\/v2\/media\/78890"}],"wp:attachment":[{"href":"https:\/\/e.kosmolat.eu\/lt\/wp-json\/wp\/v2\/media?parent=32281"}],"wp:term":[{"taxonomy":"product_cat","embeddable":true,"href":"https:\/\/e.kosmolat.eu\/lt\/wp-json\/wp\/v2\/product_cat?post=32281"},{"taxonomy":"product_tag","embeddable":true,"href":"https:\/\/e.kosmolat.eu\/lt\/wp-json\/wp\/v2\/product_tag?post=32281"}],"curies":[{"name":"wp","href":"https:\/\/api.w.org\/{rel}","templated":true}]}}