{"id":32277,"date":"2023-12-21T16:52:22","date_gmt":"2023-12-21T16:52:22","guid":{"rendered":"https:\/\/e.kosmolat.eu\/product\/za-sejas-krems-kviesu-digsti-200-ml\/"},"modified":"2026-05-08T21:06:19","modified_gmt":"2026-05-08T21:06:19","slug":"gp-sejas-krems-kviesu-digli-200-ml","status":"publish","type":"product","link":"https:\/\/e.kosmolat.eu\/lt\/produktas\/gp-sejas-krems-kviesu-digli-200-ml\/","title":{"rendered":"GREEN PHARMACY Veido kremas nuo rauk\u0161li\u0173 Kvie\u010di\u0173 daigai, 200 ml"},"content":{"rendered":"<p>Tinka vis\u0173 tip\u0173 odai. Atstato odos stangrum\u0105 ir elastingum\u0105, pagerina jos spalv\u0105. Stiprina l\u0105steli\u0173 apsaug\u0105, u\u017ekerta keli\u0105 nauj\u0173 rauk\u0161li\u0173 atsiradimui. Idealiai dr\u0117kina od\u0105, prisotina j\u0105 maistingosiomis med\u017eiagomis, efektyviai naikina nuovargio p\u0117dsakus. I\u0161lygina esan\u010dias rauk\u0161les.<\/p>\n<p>Sud\u0117tyje yra vitamino A. Prie\u0161 naudojant atsi\u017evelgti \u012f paros doze.<\/p>\n<p>Naudojimo b\u016bdas: U\u017etepti ant \u0161varios veido ir kaklo odos.<\/p>\n<p>Laikymo s\u0105lygos: nuo +5 \u00b0 C iki +25 C \u00b0.<\/p>\n","protected":false},"excerpt":{"rendered":"<p>Tinka vis\u0173 tip\u0173 odai. Atstato odos stangrum\u0105 ir elastingum\u0105, pagerina jos spalv\u0105. Stiprina l\u0105steli\u0173 apsaug\u0105, u\u017ekerta keli\u0105 nauj\u0173 rauk\u0161li\u0173 atsiradimui. Idealiai dr\u0117kina od\u0105, prisotina j\u0105 maistingosiomis med\u017eiagomis, efektyviai naikina nuovargio p\u0117dsakus. I\u0161lygina esan\u010dias rauk\u0161les. Sud\u0117tyje yra vitamino A. Prie\u0161 naudojant atsi\u017evelgti \u012f paros doze. Naudojimo b\u016bdas: U\u017etepti ant \u0161varios veido ir kaklo odos. Laikymo s\u0105lygos: [&#8230;]\n","protected":false},"featured_media":104384,"template":"","meta":[],"product_cat":[1322],"product_tag":[],"class_list":{"0":"post-32277","1":"product","2":"type-product","3":"status-publish","4":"has-post-thumbnail","6":"product_brand-elfa_ua-lt","7":"product_cat-veido-kremai","9":"first","10":"instock","11":"taxable","12":"shipping-taxable","13":"product-type-simple"},"_links":{"self":[{"href":"https:\/\/e.kosmolat.eu\/lt\/wp-json\/wp\/v2\/product\/32277","targetHints":{"allow":["GET"]}}],"collection":[{"href":"https:\/\/e.kosmolat.eu\/lt\/wp-json\/wp\/v2\/product"}],"about":[{"href":"https:\/\/e.kosmolat.eu\/lt\/wp-json\/wp\/v2\/types\/product"}],"wp:featuredmedia":[{"embeddable":true,"href":"https:\/\/e.kosmolat.eu\/lt\/wp-json\/wp\/v2\/media\/104384"}],"wp:attachment":[{"href":"https:\/\/e.kosmolat.eu\/lt\/wp-json\/wp\/v2\/media?parent=32277"}],"wp:term":[{"taxonomy":"product_cat","embeddable":true,"href":"https:\/\/e.kosmolat.eu\/lt\/wp-json\/wp\/v2\/product_cat?post=32277"},{"taxonomy":"product_tag","embeddable":true,"href":"https:\/\/e.kosmolat.eu\/lt\/wp-json\/wp\/v2\/product_tag?post=32277"}],"curies":[{"name":"wp","href":"https:\/\/api.w.org\/{rel}","templated":true}]}}