{"id":32273,"date":"2023-12-21T16:52:00","date_gmt":"2023-12-21T16:52:00","guid":{"rendered":"https:\/\/e.kosmolat.eu\/product\/za-sejas-krems-kazas-piens-200-ml\/"},"modified":"2026-04-21T10:00:03","modified_gmt":"2026-04-21T10:00:03","slug":"gp-pretnovec-sejas-krems-kazas-piens-200-ml","status":"publish","type":"product","link":"https:\/\/e.kosmolat.eu\/lt\/produktas\/gp-pretnovec-sejas-krems-kazas-piens-200-ml\/","title":{"rendered":"GREEN PHARMACY Jauninantis veido kremas O\u017ekos pienas, 200 ml"},"content":{"rendered":"<p>Tinka vis\u0173 tip\u0173 odai. Jauninantis kremas skirtas sen\u0117jan\u010dios odos funkcij\u0173 aktyvizavimui. Skatina lengv\u0105 maistung\u0173j\u0173 med\u017eiag\u0173 \u012fsisavinim\u0105. Stimuliuoja odos regeneracij\u0105, prisotina j\u0105 dr\u0117gme ir maistingomis med\u017eiagomis. U\u017etikrina intensyv\u0173 odos atinaujinim\u0105, pripildo l\u0105steles energija. Kremas gaivina od\u0105.<\/p>\n<p><strong>Naudojimo b\u016bdas:&nbsp;<\/strong>U\u017etepti ant &scaron;varios veido ir kaklo odos.<\/p>\n<p><strong>Laikymo s\u0105lygos:<\/strong> nuo +5 &deg; C iki +25 &deg; C.<\/p>\n","protected":false},"excerpt":{"rendered":"<p>Tinka vis\u0173 tip\u0173 odai. Jauninantis kremas skirtas sen\u0117jan\u010dios odos funkcij\u0173 aktyvizavimui. Skatina lengv\u0105 maistung\u0173j\u0173 med\u017eiag\u0173 \u012fsisavinim\u0105. Stimuliuoja odos regeneracij\u0105, prisotina j\u0105 dr\u0117gme ir maistingomis med\u017eiagomis. U\u017etikrina intensyv\u0173 odos atinaujinim\u0105, pripildo l\u0105steles energija. Kremas gaivina od\u0105. Naudojimo b\u016bdas:&nbsp;U\u017etepti ant &scaron;varios veido ir kaklo odos. Laikymo s\u0105lygos: nuo +5 &deg; C iki +25 &deg; C.<\/p>\n","protected":false},"featured_media":104380,"template":"","meta":[],"product_cat":[1322],"product_tag":[],"class_list":{"0":"post-32273","1":"product","2":"type-product","3":"status-publish","4":"has-post-thumbnail","6":"product_brand-elfa_ua-lt","7":"product_cat-veido-kremai","9":"first","10":"instock","11":"taxable","12":"shipping-taxable","13":"product-type-simple"},"_links":{"self":[{"href":"https:\/\/e.kosmolat.eu\/lt\/wp-json\/wp\/v2\/product\/32273","targetHints":{"allow":["GET"]}}],"collection":[{"href":"https:\/\/e.kosmolat.eu\/lt\/wp-json\/wp\/v2\/product"}],"about":[{"href":"https:\/\/e.kosmolat.eu\/lt\/wp-json\/wp\/v2\/types\/product"}],"wp:featuredmedia":[{"embeddable":true,"href":"https:\/\/e.kosmolat.eu\/lt\/wp-json\/wp\/v2\/media\/104380"}],"wp:attachment":[{"href":"https:\/\/e.kosmolat.eu\/lt\/wp-json\/wp\/v2\/media?parent=32273"}],"wp:term":[{"taxonomy":"product_cat","embeddable":true,"href":"https:\/\/e.kosmolat.eu\/lt\/wp-json\/wp\/v2\/product_cat?post=32273"},{"taxonomy":"product_tag","embeddable":true,"href":"https:\/\/e.kosmolat.eu\/lt\/wp-json\/wp\/v2\/product_tag?post=32273"}],"curies":[{"name":"wp","href":"https:\/\/api.w.org\/{rel}","templated":true}]}}