{"id":32269,"date":"2023-12-21T16:51:40","date_gmt":"2023-12-21T16:51:40","guid":{"rendered":"https:\/\/e.kosmolat.eu\/product\/za-pretgrumbu-sejas-krems-atjaunojoss-100-ml\/"},"modified":"2026-05-08T21:05:24","modified_gmt":"2026-05-08T21:05:24","slug":"gp-pretgrumbu-sejas-krems-atjaunojoss-100-ml","status":"publish","type":"product","link":"https:\/\/e.kosmolat.eu\/lt\/produktas\/gp-pretgrumbu-sejas-krems-atjaunojoss-100-ml\/","title":{"rendered":"GREEN PHARMACY Veido kremas nuo rauk\u0161li\u0173 Jauninantis, 100ml"},"content":{"rendered":"<p>J\u016bros dumbliai, \u017een&scaron;enis, multivitamin\u0173 kompleksas. Slopina odos suglebim\u0105 ir sen\u0117jim\u0105 l\u0105steli\u0173 lygmenyje. Leid\u017eia efektyviai r\u016bpintis nusilpusia oda ir kovoti su ankstyvaus sen\u0117jimo po\u017eymiais. Apr\u016bpina od\u0105 dr\u0117gme, o taip pat gyvybi&scaron;kais svarbiais vitaminais ir mikroelementais. Skatina l\u0105steli\u0173 atsinaujinim\u0105, gerina kraujotak\u0105. Efektyviai stangrina, maitina ir dr\u0117kina od\u0105, stimuliuoja regeneracijos procesus, apr\u016bpina l\u0105steles deguonimi. Gr\u0105\u017eina stangrum\u0105, elastingum\u0105 ir tonus\u0105. Rauk&scaron;l\u0117s susilygina, nuovargio p\u0117dsakai dingsta, atsigauna veido spalva.&nbsp;\u012esp\u0117jimas: sud\u0117tyje yra vitamino A. Prie&scaron; naudojant atsi\u017evelgti \u012f paros doz\u0119. NAUDOJIMO B\u016aDAS: U\u017etepkite ant &scaron;varios veido ir kaklo odos. LAIKYMO S\u0104LYGOS: nuo +5 &deg; C iki +25 &deg; C.<\/p>\n<p><\/body><\/p>\n","protected":false},"excerpt":{"rendered":"<p>J\u016bros dumbliai, \u017een&scaron;enis, multivitamin\u0173 kompleksas. Slopina odos suglebim\u0105 ir sen\u0117jim\u0105 l\u0105steli\u0173 lygmenyje. Leid\u017eia efektyviai r\u016bpintis nusilpusia oda ir kovoti su ankstyvaus sen\u0117jimo po\u017eymiais. Apr\u016bpina od\u0105 dr\u0117gme, o taip pat gyvybi&scaron;kais svarbiais vitaminais ir mikroelementais. Skatina l\u0105steli\u0173 atsinaujinim\u0105, gerina kraujotak\u0105. Efektyviai stangrina, maitina ir dr\u0117kina od\u0105, stimuliuoja regeneracijos procesus, apr\u016bpina l\u0105steles deguonimi. Gr\u0105\u017eina stangrum\u0105, elastingum\u0105 ir [&#8230;]\n","protected":false},"featured_media":104372,"template":"","meta":[],"product_cat":[1322],"product_tag":[],"class_list":{"0":"post-32269","1":"product","2":"type-product","3":"status-publish","4":"has-post-thumbnail","6":"product_brand-elfa_ua-lt","7":"product_cat-veido-kremai","9":"first","10":"instock","11":"taxable","12":"shipping-taxable","13":"product-type-simple"},"_links":{"self":[{"href":"https:\/\/e.kosmolat.eu\/lt\/wp-json\/wp\/v2\/product\/32269","targetHints":{"allow":["GET"]}}],"collection":[{"href":"https:\/\/e.kosmolat.eu\/lt\/wp-json\/wp\/v2\/product"}],"about":[{"href":"https:\/\/e.kosmolat.eu\/lt\/wp-json\/wp\/v2\/types\/product"}],"wp:featuredmedia":[{"embeddable":true,"href":"https:\/\/e.kosmolat.eu\/lt\/wp-json\/wp\/v2\/media\/104372"}],"wp:attachment":[{"href":"https:\/\/e.kosmolat.eu\/lt\/wp-json\/wp\/v2\/media?parent=32269"}],"wp:term":[{"taxonomy":"product_cat","embeddable":true,"href":"https:\/\/e.kosmolat.eu\/lt\/wp-json\/wp\/v2\/product_cat?post=32269"},{"taxonomy":"product_tag","embeddable":true,"href":"https:\/\/e.kosmolat.eu\/lt\/wp-json\/wp\/v2\/product_tag?post=32269"}],"curies":[{"name":"wp","href":"https:\/\/api.w.org\/{rel}","templated":true}]}}