{"id":32261,"date":"2023-12-21T16:51:05","date_gmt":"2023-12-21T16:51:05","guid":{"rendered":"https:\/\/e.kosmolat.eu\/product\/friends-ziepes-delikatas-velas-mazgasanai-135-g\/"},"modified":"2025-09-22T12:11:30","modified_gmt":"2025-09-22T12:11:30","slug":"i_friends-ziepes-delikatas-velas-mazgasanai-135-g","status":"publish","type":"product","link":"https:\/\/e.kosmolat.eu\/lt\/produktas\/i_friends-ziepes-delikatas-velas-mazgasanai-135-g\/","title":{"rendered":"I_FRIENDS \u016akinis muilas delika\u010diam skalbimui jautriai rank\u0173 odai, 135 g"},"content":{"rendered":"<p><strong>Sud\u0117tis:<\/strong> 30 % ir daugiau muilas, ma\u017eiau kaip 5 % &nbsp;nejonini\u0173 &nbsp;aktyvi\u0173j\u0173 pavir&scaron;iaus med\u017eiag\u0173. Kvapai.<\/p>\n<p><strong>PATEKUS \u012e AKIS: <\/strong>Kelias minutes atsargiai plauti vandeniu. Laikyti vaikams neprieinamoje vietoje.<\/p>\n<p><strong>Tinkamumo laikas:<\/strong> 5 metai nuo pagaminimo datos.&nbsp;<\/p>\n<p>&nbsp;<\/p>\n","protected":false},"excerpt":{"rendered":"<p>Sud\u0117tis: 30 % ir daugiau muilas, ma\u017eiau kaip 5 % &nbsp;nejonini\u0173 &nbsp;aktyvi\u0173j\u0173 pavir&scaron;iaus med\u017eiag\u0173. Kvapai. PATEKUS \u012e AKIS: Kelias minutes atsargiai plauti vandeniu. Laikyti vaikams neprieinamoje vietoje. Tinkamumo laikas: 5 metai nuo pagaminimo datos.&nbsp; &nbsp;<\/p>\n","protected":false},"featured_media":78854,"template":"","meta":[],"product_cat":[1483],"product_tag":[],"class_list":{"0":"post-32261","1":"product","2":"type-product","3":"status-publish","4":"has-post-thumbnail","6":"product_brand-slobozanskij-milovar_ua-lt","7":"product_cat-plovikliai","9":"first","10":"instock","11":"taxable","12":"shipping-taxable","13":"product-type-simple"},"_links":{"self":[{"href":"https:\/\/e.kosmolat.eu\/lt\/wp-json\/wp\/v2\/product\/32261","targetHints":{"allow":["GET"]}}],"collection":[{"href":"https:\/\/e.kosmolat.eu\/lt\/wp-json\/wp\/v2\/product"}],"about":[{"href":"https:\/\/e.kosmolat.eu\/lt\/wp-json\/wp\/v2\/types\/product"}],"wp:featuredmedia":[{"embeddable":true,"href":"https:\/\/e.kosmolat.eu\/lt\/wp-json\/wp\/v2\/media\/78854"}],"wp:attachment":[{"href":"https:\/\/e.kosmolat.eu\/lt\/wp-json\/wp\/v2\/media?parent=32261"}],"wp:term":[{"taxonomy":"product_cat","embeddable":true,"href":"https:\/\/e.kosmolat.eu\/lt\/wp-json\/wp\/v2\/product_cat?post=32261"},{"taxonomy":"product_tag","embeddable":true,"href":"https:\/\/e.kosmolat.eu\/lt\/wp-json\/wp\/v2\/product_tag?post=32261"}],"curies":[{"name":"wp","href":"https:\/\/api.w.org\/{rel}","templated":true}]}}