{"id":32245,"date":"2023-12-21T16:49:57","date_gmt":"2023-12-21T16:49:57","guid":{"rendered":"https:\/\/e.kosmolat.eu\/product\/i_shik-bernu-tual-kremziepes-ar-celtekas-ekstr-90-g\/"},"modified":"2025-09-19T15:32:51","modified_gmt":"2025-09-19T15:32:51","slug":"i_shik-bernu-tual-kremziepes-ar-celtekas-ekstr-90-g","status":"publish","type":"product","link":"https:\/\/e.kosmolat.eu\/lt\/produktas\/i_shik-bernu-tual-kremziepes-ar-celtekas-ekstr-90-g\/","title":{"rendered":"I_SHIK Vaik\u0173 tualetinis muilas su gyslo\u010di\u0173 ekstraktu, 90 g"},"content":{"rendered":"<p>I\u0161 nat\u016brali\u0173 palmi\u0173 ir kokoso aliej\u0173.<\/p>\n","protected":false},"excerpt":{"rendered":"<p>I\u0161 nat\u016brali\u0173 palmi\u0173 ir kokoso aliej\u0173.<\/p>\n","protected":false},"featured_media":78838,"template":"","meta":[],"product_cat":[1799],"product_tag":[],"class_list":{"0":"post-32245","1":"product","2":"type-product","3":"status-publish","4":"has-post-thumbnail","6":"product_brand-slobozanskij-milovar_ua-lt","7":"product_cat-duso-geliai-muilas-vonios-putos","9":"first","10":"outofstock","11":"taxable","12":"shipping-taxable","13":"product-type-simple"},"_links":{"self":[{"href":"https:\/\/e.kosmolat.eu\/lt\/wp-json\/wp\/v2\/product\/32245","targetHints":{"allow":["GET"]}}],"collection":[{"href":"https:\/\/e.kosmolat.eu\/lt\/wp-json\/wp\/v2\/product"}],"about":[{"href":"https:\/\/e.kosmolat.eu\/lt\/wp-json\/wp\/v2\/types\/product"}],"wp:featuredmedia":[{"embeddable":true,"href":"https:\/\/e.kosmolat.eu\/lt\/wp-json\/wp\/v2\/media\/78838"}],"wp:attachment":[{"href":"https:\/\/e.kosmolat.eu\/lt\/wp-json\/wp\/v2\/media?parent=32245"}],"wp:term":[{"taxonomy":"product_cat","embeddable":true,"href":"https:\/\/e.kosmolat.eu\/lt\/wp-json\/wp\/v2\/product_cat?post=32245"},{"taxonomy":"product_tag","embeddable":true,"href":"https:\/\/e.kosmolat.eu\/lt\/wp-json\/wp\/v2\/product_tag?post=32245"}],"curies":[{"name":"wp","href":"https:\/\/api.w.org\/{rel}","templated":true}]}}