{"id":32229,"date":"2023-12-21T16:48:45","date_gmt":"2023-12-21T16:48:45","guid":{"rendered":"https:\/\/e.kosmolat.eu\/product\/shik-bernu-ziepes-70-g\/"},"modified":"2025-10-28T14:55:15","modified_gmt":"2025-10-28T14:55:15","slug":"shik-bernu-ziepes-70-g","status":"publish","type":"product","link":"https:\/\/e.kosmolat.eu\/lt\/produktas\/shik-bernu-ziepes-70-g\/","title":{"rendered":"\u0160IK Tualetinis muilas vaiki\u0161kas, 70 g"},"content":{"rendered":"<p><strong>Atsargumo priemon\u0117s:<\/strong> Patekus \u012f akis, kruop&scaron;\u010diai nuplaukite tekan\u010diu vandeniu.<\/p>\n<p><strong>Sand\u0117liavimas: <\/strong>laikyti sausose, u\u017edarose, gerai v\u0117dinamose patalpose.<\/p>\n<p><strong>Geriausias iki:<\/strong> 5 metai nuo pagaminimo datos.<br \/>\n&nbsp;<\/p>\n","protected":false},"excerpt":{"rendered":"<p>Atsargumo priemon\u0117s: Patekus \u012f akis, kruop&scaron;\u010diai nuplaukite tekan\u010diu vandeniu. Sand\u0117liavimas: laikyti sausose, u\u017edarose, gerai v\u0117dinamose patalpose. Geriausias iki: 5 metai nuo pagaminimo datos. &nbsp;<\/p>\n","protected":false},"featured_media":79334,"template":"","meta":[],"product_cat":[1799],"product_tag":[],"class_list":{"0":"post-32229","1":"product","2":"type-product","3":"status-publish","4":"has-post-thumbnail","6":"product_brand-slobozanskij-milovar_ua-lt","7":"product_cat-duso-geliai-muilas-vonios-putos","9":"first","10":"instock","11":"taxable","12":"shipping-taxable","13":"product-type-simple"},"_links":{"self":[{"href":"https:\/\/e.kosmolat.eu\/lt\/wp-json\/wp\/v2\/product\/32229","targetHints":{"allow":["GET"]}}],"collection":[{"href":"https:\/\/e.kosmolat.eu\/lt\/wp-json\/wp\/v2\/product"}],"about":[{"href":"https:\/\/e.kosmolat.eu\/lt\/wp-json\/wp\/v2\/types\/product"}],"wp:featuredmedia":[{"embeddable":true,"href":"https:\/\/e.kosmolat.eu\/lt\/wp-json\/wp\/v2\/media\/79334"}],"wp:attachment":[{"href":"https:\/\/e.kosmolat.eu\/lt\/wp-json\/wp\/v2\/media?parent=32229"}],"wp:term":[{"taxonomy":"product_cat","embeddable":true,"href":"https:\/\/e.kosmolat.eu\/lt\/wp-json\/wp\/v2\/product_cat?post=32229"},{"taxonomy":"product_tag","embeddable":true,"href":"https:\/\/e.kosmolat.eu\/lt\/wp-json\/wp\/v2\/product_tag?post=32229"}],"curies":[{"name":"wp","href":"https:\/\/api.w.org\/{rel}","templated":true}]}}