{"id":32213,"date":"2023-12-21T16:47:33","date_gmt":"2023-12-21T16:47:33","guid":{"rendered":"https:\/\/e.kosmolat.eu\/product\/sanita-stiklam-ar-ozamo-spirtu-500-ml\/"},"modified":"2025-09-19T15:29:48","modified_gmt":"2025-09-19T15:29:48","slug":"sanita-stiklam-ar-ozamo-spirtu-500-ml","status":"publish","type":"product","link":"https:\/\/e.kosmolat.eu\/lt\/produktas\/sanita-stiklam-ar-ozamo-spirtu-500-ml\/","title":{"rendered":"SANITA Stiklo valymo pur\u0161kiklis, 500 ml"},"content":{"rendered":"<p>Skirta plauti lang\u0173 ir vitrin\u0173 stiklus, veidrod\u017eius, dekoratyvin\u012f kri&scaron;tol\u0105, porcelian\u0105 ir keramik\u0105, plyteles, buitin\u0117s elektros prietaisus, &scaron;aldytuv\u0173 i&scaron;orinius pavir&scaron;ius.<\/p>\n<p><strong>Naudojimas:<\/strong> Pur&scaron;kite produkt\u0105 10-15 centimetr\u0173 atstumu ant u\u017eter&scaron;to pavir&scaron;iaus. Nusausinkite mink&scaron;ta, be p\u016bkeli\u0173 &scaron;luoste. Venkite kontakto su poliruotais ir lakuotais pavir&scaron;iais.<\/p>\n<p><strong>Atsargumo priemon\u0117s:<\/strong>&nbsp;Produktas u\u017e&scaron;\u0105la, po at&scaron;ildymo i&scaron;laiko savo savybes.<\/p>\n<p><strong>Sud\u0117tis: <\/strong>ma\u017eiau kaip, 5 % &nbsp;izopropilo alkoholis, ma\u017eiau kaip 5 % nejonini\u0173 &nbsp;aktyvi\u0173j\u0173 pavir&scaron;iaus med\u017eiagos, ma\u017eiau kaip 5 % &nbsp;EDTA ir jos drusk\u0173. Kvapai. Konservantas. Da\u017eai.&nbsp;<\/p>\n<p>&nbsp;<\/p>\n<p><strong><img decoding=\"async\" alt=\"\" src=\"file:\/\/\/C:\/Users\/masha\/Desktop\/GHS%2002.jpg\" style=\"height:40px; width:40px\" \/>GHS02 &nbsp;<img decoding=\"async\" alt=\"\" src=\"file:\/\/\/C:\/Users\/masha\/Desktop\/GHS07.png\" style=\"height:40px; width:40px\" \/>GHS07 Atsargiai<\/strong><br \/>\nH226 Deg\u016bs skystis ir garai.<br \/>\nH319 Sukelia smark\u0173 aki\u0173 dirginim\u0105.<br \/>\nH336 Gali sukelti mieguistum\u0105 arba galvos svaigim\u0105.<\/p>\n<p>P101 Jei reikalinga gydytojo konsultacija, su savimi tur\u0117kite produkto talpykl\u0105 ar jo etiket\u0119.<br \/>\nP102 Laikyti vaikams neprieinamoje vietoje<br \/>\nP103 Prie&scaron; naudojim\u0105 perskaityti etiket\u0119.<br \/>\nP210 Laikyti atokiau nuo &scaron;ilumos &scaron;altini\u0173, kar&scaron;t\u0173 pavir&scaron;i\u0173, \u017eie\u017eirb\u0173, atviros liepsnos arba kit\u0173 degimo &scaron;altini\u0173. Ner\u016bkyti.<br \/>\nP261 Stengtis ne\u012fkv\u0117pti d\u016bm\u0173\/aerozolio.<br \/>\nP264 Po naudojimo kruop&scaron;\u010diai nuplaukite rankas P271 Naudoti tik lauke arba gerai v\u0117dinamoje patalpoje.<br \/>\nP280 M\u016bv\u0117ti apsaugines pir&scaron;tines\/naudoti aki\u0173 apsaugos priemones.<br \/>\nP304+P340 \u012ekv\u0117pus: i&scaron;ne&scaron;ti nukent\u0117jus\u012fj\u012f \u012f gryn\u0105 or\u0105; jam b\u016btina patogi pad\u0117tis, leid\u017eianti laisvai kv\u0117puoti.<br \/>\nP305+P351+P338 Patekus \u012f akis: Kelias minutes atsargia<\/p>\n","protected":false},"excerpt":{"rendered":"<p>Skirta plauti lang\u0173 ir vitrin\u0173 stiklus, veidrod\u017eius, dekoratyvin\u012f kri&scaron;tol\u0105, porcelian\u0105 ir keramik\u0105, plyteles, buitin\u0117s elektros prietaisus, &scaron;aldytuv\u0173 i&scaron;orinius pavir&scaron;ius. Naudojimas: Pur&scaron;kite produkt\u0105 10-15 centimetr\u0173 atstumu ant u\u017eter&scaron;to pavir&scaron;iaus. Nusausinkite mink&scaron;ta, be p\u016bkeli\u0173 &scaron;luoste. Venkite kontakto su poliruotais ir lakuotais pavir&scaron;iais. Atsargumo priemon\u0117s:&nbsp;Produktas u\u017e&scaron;\u0105la, po at&scaron;ildymo i&scaron;laiko savo savybes. Sud\u0117tis: ma\u017eiau kaip, 5 % &nbsp;izopropilo alkoholis, [&#8230;]\n","protected":false},"featured_media":78790,"template":"","meta":[],"product_cat":[1722],"product_tag":[],"class_list":{"0":"post-32213","1":"product","2":"type-product","3":"status-publish","4":"has-post-thumbnail","6":"product_brand-malina-akcija-lt","7":"product_cat-langams-ir-stiklui","9":"first","10":"outofstock","11":"taxable","12":"shipping-taxable","13":"product-type-simple"},"_links":{"self":[{"href":"https:\/\/e.kosmolat.eu\/lt\/wp-json\/wp\/v2\/product\/32213","targetHints":{"allow":["GET"]}}],"collection":[{"href":"https:\/\/e.kosmolat.eu\/lt\/wp-json\/wp\/v2\/product"}],"about":[{"href":"https:\/\/e.kosmolat.eu\/lt\/wp-json\/wp\/v2\/types\/product"}],"wp:featuredmedia":[{"embeddable":true,"href":"https:\/\/e.kosmolat.eu\/lt\/wp-json\/wp\/v2\/media\/78790"}],"wp:attachment":[{"href":"https:\/\/e.kosmolat.eu\/lt\/wp-json\/wp\/v2\/media?parent=32213"}],"wp:term":[{"taxonomy":"product_cat","embeddable":true,"href":"https:\/\/e.kosmolat.eu\/lt\/wp-json\/wp\/v2\/product_cat?post=32213"},{"taxonomy":"product_tag","embeddable":true,"href":"https:\/\/e.kosmolat.eu\/lt\/wp-json\/wp\/v2\/product_tag?post=32213"}],"curies":[{"name":"wp","href":"https:\/\/api.w.org\/{rel}","templated":true}]}}