{"id":32209,"date":"2023-12-21T16:47:05","date_gmt":"2023-12-21T16:47:05","guid":{"rendered":"https:\/\/e.kosmolat.eu\/product\/sanita-stiklam-ar-pretputeklu-formuluspirts-500-ml\/"},"modified":"2025-09-19T15:29:33","modified_gmt":"2025-09-19T15:29:33","slug":"sanita-stiklam-ar-pretputeklu-formuluspirts-500-ml","status":"publish","type":"product","link":"https:\/\/e.kosmolat.eu\/lt\/produktas\/sanita-stiklam-ar-pretputeklu-formuluspirts-500-ml\/","title":{"rendered":"SANITA Stiklo valymo pur\u0161kiklis Kaln\u0173 gaiva, 500 ml"},"content":{"rendered":"<p>Skirta plauti lang\u0173 ir vitrin\u0173 stiklus, veidrod\u017eius, dekoratyvin\u012f kri&scaron;tol\u0105, porcelian\u0105 ir keramik\u0105, plyteles, buitin\u0117s elektros prietaisus, &scaron;aldytuv\u0173 i&scaron;orinius pavir&scaron;ius.<\/p>\n<p><strong>Naudojimas:<\/strong> Pur&scaron;kite produkt\u0105 10-15 centimetr\u0173 atstumu ant u\u017eter&scaron;to pavir&scaron;iaus. Nusausinkite mink&scaron;ta, be p\u016bkeli\u0173 &scaron;luoste. Venkite kontakto su poliruotais ir lakuotais pavir&scaron;iais.<\/p>\n<p><strong>Atsargumo priemon\u0117s: <\/strong>produktas u\u017e&scaron;\u0105la, po at&scaron;ildymo i&scaron;laiko savo savybes.<\/p>\n<p><strong>Sud\u0117tis:<\/strong> ma\u017eiau kaip, 5 % &nbsp;izopropilo alkoholis, ma\u017eiau kaip 5 % &nbsp;anijonini\u0173 aktyvi\u0173j\u0173 pavir&scaron;iaus med\u017eiagos, ma\u017eiau kaip 5 % nejonini\u0173 &nbsp;aktyvi\u0173j\u0173 pavir&scaron;iaus med\u017eiagos ma\u017eiau kaip 5 % &nbsp;EDTA ir jos drusk\u0173. Kvapai\/ Limonene. Da\u017eai.&nbsp;<\/p>\n<p>&nbsp;<\/p>\n<p><strong><img decoding=\"async\" alt=\"\" src=\"file:\/\/\/C:\/Users\/masha\/Desktop\/GHS%2002.jpg\" style=\"height:40px; width:40px\" \/>GHS02 &nbsp;<img decoding=\"async\" alt=\"\" src=\"data:image\/png;base64,iVBORw0KGgoAAAANSUhEUgAAADgAAAA6CAYAAAGSSaqDAAAAAXNSR0IArs4c6QAAAARnQU1BAACxjwv8YQUAAAAJcEhZcwAAFxEAABcRAcom8z8AAA6NSURBVFhHxVkLcFTlFV4VKyAkJCFP8tpkd\/MmL0gAURGLj4FSKVOtTotF7dgntthhwFqRaseOj+roiDjWMi1qW6e1o7YDiChqpbajtQK7997dTUKAECCQhLyT3c3pOee\/\/+7d3Zt9hDD9Mpt7\/+f5z\/nPfx7\/tYAB\/oBffxMINgbGx\/npXlzJT0KwcXSgFyyXWmAcO3n0DhYqnD+4nwsb79\/IjQRvc6UYqVjncoURSmlWaNr2Vdfqb9hQPo+fYQs688RW0Bodeo2h0QxhjWIpIQQbtQYb+PA5JooMblTLc7iQV1TIo+UMFqUoTX8FyMzP1d9wgYEAWM4+97heDKHv43385GlbVy7nQu\/58+AfH8F5xcTBBan69HIDCGGsRMK8EQe7m8rAvahCr4hG2EB\/YByU2mK9FIK3qRrXGdBLAjzQj+tzObJg7EQrVxIuu3IG5BUX6iUBT3MVjKNoCJYuFI9WHd5BYtqsmfpbCOff\/iNo1gxBcRz\/Ou5bj6qRF9yOVV9dDdlF+aKAGO45Dao1PSi9KOG0LmuEo+vW6iUxj2rC94RSdZVksmTHI4QiYT4Qce713zILEyFqIHUdHugBrbYEPE0OqSlRiB4YGAN3ZRG\/t1y\/ANq+fjO\/RyJqoFpXEjy2RM6DlI9951ZRNiBsoLsxJAza\/JW3rGY+1ZIM6Hr2Ma6XCA70NIXrJQ18+pmn9RKAE21F35uv6SV9oAeVOVLsdDyNoNWrRXNg6PODXLa4F1fxSyRyiwr0txACOLnsb8EDAdqSCjDf5hD82KEFT4kEL5Vk6FkcqiQYlxoAP6jNZXpJICgcGuzGwZLye++\/p7\/hihb\n<\/p>\n","protected":false},"excerpt":{"rendered":"<p>Skirta plauti lang\u0173 ir vitrin\u0173 stiklus, veidrod\u017eius, dekoratyvin\u012f kri&scaron;tol\u0105, porcelian\u0105 ir keramik\u0105, plyteles, buitin\u0117s elektros prietaisus, &scaron;aldytuv\u0173 i&scaron;orinius pavir&scaron;ius. Naudojimas: Pur&scaron;kite produkt\u0105 10-15 centimetr\u0173 atstumu ant u\u017eter&scaron;to pavir&scaron;iaus. Nusausinkite mink&scaron;ta, be p\u016bkeli\u0173 &scaron;luoste. Venkite kontakto su poliruotais ir lakuotais pavir&scaron;iais. Atsargumo priemon\u0117s: produktas u\u017e&scaron;\u0105la, po at&scaron;ildymo i&scaron;laiko savo savybes. Sud\u0117tis: ma\u017eiau kaip, 5 % &nbsp;izopropilo [&#8230;]\n","protected":false},"featured_media":78786,"template":"","meta":[],"product_cat":[1722],"product_tag":[],"class_list":{"0":"post-32209","1":"product","2":"type-product","3":"status-publish","4":"has-post-thumbnail","6":"product_brand-malina-akcija-lt","7":"product_cat-langams-ir-stiklui","9":"first","10":"outofstock","11":"taxable","12":"shipping-taxable","13":"product-type-simple"},"_links":{"self":[{"href":"https:\/\/e.kosmolat.eu\/lt\/wp-json\/wp\/v2\/product\/32209","targetHints":{"allow":["GET"]}}],"collection":[{"href":"https:\/\/e.kosmolat.eu\/lt\/wp-json\/wp\/v2\/product"}],"about":[{"href":"https:\/\/e.kosmolat.eu\/lt\/wp-json\/wp\/v2\/types\/product"}],"wp:featuredmedia":[{"embeddable":true,"href":"https:\/\/e.kosmolat.eu\/lt\/wp-json\/wp\/v2\/media\/78786"}],"wp:attachment":[{"href":"https:\/\/e.kosmolat.eu\/lt\/wp-json\/wp\/v2\/media?parent=32209"}],"wp:term":[{"taxonomy":"product_cat","embeddable":true,"href":"https:\/\/e.kosmolat.eu\/lt\/wp-json\/wp\/v2\/product_cat?post=32209"},{"taxonomy":"product_tag","embeddable":true,"href":"https:\/\/e.kosmolat.eu\/lt\/wp-json\/wp\/v2\/product_tag?post=32209"}],"curies":[{"name":"wp","href":"https:\/\/api.w.org\/{rel}","templated":true}]}}