{"id":32205,"date":"2023-12-21T16:46:46","date_gmt":"2023-12-21T16:46:46","guid":{"rendered":"https:\/\/e.kosmolat.eu\/product\/sals-vannam-ar-eterisku-ellu-lavanda-500-g\/"},"modified":"2026-04-23T12:20:59","modified_gmt":"2026-04-23T12:20:59","slug":"sals-vannam-ar-eterisku-ellu-lavanda-500-g","status":"publish","type":"product","link":"https:\/\/e.kosmolat.eu\/lt\/produktas\/sals-vannam-ar-eterisku-ellu-lavanda-500-g\/","title":{"rendered":"\u017dELANA Vonios druska su levand\u0173 eteriniu aliejumi, 500 g"},"content":{"rendered":"<p>Aplinkai nekenksminga &scaron;vari j\u016bros druska yra turtingas nat\u016bralus druskos ir mikroelement\u0173 koncentratas, b\u016btinas normaliai vis\u0173 m\u016bs\u0173 k\u016bno organ\u0173 veiklai.<br \/>\nD\u0117l tonizuojan\u010dio poveikio levandos yra laikomos augalu Nr.1 aromaterapijoje. Levand\u0173 eterinis aliejus padeda nuo nemigos, depresijos ir galvos skausmo. Be to, levand\u0173 aliejus yra nepakei\u010diama pagalba pri\u017ei\u016brint problemin\u0119 od\u0105. Aromatin\u0117 vonia ma\u017eina nuovarg\u012f, stres\u0105, gerina darbingum\u0105 ir nuotaik\u0105.<\/p>\n<p><strong>Naudojimas:<\/strong> i&scaron;tirpinkite j\u016bros drusk\u0105 &scaron;iltame vandenyje (37 &ordm;\u0421 &#8211; 40 &ordm;\u0421) po vien\u0105 pakuot\u0119 (500 g) vonioje. M\u0117gaukit\u0117s vonia 15 minu\u010di\u0173. Nuplaukite od\u0105 tekan\u010diu vandeniu. Nenaudokite muilo. Po druskos vonios pagul\u0117kite 20 minu\u010di\u0173. Rekomenduojamas kursas: 8-10 voni\u0173 per 14-20 dien\u0173.<br \/>\n&nbsp;<\/p>\n","protected":false},"excerpt":{"rendered":"<p>Aplinkai nekenksminga &scaron;vari j\u016bros druska yra turtingas nat\u016bralus druskos ir mikroelement\u0173 koncentratas, b\u016btinas normaliai vis\u0173 m\u016bs\u0173 k\u016bno organ\u0173 veiklai. D\u0117l tonizuojan\u010dio poveikio levandos yra laikomos augalu Nr.1 aromaterapijoje. Levand\u0173 eterinis aliejus padeda nuo nemigos, depresijos ir galvos skausmo. Be to, levand\u0173 aliejus yra nepakei\u010diama pagalba pri\u017ei\u016brint problemin\u0119 od\u0105. Aromatin\u0117 vonia ma\u017eina nuovarg\u012f, stres\u0105, gerina darbingum\u0105 [&#8230;]\n","protected":false},"featured_media":78778,"template":"","meta":[],"product_cat":[1612],"product_tag":[],"class_list":{"0":"post-32205","1":"product","2":"type-product","3":"status-publish","4":"has-post-thumbnail","6":"product_brand-aqua-cosmetics_ua-lt","7":"product_cat-putos-druska-vonios-bombos","9":"first","10":"instock","11":"taxable","12":"shipping-taxable","13":"product-type-simple"},"_links":{"self":[{"href":"https:\/\/e.kosmolat.eu\/lt\/wp-json\/wp\/v2\/product\/32205","targetHints":{"allow":["GET"]}}],"collection":[{"href":"https:\/\/e.kosmolat.eu\/lt\/wp-json\/wp\/v2\/product"}],"about":[{"href":"https:\/\/e.kosmolat.eu\/lt\/wp-json\/wp\/v2\/types\/product"}],"wp:featuredmedia":[{"embeddable":true,"href":"https:\/\/e.kosmolat.eu\/lt\/wp-json\/wp\/v2\/media\/78778"}],"wp:attachment":[{"href":"https:\/\/e.kosmolat.eu\/lt\/wp-json\/wp\/v2\/media?parent=32205"}],"wp:term":[{"taxonomy":"product_cat","embeddable":true,"href":"https:\/\/e.kosmolat.eu\/lt\/wp-json\/wp\/v2\/product_cat?post=32205"},{"taxonomy":"product_tag","embeddable":true,"href":"https:\/\/e.kosmolat.eu\/lt\/wp-json\/wp\/v2\/product_tag?post=32205"}],"curies":[{"name":"wp","href":"https:\/\/api.w.org\/{rel}","templated":true}]}}