{"id":32201,"date":"2023-12-21T16:46:23","date_gmt":"2023-12-21T16:46:23","guid":{"rendered":"https:\/\/e.kosmolat.eu\/product\/sals-vannam-ar-eterisku-ellu-eikalipts-500-g\/"},"modified":"2026-04-23T12:20:46","modified_gmt":"2026-04-23T12:20:46","slug":"sals-vannam-ar-eterisku-ellu-eikalipts-500-g","status":"publish","type":"product","link":"https:\/\/e.kosmolat.eu\/lt\/produktas\/sals-vannam-ar-eterisku-ellu-eikalipts-500-g\/","title":{"rendered":"\u017dELANA Vonios druska su eteriniu aliejumi Eukaliptas, 500 g"},"content":{"rendered":"<p>Aplinkai nekenksminga &scaron;vari j\u016bros druska yra turtingas nat\u016bralus druskos ir mikroelement\u0173 koncentratas, b\u016btinas normaliai vis\u0173 m\u016bs\u0173 k\u016bno organ\u0173 veiklai.<br \/>\nEukaliptas yra gerai \u017einomas d\u0117l raminam\u0173j\u0173 savo aliejaus savybi\u0173. Eukaliptas taip pat turi stipr\u0173 &scaron;ildant\u012f poveik\u012f. Aromatin\u0117 vonia ma\u017eina nuovarg\u012f, stres\u0105, gerina darbingum\u0105 ir nuotaik\u0105.<\/p>\n<p><strong>Naudojimas:<\/strong> i&scaron;tirpinkite j\u016bros drusk\u0105 &scaron;iltame vandenyje (37 &ordm;\u0421 &#8211; 40 &ordm;\u0421) po vien\u0105 pakuot\u0119 (500 g) vonioje. M\u0117gaukit\u0117s vonia 15 minu\u010di\u0173. Nuplaukite od\u0105 tekan\u010diu vandeniu. Nenaudokite muilo. Po druskos vonios pagul\u0117kite 20 minu\u010di\u0173. Rekomenduojamas kursas: 8-10 voni\u0173 per 14-20 dien\u0173.<br \/>\n&nbsp;<\/p>\n","protected":false},"excerpt":{"rendered":"<p>Aplinkai nekenksminga &scaron;vari j\u016bros druska yra turtingas nat\u016bralus druskos ir mikroelement\u0173 koncentratas, b\u016btinas normaliai vis\u0173 m\u016bs\u0173 k\u016bno organ\u0173 veiklai. Eukaliptas yra gerai \u017einomas d\u0117l raminam\u0173j\u0173 savo aliejaus savybi\u0173. Eukaliptas taip pat turi stipr\u0173 &scaron;ildant\u012f poveik\u012f. Aromatin\u0117 vonia ma\u017eina nuovarg\u012f, stres\u0105, gerina darbingum\u0105 ir nuotaik\u0105. Naudojimas: i&scaron;tirpinkite j\u016bros drusk\u0105 &scaron;iltame vandenyje (37 &ordm;\u0421 &#8211; 40 &ordm;\u0421) [&#8230;]\n","protected":false},"featured_media":78774,"template":"","meta":[],"product_cat":[1612],"product_tag":[],"class_list":{"0":"post-32201","1":"product","2":"type-product","3":"status-publish","4":"has-post-thumbnail","6":"product_brand-aqua-cosmetics_ua-lt","7":"product_cat-putos-druska-vonios-bombos","9":"first","10":"instock","11":"taxable","12":"shipping-taxable","13":"product-type-simple"},"_links":{"self":[{"href":"https:\/\/e.kosmolat.eu\/lt\/wp-json\/wp\/v2\/product\/32201","targetHints":{"allow":["GET"]}}],"collection":[{"href":"https:\/\/e.kosmolat.eu\/lt\/wp-json\/wp\/v2\/product"}],"about":[{"href":"https:\/\/e.kosmolat.eu\/lt\/wp-json\/wp\/v2\/types\/product"}],"wp:featuredmedia":[{"embeddable":true,"href":"https:\/\/e.kosmolat.eu\/lt\/wp-json\/wp\/v2\/media\/78774"}],"wp:attachment":[{"href":"https:\/\/e.kosmolat.eu\/lt\/wp-json\/wp\/v2\/media?parent=32201"}],"wp:term":[{"taxonomy":"product_cat","embeddable":true,"href":"https:\/\/e.kosmolat.eu\/lt\/wp-json\/wp\/v2\/product_cat?post=32201"},{"taxonomy":"product_tag","embeddable":true,"href":"https:\/\/e.kosmolat.eu\/lt\/wp-json\/wp\/v2\/product_tag?post=32201"}],"curies":[{"name":"wp","href":"https:\/\/api.w.org\/{rel}","templated":true}]}}