{"id":32193,"date":"2023-12-21T16:45:22","date_gmt":"2023-12-21T16:45:22","guid":{"rendered":"https:\/\/e.kosmolat.eu\/product\/doctor-salt-vanna-kajam-deo-100-g\/"},"modified":"2026-04-16T06:14:06","modified_gmt":"2026-04-16T06:14:06","slug":"doctor-salt-vanna-kajam-deo-100-g","status":"publish","type":"product","link":"https:\/\/e.kosmolat.eu\/lt\/produktas\/doctor-salt-vanna-kajam-deo-100-g\/","title":{"rendered":"DOCTOR SALT Vonel\u0117s kojoms Dezodoruojan\u010dios, 100 g"},"content":{"rendered":"<p>Dezodoruojanti vonel\u0117 kojoms. Tonizuoja ir dezodoruoja od\u0105, &scaron;alina sudirgim\u0105.<\/p>\n<p><strong>Naudojimo b\u016bdas: <\/strong>100g druskos i&scaron;tirpinti 8l &scaron;ilto (+37&deg;\u0421) vandens. \u012emerkti kojas. Proced\u016bros trukm\u0117-15-20 minu\u010di\u0173. Rekomenduojama 10-15 proced\u016br\u0173.<\/p>\n","protected":false},"excerpt":{"rendered":"<p>Dezodoruojanti vonel\u0117 kojoms. Tonizuoja ir dezodoruoja od\u0105, &scaron;alina sudirgim\u0105. Naudojimo b\u016bdas: 100g druskos i&scaron;tirpinti 8l &scaron;ilto (+37&deg;\u0421) vandens. \u012emerkti kojas. Proced\u016bros trukm\u0117-15-20 minu\u010di\u0173. Rekomenduojama 10-15 proced\u016br\u0173.<\/p>\n","protected":false},"featured_media":78694,"template":"","meta":[],"product_cat":[2181],"product_tag":[],"class_list":{"0":"post-32193","1":"product","2":"type-product","3":"status-publish","4":"has-post-thumbnail","6":"product_brand-aqua-cosmetics_ua-lt","7":"product_cat-bez-kategorijas-lt","9":"first","10":"instock","11":"taxable","12":"shipping-taxable","13":"product-type-simple"},"_links":{"self":[{"href":"https:\/\/e.kosmolat.eu\/lt\/wp-json\/wp\/v2\/product\/32193","targetHints":{"allow":["GET"]}}],"collection":[{"href":"https:\/\/e.kosmolat.eu\/lt\/wp-json\/wp\/v2\/product"}],"about":[{"href":"https:\/\/e.kosmolat.eu\/lt\/wp-json\/wp\/v2\/types\/product"}],"wp:featuredmedia":[{"embeddable":true,"href":"https:\/\/e.kosmolat.eu\/lt\/wp-json\/wp\/v2\/media\/78694"}],"wp:attachment":[{"href":"https:\/\/e.kosmolat.eu\/lt\/wp-json\/wp\/v2\/media?parent=32193"}],"wp:term":[{"taxonomy":"product_cat","embeddable":true,"href":"https:\/\/e.kosmolat.eu\/lt\/wp-json\/wp\/v2\/product_cat?post=32193"},{"taxonomy":"product_tag","embeddable":true,"href":"https:\/\/e.kosmolat.eu\/lt\/wp-json\/wp\/v2\/product_tag?post=32193"}],"curies":[{"name":"wp","href":"https:\/\/api.w.org\/{rel}","templated":true}]}}