{"id":32189,"date":"2023-12-21T16:45:07","date_gmt":"2023-12-21T16:45:07","guid":{"rendered":"https:\/\/e.kosmolat.eu\/product\/doctor-salt-vanna-kajam-100-g\/"},"modified":"2026-04-23T12:20:31","modified_gmt":"2026-04-23T12:20:31","slug":"doctor-salt-vanna-kajam-100-g","status":"publish","type":"product","link":"https:\/\/e.kosmolat.eu\/lt\/produktas\/doctor-salt-vanna-kajam-100-g\/","title":{"rendered":"DOCTOR SALT P\u0117d\u0173 vonel\u0117 Varikoz\u0117s profilaktika, 100 g"},"content":{"rendered":"<p>J\u016bros druska su \u017eoleli\u0173 garsty\u010di\u0173 ekstraktu ir sandalmed\u017eio eteriniu aliejumi visapusei p\u0117d\u0173 prie\u017ei\u016brai ma\u017eina nuovarg\u012f ir ramina.<\/p>\n<p><strong>Naudojimas: <\/strong>i&scaron;tirpinkite 100 g druskos 8 l vandens (34&deg;C &#8211; 37&deg;C). m\u0117gaukit\u0117s 15-20 minu\u010di\u0173. Rekomenduojamas kursas: 10-15 proced\u016br\u0173.<br \/>\n&nbsp;<\/p>\n","protected":false},"excerpt":{"rendered":"<p>J\u016bros druska su \u017eoleli\u0173 garsty\u010di\u0173 ekstraktu ir sandalmed\u017eio eteriniu aliejumi visapusei p\u0117d\u0173 prie\u017ei\u016brai ma\u017eina nuovarg\u012f ir ramina. Naudojimas: i&scaron;tirpinkite 100 g druskos 8 l vandens (34&deg;C &#8211; 37&deg;C). m\u0117gaukit\u0117s 15-20 minu\u010di\u0173. Rekomenduojamas kursas: 10-15 proced\u016br\u0173. &nbsp;<\/p>\n","protected":false},"featured_media":78690,"template":"","meta":[],"product_cat":[1612],"product_tag":[],"class_list":{"0":"post-32189","1":"product","2":"type-product","3":"status-publish","4":"has-post-thumbnail","6":"product_brand-aqua-cosmetics_ua-lt","7":"product_cat-putos-druska-vonios-bombos","9":"first","10":"instock","11":"taxable","12":"shipping-taxable","13":"product-type-simple"},"_links":{"self":[{"href":"https:\/\/e.kosmolat.eu\/lt\/wp-json\/wp\/v2\/product\/32189","targetHints":{"allow":["GET"]}}],"collection":[{"href":"https:\/\/e.kosmolat.eu\/lt\/wp-json\/wp\/v2\/product"}],"about":[{"href":"https:\/\/e.kosmolat.eu\/lt\/wp-json\/wp\/v2\/types\/product"}],"wp:featuredmedia":[{"embeddable":true,"href":"https:\/\/e.kosmolat.eu\/lt\/wp-json\/wp\/v2\/media\/78690"}],"wp:attachment":[{"href":"https:\/\/e.kosmolat.eu\/lt\/wp-json\/wp\/v2\/media?parent=32189"}],"wp:term":[{"taxonomy":"product_cat","embeddable":true,"href":"https:\/\/e.kosmolat.eu\/lt\/wp-json\/wp\/v2\/product_cat?post=32189"},{"taxonomy":"product_tag","embeddable":true,"href":"https:\/\/e.kosmolat.eu\/lt\/wp-json\/wp\/v2\/product_tag?post=32189"}],"curies":[{"name":"wp","href":"https:\/\/api.w.org\/{rel}","templated":true}]}}