{"id":32185,"date":"2023-12-21T16:44:52","date_gmt":"2023-12-21T16:44:52","guid":{"rendered":"https:\/\/e.kosmolat.eu\/product\/doctor-salt-vanna-nagiem-100-g\/"},"modified":"2026-04-07T11:27:22","modified_gmt":"2026-04-07T11:27:22","slug":"doctor-salt-vanna-nagiem-100-g","status":"publish","type":"product","link":"https:\/\/e.kosmolat.eu\/lt\/produktas\/doctor-salt-vanna-nagiem-100-g\/","title":{"rendered":"DOCTOR SALT Vonel\u0117 nagams Vitamin\u0173 kompleksas, 100 g"},"content":{"rendered":"<p>J\u016bros druska su vitaminais E, A, pantenoliu ir citrin\u0173 eteriniu aliejumi visapusei nag\u0173 prie\u017ei\u016brai suteiks jiems tvirtumo ir sveikos i&scaron;vaizdos.<\/p>\n<p><strong>Naudojimas:<\/strong> 100 g druskos i&scaron;tirpinti 400 ml &scaron;ilto vandens (34&deg;C &#8211; 37&deg;C). M\u0117gaukit\u0117s 15-20 minu\u010di\u0173.<\/p>\n","protected":false},"excerpt":{"rendered":"<p>J\u016bros druska su vitaminais E, A, pantenoliu ir citrin\u0173 eteriniu aliejumi visapusei nag\u0173 prie\u017ei\u016brai suteiks jiems tvirtumo ir sveikos i&scaron;vaizdos. Naudojimas: 100 g druskos i&scaron;tirpinti 400 ml &scaron;ilto vandens (34&deg;C &#8211; 37&deg;C). M\u0117gaukit\u0117s 15-20 minu\u010di\u0173.<\/p>\n","protected":false},"featured_media":78686,"template":"","meta":[],"product_cat":[1745],"product_tag":[],"class_list":{"0":"post-32185","1":"product","2":"type-product","3":"status-publish","4":"has-post-thumbnail","6":"product_brand-aqua-cosmetics_ua-lt","7":"product_cat-nagu-prieziura-ranku-prieziura","9":"first","10":"instock","11":"taxable","12":"shipping-taxable","13":"product-type-simple"},"_links":{"self":[{"href":"https:\/\/e.kosmolat.eu\/lt\/wp-json\/wp\/v2\/product\/32185","targetHints":{"allow":["GET"]}}],"collection":[{"href":"https:\/\/e.kosmolat.eu\/lt\/wp-json\/wp\/v2\/product"}],"about":[{"href":"https:\/\/e.kosmolat.eu\/lt\/wp-json\/wp\/v2\/types\/product"}],"wp:featuredmedia":[{"embeddable":true,"href":"https:\/\/e.kosmolat.eu\/lt\/wp-json\/wp\/v2\/media\/78686"}],"wp:attachment":[{"href":"https:\/\/e.kosmolat.eu\/lt\/wp-json\/wp\/v2\/media?parent=32185"}],"wp:term":[{"taxonomy":"product_cat","embeddable":true,"href":"https:\/\/e.kosmolat.eu\/lt\/wp-json\/wp\/v2\/product_cat?post=32185"},{"taxonomy":"product_tag","embeddable":true,"href":"https:\/\/e.kosmolat.eu\/lt\/wp-json\/wp\/v2\/product_tag?post=32185"}],"curies":[{"name":"wp","href":"https:\/\/api.w.org\/{rel}","templated":true}]}}