{"id":32181,"date":"2023-12-21T16:44:39","date_gmt":"2023-12-21T16:44:39","guid":{"rendered":"https:\/\/e.kosmolat.eu\/product\/doctor-salt-vanna-rokam-100-g\/"},"modified":"2026-04-23T12:20:19","modified_gmt":"2026-04-23T12:20:19","slug":"doctor-salt-vanna-rokam-100-g","status":"publish","type":"product","link":"https:\/\/e.kosmolat.eu\/lt\/produktas\/doctor-salt-vanna-rokam-100-g\/","title":{"rendered":"&#8220;Doctor Salt&#8221; Vonel\u0117s rankoms"},"content":{"rendered":"<p>Druskos vonel\u0117 rank\u0173 odos prie\u017ei\u016brai.<\/p>\n<p>Mink\u0161tina rank\u0173 od\u0105, pa\u0161alina sausum\u0105.<\/p>\n<p>NAUDOJIMO B\u016aDAS: 100g druskos i\u0161tirpinti viename litre \u0161ilto (+37\u00b0\u0421) vandens. \u012emerkti rankas. Proced\u016bros trukm\u0117-15-20 minu\u010di\u0173.<\/p>\n","protected":false},"excerpt":{"rendered":"<p>Druskos vonel\u0117 rank\u0173 odos prie\u017ei\u016brai. Mink\u0161tina rank\u0173 od\u0105, pa\u0161alina sausum\u0105. NAUDOJIMO B\u016aDAS: 100g druskos i\u0161tirpinti viename litre \u0161ilto (+37\u00b0\u0421) vandens. \u012emerkti rankas. Proced\u016bros trukm\u0117-15-20 minu\u010di\u0173.<\/p>\n","protected":false},"featured_media":78682,"template":"","meta":[],"product_cat":[1612],"product_tag":[],"class_list":{"0":"post-32181","1":"product","2":"type-product","3":"status-publish","4":"has-post-thumbnail","6":"product_brand-aqua-cosmetics_ua-lt","7":"product_cat-putos-druska-vonios-bombos","9":"first","10":"instock","11":"taxable","12":"shipping-taxable","13":"product-type-simple"},"_links":{"self":[{"href":"https:\/\/e.kosmolat.eu\/lt\/wp-json\/wp\/v2\/product\/32181","targetHints":{"allow":["GET"]}}],"collection":[{"href":"https:\/\/e.kosmolat.eu\/lt\/wp-json\/wp\/v2\/product"}],"about":[{"href":"https:\/\/e.kosmolat.eu\/lt\/wp-json\/wp\/v2\/types\/product"}],"wp:featuredmedia":[{"embeddable":true,"href":"https:\/\/e.kosmolat.eu\/lt\/wp-json\/wp\/v2\/media\/78682"}],"wp:attachment":[{"href":"https:\/\/e.kosmolat.eu\/lt\/wp-json\/wp\/v2\/media?parent=32181"}],"wp:term":[{"taxonomy":"product_cat","embeddable":true,"href":"https:\/\/e.kosmolat.eu\/lt\/wp-json\/wp\/v2\/product_cat?post=32181"},{"taxonomy":"product_tag","embeddable":true,"href":"https:\/\/e.kosmolat.eu\/lt\/wp-json\/wp\/v2\/product_tag?post=32181"}],"curies":[{"name":"wp","href":"https:\/\/api.w.org\/{rel}","templated":true}]}}