{"id":32177,"date":"2023-12-21T16:44:24","date_gmt":"2023-12-21T16:44:24","guid":{"rendered":"https:\/\/e.kosmolat.eu\/product\/zelana-juras-sals-dabigais-1000-g\/"},"modified":"2026-04-23T11:39:21","modified_gmt":"2026-04-23T11:39:21","slug":"zelana-juras-sals-dabigais-1000-g","status":"publish","type":"product","link":"https:\/\/e.kosmolat.eu\/lt\/produktas\/zelana-juras-sals-dabigais-1000-g\/","title":{"rendered":"\u017dELANA Morskaja druska nat\u016brali, 1000 g"},"content":{"rendered":"<p>Valo od\u0105, pagerina i&scaron;vaizd\u0105, palaiko ger\u0105 jos b\u016bkl\u0119. Sustiprins od\u0105 ir jos apsaugin\u0119 funkcij\u0105, pa&scaron;alins nuovarg\u012f, pakels nuotaik\u0105.&nbsp;<\/p>\n<p><strong>Naudojimas:<\/strong>&nbsp;250g druskos (10 virtuvini\u0173 &scaron;auk&scaron;t\u0173) i&scaron;tirpinti vonios vandenyje (37-38&deg;\u0421). Maudytis vonioje 15minu\u010di\u0173, po to nuplauti od\u0105 po tenkan\u010diu vandeniu, ramiai pgul\u0117ti 20 minu\u010di\u0173. Nenaudoti muilo.<\/p>\n","protected":false},"excerpt":{"rendered":"<p>Valo od\u0105, pagerina i&scaron;vaizd\u0105, palaiko ger\u0105 jos b\u016bkl\u0119. Sustiprins od\u0105 ir jos apsaugin\u0119 funkcij\u0105, pa&scaron;alins nuovarg\u012f, pakels nuotaik\u0105.&nbsp; Naudojimas:&nbsp;250g druskos (10 virtuvini\u0173 &scaron;auk&scaron;t\u0173) i&scaron;tirpinti vonios vandenyje (37-38&deg;\u0421). Maudytis vonioje 15minu\u010di\u0173, po to nuplauti od\u0105 po tenkan\u010diu vandeniu, ramiai pgul\u0117ti 20 minu\u010di\u0173. Nenaudoti muilo.<\/p>\n","protected":false},"featured_media":78678,"template":"","meta":[],"product_cat":[1612],"product_tag":[],"class_list":{"0":"post-32177","1":"product","2":"type-product","3":"status-publish","4":"has-post-thumbnail","6":"product_brand-aqua-cosmetics_ua-lt","7":"product_cat-putos-druska-vonios-bombos","9":"first","10":"instock","11":"taxable","12":"shipping-taxable","13":"product-type-simple"},"_links":{"self":[{"href":"https:\/\/e.kosmolat.eu\/lt\/wp-json\/wp\/v2\/product\/32177","targetHints":{"allow":["GET"]}}],"collection":[{"href":"https:\/\/e.kosmolat.eu\/lt\/wp-json\/wp\/v2\/product"}],"about":[{"href":"https:\/\/e.kosmolat.eu\/lt\/wp-json\/wp\/v2\/types\/product"}],"wp:featuredmedia":[{"embeddable":true,"href":"https:\/\/e.kosmolat.eu\/lt\/wp-json\/wp\/v2\/media\/78678"}],"wp:attachment":[{"href":"https:\/\/e.kosmolat.eu\/lt\/wp-json\/wp\/v2\/media?parent=32177"}],"wp:term":[{"taxonomy":"product_cat","embeddable":true,"href":"https:\/\/e.kosmolat.eu\/lt\/wp-json\/wp\/v2\/product_cat?post=32177"},{"taxonomy":"product_tag","embeddable":true,"href":"https:\/\/e.kosmolat.eu\/lt\/wp-json\/wp\/v2\/product_tag?post=32177"}],"curies":[{"name":"wp","href":"https:\/\/api.w.org\/{rel}","templated":true}]}}