{"id":32165,"date":"2023-12-21T16:43:50","date_gmt":"2023-12-21T16:43:50","guid":{"rendered":"https:\/\/e.kosmolat.eu\/product\/sals-vannam-ar-putam-un-kaolinu-roze-500-g\/"},"modified":"2026-04-22T09:10:50","modified_gmt":"2026-04-22T09:10:50","slug":"sals-vannam-ar-putam-un-kaolinu-roze-500-g","status":"publish","type":"product","link":"https:\/\/e.kosmolat.eu\/lt\/produktas\/sals-vannam-ar-putam-un-kaolinu-roze-500-g\/","title":{"rendered":"\u017delana Vonios druska (ro\u017ei\u0173), 500 g"},"content":{"rendered":"<p>Putuojanti vonios druska suma\u017eina \u012ftamp\u0105.<br \/>\nRo\u017ei\u0173 aliejus tinka vis\u0173 tip\u0173 odos prie\u017ei\u016brai, tonizuoja ir atstato od\u0105. Normalizuoja mieg\u0105 ir pa\u0161alina stresin\u0119 \u012ftamp\u0105. Baltas molis sugeria nereikalingas organizmui med\u017eiagas.<\/p>\n<p>NAUDOJIMO B\u016aDAS: i\u0161tirpinti 250g \u0161iltame vandenyje. Vonios proced\u016br\u0105 t\u0119sti 15-20min.<\/p>\n<p>LAIKYMO S\u0104LYGOS: nuo +5\u00b0\u0421 iki +25 \u00b0\u0421, saugoti nuo tiesiogini\u0173 saul\u0117s spinduli\u0173.<\/p>\n","protected":false},"excerpt":{"rendered":"<p>Putuojanti vonios druska suma\u017eina \u012ftamp\u0105. Ro\u017ei\u0173 aliejus tinka vis\u0173 tip\u0173 odos prie\u017ei\u016brai, tonizuoja ir atstato od\u0105. Normalizuoja mieg\u0105 ir pa\u0161alina stresin\u0119 \u012ftamp\u0105. Baltas molis sugeria nereikalingas organizmui med\u017eiagas. NAUDOJIMO B\u016aDAS: i\u0161tirpinti 250g \u0161iltame vandenyje. Vonios proced\u016br\u0105 t\u0119sti 15-20min. LAIKYMO S\u0104LYGOS: nuo +5\u00b0\u0421 iki +25 \u00b0\u0421, saugoti nuo tiesiogini\u0173 saul\u0117s spinduli\u0173.<\/p>\n","protected":false},"featured_media":78738,"template":"","meta":[],"product_cat":[2181],"product_tag":[],"class_list":{"0":"post-32165","1":"product","2":"type-product","3":"status-publish","4":"has-post-thumbnail","6":"product_brand-aqua-cosmetics_ua-lt","7":"product_cat-bez-kategorijas-lt","9":"first","10":"instock","11":"taxable","12":"shipping-taxable","13":"product-type-simple"},"_links":{"self":[{"href":"https:\/\/e.kosmolat.eu\/lt\/wp-json\/wp\/v2\/product\/32165","targetHints":{"allow":["GET"]}}],"collection":[{"href":"https:\/\/e.kosmolat.eu\/lt\/wp-json\/wp\/v2\/product"}],"about":[{"href":"https:\/\/e.kosmolat.eu\/lt\/wp-json\/wp\/v2\/types\/product"}],"wp:featuredmedia":[{"embeddable":true,"href":"https:\/\/e.kosmolat.eu\/lt\/wp-json\/wp\/v2\/media\/78738"}],"wp:attachment":[{"href":"https:\/\/e.kosmolat.eu\/lt\/wp-json\/wp\/v2\/media?parent=32165"}],"wp:term":[{"taxonomy":"product_cat","embeddable":true,"href":"https:\/\/e.kosmolat.eu\/lt\/wp-json\/wp\/v2\/product_cat?post=32165"},{"taxonomy":"product_tag","embeddable":true,"href":"https:\/\/e.kosmolat.eu\/lt\/wp-json\/wp\/v2\/product_tag?post=32165"}],"curies":[{"name":"wp","href":"https:\/\/api.w.org\/{rel}","templated":true}]}}