{"id":32149,"date":"2023-12-21T16:43:02","date_gmt":"2023-12-21T16:43:02","guid":{"rendered":"https:\/\/e.kosmolat.eu\/product\/sals-vannam-ar-eterisku-ellu-priede-500-g\/"},"modified":"2026-04-22T11:28:45","modified_gmt":"2026-04-22T11:28:45","slug":"sals-vannam-ar-eterisku-ellu-priede-500-g","status":"publish","type":"product","link":"https:\/\/e.kosmolat.eu\/lt\/produktas\/sals-vannam-ar-eterisku-ellu-priede-500-g\/","title":{"rendered":"\u017dELANA Vonios druska su eteriniu aliejumi pu\u0161is, 500 g"},"content":{"rendered":"<p>Aplinkai nekenksminga &scaron;vari j\u016bros druska yra turtingas nat\u016bralus druskos ir mikroelement\u0173 koncentratas, b\u016btinas normaliai vis\u0173 m\u016bs\u0173 k\u016bno organ\u0173 veiklai.<br \/>\nSpecial\u016bs dervingi pu&scaron;\u0173 eterinio aliejaus komponentai skatina odos med\u017eiag\u0173 apykait\u0105, pagreitina pa\u017eeidim\u0173 regeneracij\u0105 ir skatina veiksmingesn\u012f gydym\u0105. Aromatin\u0117 vonia su pu&scaron;\u0173 eteriniu aliejumi su&scaron;ildo ir atpalaiduoja raumenis, ma\u017eina nuovarg\u012f ir stres\u0105, didina darbingum\u0105 ir gerina nuotaik\u0105.<\/p>\n<p><strong>Naudojimas: <\/strong>i&scaron;tirpinkite j\u016bros drusk\u0105 &scaron;iltame vandenyje (37 &ordm;\u0421 &#8211; 40 &ordm;\u0421) po vien\u0105 pakuot\u0119 (500 g) vonioje. M\u0117gaukit\u0117s vonia 15 minu\u010di\u0173. Nuplaukite od\u0105 tekan\u010diu vandeniu. Nenaudokite muilo. Po druskos vonios pagul\u0117kite 20 minu\u010di\u0173. Rekomenduojamas kursas: 8-10 voni\u0173 per 14-20 dien\u0173.<br \/>\n&nbsp;<\/p>\n","protected":false},"excerpt":{"rendered":"<p>Aplinkai nekenksminga &scaron;vari j\u016bros druska yra turtingas nat\u016bralus druskos ir mikroelement\u0173 koncentratas, b\u016btinas normaliai vis\u0173 m\u016bs\u0173 k\u016bno organ\u0173 veiklai. Special\u016bs dervingi pu&scaron;\u0173 eterinio aliejaus komponentai skatina odos med\u017eiag\u0173 apykait\u0105, pagreitina pa\u017eeidim\u0173 regeneracij\u0105 ir skatina veiksmingesn\u012f gydym\u0105. Aromatin\u0117 vonia su pu&scaron;\u0173 eteriniu aliejumi su&scaron;ildo ir atpalaiduoja raumenis, ma\u017eina nuovarg\u012f ir stres\u0105, didina darbingum\u0105 ir gerina nuotaik\u0105. [&#8230;]\n","protected":false},"featured_media":78714,"template":"","meta":[],"product_cat":[2181],"product_tag":[],"class_list":{"0":"post-32149","1":"product","2":"type-product","3":"status-publish","4":"has-post-thumbnail","6":"product_brand-aqua-cosmetics_ua-lt","7":"product_cat-bez-kategorijas-lt","9":"first","10":"instock","11":"taxable","12":"shipping-taxable","13":"product-type-simple"},"_links":{"self":[{"href":"https:\/\/e.kosmolat.eu\/lt\/wp-json\/wp\/v2\/product\/32149","targetHints":{"allow":["GET"]}}],"collection":[{"href":"https:\/\/e.kosmolat.eu\/lt\/wp-json\/wp\/v2\/product"}],"about":[{"href":"https:\/\/e.kosmolat.eu\/lt\/wp-json\/wp\/v2\/types\/product"}],"wp:featuredmedia":[{"embeddable":true,"href":"https:\/\/e.kosmolat.eu\/lt\/wp-json\/wp\/v2\/media\/78714"}],"wp:attachment":[{"href":"https:\/\/e.kosmolat.eu\/lt\/wp-json\/wp\/v2\/media?parent=32149"}],"wp:term":[{"taxonomy":"product_cat","embeddable":true,"href":"https:\/\/e.kosmolat.eu\/lt\/wp-json\/wp\/v2\/product_cat?post=32149"},{"taxonomy":"product_tag","embeddable":true,"href":"https:\/\/e.kosmolat.eu\/lt\/wp-json\/wp\/v2\/product_tag?post=32149"}],"curies":[{"name":"wp","href":"https:\/\/api.w.org\/{rel}","templated":true}]}}