{"id":32145,"date":"2023-12-21T16:42:50","date_gmt":"2023-12-21T16:42:50","guid":{"rendered":"https:\/\/e.kosmolat.eu\/product\/artcolor-matu-balinasanas-lidzeklis-blondea-20g-15g\/"},"modified":"2025-09-19T15:21:50","modified_gmt":"2025-09-19T15:21:50","slug":"artcolor-matu-balinasanas-lidzeklis-blondea-20g-15g","status":"publish","type":"product","link":"https:\/\/e.kosmolat.eu\/lt\/produktas\/artcolor-matu-balinasanas-lidzeklis-blondea-20g-15g\/","title":{"rendered":"ARTCOLOR Plauk\u0173 \u0161viesinimo priemon\u0117 Blondea, 20g\/15g"},"content":{"rendered":"<p><strong>Rinkinys:<\/strong>&nbsp;stiprinantys milteliai (20 g); Hidroperitas- milteliai (15 g) arba tabletes (10 vnt x 1,5 g); naudojimo instrukcija.&nbsp;<\/p>\n<p><strong>Atsargumo priemon\u0117s: <\/strong>naudoti pagal instrukcij\u0105.Patekus \u012f akis praplauti dideliu kiekiu vandens. Sud\u0117tyje yra vandenilio peroksido. Nenaudoti antaki\u0173 ir blakstien\u0173 balinimui. Saugoti nuo vaik\u0173. Laikyti v\u0117sioje, sausoje vietoje, apsaugotoje nuo tiesiogini\u0173 saul\u0117s spinduli\u0173.&nbsp;<\/p>\n<p><strong>Naudojimo instrukcija:&nbsp;<\/strong><\/p>\n<ul>\n<li><strong>Pasirengimas &scaron;viesinimui: <\/strong>nemetaliniame dubenyje 40cm &sup3; vandens i&scaron;tirpinkite gidroperito miltelius ar sutrintas tabletes, prid\u0117kite 10 cm &sup3;, (1 valg. &scaron;auk&scaron;t\u0105) &scaron;amp\u016bno ar skysto muilo ir milteli\u0173 stipriklio, gerai i&scaron;mai&scaron;ykite (ne ma\u017eiau kaip 2 min.) kol gausite vientis\u0105 \u017eel\u0117 mi&scaron;in\u012f .<\/li>\n<li><strong>Plauk\u0173 &scaron;viesinimas: <\/strong>gaut\u0105 &scaron;viesinimo mi&scaron;in\u012f tepkite ant saus\u0173, neplaut\u0173 plauk\u0173, dalindami juos \u012f sruogas. Prad\u0117kite nuo &scaron;akn\u0173, paskui paskirstykite per vis\u0105 plauk\u0173 ilg\u012f . Laikykite 20-40 minu\u010di\u0173. Rekomenduojama tamsius plaukus &scaron;viesinti du kartus, siekiant suma\u017einti gelton\u0173 plauk\u0173 efekt\u0105.&nbsp;<\/li>\n<li><strong>Baigiamoji proced\u016bra:<\/strong>&nbsp;kruop&scaron;\u010diai i&scaron;plaukite plaukus &scaron;iltu vandeniu, o paskui &#8211; &scaron;amp\u016bnu. Kad plaukai \u012fgaut\u0173 papildom\u0105 mink&scaron;tum\u0105 ir blizges\u012f, naudokite skalaujant\u012f balzam\u0105.&nbsp;<\/li>\n<\/ul>\n<p><strong>Saugos rekomendacijos:<\/strong>&nbsp;naudokite apsaugines pir&scaron;tines; Pasitikrinkite odos jautrum\u0105.Nedidel\u012f kiek\u012f milteli\u0173 -stipriklio sumai&scaron;ykite su la&scaron;eliu &scaron;amp\u016bno , nedideliu kiekiu vandens, gidroperitu (miltelius arba sutrintas tabletes) ir u\u017etepkite ant vidinio alk\u016bn\u0117s linkio ar u\u017e ausies, palaikykite 5-10 minu\u010di\u0173. Jeioda stipriai paraus, vartoti nerekomenduojama. Nenaudokite &scaron;viesinimo priemon\u0117s plaukams da\u017eytiems nat\u016braliais ch<\/p>\n","protected":false},"excerpt":{"rendered":"<p>Rinkinys:&nbsp;stiprinantys milteliai (20 g); Hidroperitas- milteliai (15 g) arba tabletes (10 vnt x 1,5 g); naudojimo instrukcija.&nbsp; Atsargumo priemon\u0117s: naudoti pagal instrukcij\u0105.Patekus \u012f akis praplauti dideliu kiekiu vandens. Sud\u0117tyje yra vandenilio peroksido. Nenaudoti antaki\u0173 ir blakstien\u0173 balinimui. Saugoti nuo vaik\u0173. Laikyti v\u0117sioje, sausoje vietoje, apsaugotoje nuo tiesiogini\u0173 saul\u0117s spinduli\u0173.&nbsp; Naudojimo instrukcija:&nbsp; Pasirengimas &scaron;viesinimui: nemetaliniame dubenyje [&#8230;]\n","protected":false},"featured_media":78674,"template":"","meta":[],"product_cat":[1663],"product_tag":[],"class_list":{"0":"post-32145","1":"product","2":"type-product","3":"status-publish","4":"has-post-thumbnail","6":"product_brand-malina-akcija-lt","7":"product_cat-priemones-plaukams-sviesinti","9":"first","10":"outofstock","11":"taxable","12":"shipping-taxable","13":"product-type-simple"},"_links":{"self":[{"href":"https:\/\/e.kosmolat.eu\/lt\/wp-json\/wp\/v2\/product\/32145","targetHints":{"allow":["GET"]}}],"collection":[{"href":"https:\/\/e.kosmolat.eu\/lt\/wp-json\/wp\/v2\/product"}],"about":[{"href":"https:\/\/e.kosmolat.eu\/lt\/wp-json\/wp\/v2\/types\/product"}],"wp:featuredmedia":[{"embeddable":true,"href":"https:\/\/e.kosmolat.eu\/lt\/wp-json\/wp\/v2\/media\/78674"}],"wp:attachment":[{"href":"https:\/\/e.kosmolat.eu\/lt\/wp-json\/wp\/v2\/media?parent=32145"}],"wp:term":[{"taxonomy":"product_cat","embeddable":true,"href":"https:\/\/e.kosmolat.eu\/lt\/wp-json\/wp\/v2\/product_cat?post=32145"},{"taxonomy":"product_tag","embeddable":true,"href":"https:\/\/e.kosmolat.eu\/lt\/wp-json\/wp\/v2\/product_tag?post=32145"}],"curies":[{"name":"wp","href":"https:\/\/api.w.org\/{rel}","templated":true}]}}