{"id":32141,"date":"2023-12-21T16:42:39","date_gmt":"2023-12-21T16:42:39","guid":{"rendered":"https:\/\/e.kosmolat.eu\/product\/lb-smaganu-skalos-lidz-ar-ozola-mizas-baltegles-ekstr-250-ml\/"},"modified":"2025-09-19T16:08:43","modified_gmt":"2025-09-19T16:08:43","slug":"lb-smaganu-skalos-lidz-ar-ozola-mizas-baltegles-ekstr-250-ml","status":"publish","type":"product","link":"https:\/\/e.kosmolat.eu\/lt\/produktas\/lb-smaganu-skalos-lidz-ar-ozola-mizas-baltegles-ekstr-250-ml\/","title":{"rendered":"Lesnoj Balzam Dant\u0173 skalavimo skystis su \u0105\u017euolo \u017eiev\u0117s ir pu\u0161\u0173 ekstraktu"},"content":{"rendered":"<p>Ma\u017eina apna\u0161as,saugo nuo danten\u0173 susirgim\u0173,ma\u017eina danten\u0173 u\u017edegimus,\u0161alina danten\u0173 skausmo \u017eidinius.\n<\/p>\n<h4>\nNAUDOJIMO B\u016aDAS: <\/h4>\n<p>pilkite \u012f kam\u0161tel\u012f skalavimo skys\u010dio.Skalaukite 1 min.Naudokite skys\u010dio 2 kartus dienoje po valgio ir dant\u0173 valymo.<\/p>\n<p>SAUGOTIS: neryti. Nerekomenduojame vaikams iki 7 met\u0173 be stomatologo leidimo.<\/p>\n","protected":false},"excerpt":{"rendered":"<p>Ma\u017eina apna\u0161as,saugo nuo danten\u0173 susirgim\u0173,ma\u017eina danten\u0173 u\u017edegimus,\u0161alina danten\u0173 skausmo \u017eidinius. NAUDOJIMO B\u016aDAS: pilkite \u012f kam\u0161tel\u012f skalavimo skys\u010dio.Skalaukite 1 min.Naudokite skys\u010dio 2 kartus dienoje po valgio ir dant\u0173 valymo. SAUGOTIS: neryti. Nerekomenduojame vaikams iki 7 met\u0173 be stomatologo leidimo.<\/p>\n","protected":false},"featured_media":79366,"template":"","meta":[],"product_cat":[1313],"product_tag":[],"class_list":{"0":"post-32141","1":"product","2":"type-product","3":"status-publish","4":"has-post-thumbnail","6":"product_brand-unilever-rus-lt","7":"product_cat-burnos-skalavimo-priemones","9":"first","10":"outofstock","11":"taxable","12":"shipping-taxable","13":"product-type-simple"},"_links":{"self":[{"href":"https:\/\/e.kosmolat.eu\/lt\/wp-json\/wp\/v2\/product\/32141","targetHints":{"allow":["GET"]}}],"collection":[{"href":"https:\/\/e.kosmolat.eu\/lt\/wp-json\/wp\/v2\/product"}],"about":[{"href":"https:\/\/e.kosmolat.eu\/lt\/wp-json\/wp\/v2\/types\/product"}],"wp:featuredmedia":[{"embeddable":true,"href":"https:\/\/e.kosmolat.eu\/lt\/wp-json\/wp\/v2\/media\/79366"}],"wp:attachment":[{"href":"https:\/\/e.kosmolat.eu\/lt\/wp-json\/wp\/v2\/media?parent=32141"}],"wp:term":[{"taxonomy":"product_cat","embeddable":true,"href":"https:\/\/e.kosmolat.eu\/lt\/wp-json\/wp\/v2\/product_cat?post=32141"},{"taxonomy":"product_tag","embeddable":true,"href":"https:\/\/e.kosmolat.eu\/lt\/wp-json\/wp\/v2\/product_tag?post=32141"}],"curies":[{"name":"wp","href":"https:\/\/api.w.org\/{rel}","templated":true}]}}