{"id":32137,"date":"2023-12-21T16:42:25","date_gmt":"2023-12-21T16:42:25","guid":{"rendered":"https:\/\/e.kosmolat.eu\/product\/lb-smaganu-skalos-lidz-ar-ciedru-riekstu-ellu-salvijas-ekstr-250-ml\/"},"modified":"2025-09-19T16:08:27","modified_gmt":"2025-09-19T16:08:27","slug":"lb-smaganu-skalos-lidz-ar-ciedru-riekstu-ellu-salvijas-ekstr-250-ml","status":"publish","type":"product","link":"https:\/\/e.kosmolat.eu\/lt\/produktas\/lb-smaganu-skalos-lidz-ar-ciedru-riekstu-ellu-salvijas-ekstr-250-ml\/","title":{"rendered":"Lesnoj Balzam Dant\u0173 skalavimo skystis su kedro rie\u0161ut\u0173 ir \u0161alavij\u0173 ekstraktu 250 ml"},"content":{"rendered":"<ul>\n<li>\u012e sud\u0117t\u012f ne\u012feina alkoholis ir cukrus<\/li>\n<li>Sud\u0117tyje yra natrio fluorido<\/li>\n<\/ul>\n<p>Pagamintas 5 vaistini\u0173 augal\u0173 pagrindu kartu su \u0161alvij\u0173 ir alijo\u0161iaus ekstraktais<\/p>\n<p><b>\u0160alavij\u0173 ekstraktas<\/b> padeda suma\u017einti danten\u0173 u\u017edegim\u0105, d\u0117ka antibakterinio poveikio apsaugo nuo patogenini\u0173 bakterij\u0173 vystymosi burnos ertm\u0117je<\/p>\n<p><b>Kedro rie\u0161ut\u0173 aliejus<\/b> padeda suma\u017einti dirginim\u0105, nie\u017e\u0117jim\u0105 ir stiprina danten\u0173 audinius<\/p>\n<p><b>5 \u017eoleli\u0173 nuoviras\u00a0<\/b>(ramun\u0117li\u0173, krauja\u017eoli\u0173, jona\u017eoli\u0173, ugnia\u017eoli\u0173 ir dilg\u0117li\u0173) stiprina dantenas, u\u017etikrina papildom\u0105 profilaktin\u0117 apsaug\u0105<\/p>\n<\/p>\n<p><font face=\"Helvetica\"><span style=\"font-size: 18px;\">Klinikini\u0173 tyrim\u0173 rezultatai parod\u0117:<\/span><\/font><\/p>\n<ul>\n<li>Ma\u017eina danten\u0173 u\u017edegim\u0105 iki 93%<\/li>\n<li>Padeda pa\u0161alinti danten\u0173 skausmus pas 100% vartotoj\u0173<\/li>\n<li>Palaiko normali\u0105 burnos mikroflor\u0105<\/li>\n<li>Nesukelia disbakterioz\u0117s<\/li>\n<\/ul>\n<p><font face=\"Helvetica\"><span style=\"font-size: 18px;\">Naudojimo b\u016bdas:<\/span> <\/font><\/p>\n<p>\u012epilkite skaliklio \u012f kam\u0161tel\u012f iki 10 ml \u017eymos. Kruo\u0161\u010diai skalauti burn\u0105 1 min. Rekomenduojama vartoti po kiekvieno dant\u0173 valymo. <\/p>\n<p><font face=\"Helvetica\"><span style=\"font-size: 18px;\">Atsargumo priemon\u0117s:<\/span><\/font><\/p>\n<p>Neryti. Nerekomenduojame vaikams iki 7 met\u0173 be stomatologo leidimo.<\/p>\n","protected":false},"excerpt":{"rendered":"<p>\u012e sud\u0117t\u012f ne\u012feina alkoholis ir cukrus Sud\u0117tyje yra natrio fluorido Pagamintas 5 vaistini\u0173 augal\u0173 pagrindu kartu su \u0161alvij\u0173 ir alijo\u0161iaus ekstraktais \u0160alavij\u0173 ekstraktas padeda suma\u017einti danten\u0173 u\u017edegim\u0105, d\u0117ka antibakterinio poveikio apsaugo nuo patogenini\u0173 bakterij\u0173 vystymosi burnos ertm\u0117je Kedro rie\u0161ut\u0173 aliejus padeda suma\u017einti dirginim\u0105, nie\u017e\u0117jim\u0105 ir stiprina danten\u0173 audinius 5 \u017eoleli\u0173 nuoviras\u00a0(ramun\u0117li\u0173, krauja\u017eoli\u0173, jona\u017eoli\u0173, ugnia\u017eoli\u0173 ir [&#8230;]\n","protected":false},"featured_media":79350,"template":"","meta":[],"product_cat":[1313],"product_tag":[],"class_list":{"0":"post-32137","1":"product","2":"type-product","3":"status-publish","4":"has-post-thumbnail","6":"product_brand-unilever-rus-lt","7":"product_cat-burnos-skalavimo-priemones","9":"first","10":"outofstock","11":"taxable","12":"shipping-taxable","13":"product-type-simple"},"_links":{"self":[{"href":"https:\/\/e.kosmolat.eu\/lt\/wp-json\/wp\/v2\/product\/32137","targetHints":{"allow":["GET"]}}],"collection":[{"href":"https:\/\/e.kosmolat.eu\/lt\/wp-json\/wp\/v2\/product"}],"about":[{"href":"https:\/\/e.kosmolat.eu\/lt\/wp-json\/wp\/v2\/types\/product"}],"wp:featuredmedia":[{"embeddable":true,"href":"https:\/\/e.kosmolat.eu\/lt\/wp-json\/wp\/v2\/media\/79350"}],"wp:attachment":[{"href":"https:\/\/e.kosmolat.eu\/lt\/wp-json\/wp\/v2\/media?parent=32137"}],"wp:term":[{"taxonomy":"product_cat","embeddable":true,"href":"https:\/\/e.kosmolat.eu\/lt\/wp-json\/wp\/v2\/product_cat?post=32137"},{"taxonomy":"product_tag","embeddable":true,"href":"https:\/\/e.kosmolat.eu\/lt\/wp-json\/wp\/v2\/product_tag?post=32137"}],"curies":[{"name":"wp","href":"https:\/\/api.w.org\/{rel}","templated":true}]}}