{"id":32133,"date":"2023-12-21T16:42:15","date_gmt":"2023-12-21T16:42:15","guid":{"rendered":"https:\/\/e.kosmolat.eu\/product\/srk-kosmetiskais-vazelins-42-ml\/"},"modified":"2025-09-19T15:19:59","modified_gmt":"2025-09-19T15:19:59","slug":"srk-kosmetiskais-vazelins-42-ml","status":"publish","type":"product","link":"https:\/\/e.kosmolat.eu\/lt\/produktas\/srk-kosmetiskais-vazelins-42-ml\/","title":{"rendered":"Kosmetinis vazelinas, 42 g"},"content":{"rendered":"<p>Tai priemon\u0117 \u0161velninanti od\u0105 ir apsauganti nuo i\u0161orini\u0173 sudirgim\u0173. Vazelinas pa\u0161alina sausumo ir tempimo poj\u016bt\u012f, suteikia odai lygumo, padeda \u0161alinti \u012ftr\u016bkimus ir odos pleiskanojim\u0105. Vazelinas sukuria vandeniui atspari\u0105 pl\u0117vel\u0119, apsaugan\u010di\u0105 od\u0105 nuo neigiamo aplinkos poveikio (temperat\u016bros skirtum\u0173, v\u0117jo, sauso oro).\n<\/p>\n<p>Naudojimo b\u016bdas:\n<\/p>\n<p>nedidel\u012f  vazelino kiek\u012f u\u017etepkite ant  odos, tolygiai paskirstykite masa\u017euodami. Norint pasiekti didesn\u012f poveik\u012f, d\u0117v\u0117kite medvilnines pir\u0161tines ant rank\u0173 10-15 minu\u010di\u0173.\u00a0<\/p>\n","protected":false},"excerpt":{"rendered":"<p>Tai priemon\u0117 \u0161velninanti od\u0105 ir apsauganti nuo i\u0161orini\u0173 sudirgim\u0173. Vazelinas pa\u0161alina sausumo ir tempimo poj\u016bt\u012f, suteikia odai lygumo, padeda \u0161alinti \u012ftr\u016bkimus ir odos pleiskanojim\u0105. Vazelinas sukuria vandeniui atspari\u0105 pl\u0117vel\u0119, apsaugan\u010di\u0105 od\u0105 nuo neigiamo aplinkos poveikio (temperat\u016bros skirtum\u0173, v\u0117jo, sauso oro). Naudojimo b\u016bdas: nedidel\u012f vazelino kiek\u012f u\u017etepkite ant odos, tolygiai paskirstykite masa\u017euodami. Norint pasiekti didesn\u012f poveik\u012f, [&#8230;]\n","protected":false},"featured_media":78642,"template":"","meta":[],"product_cat":[1390],"product_tag":[],"class_list":{"0":"post-32133","1":"product","2":"type-product","3":"status-publish","4":"has-post-thumbnail","6":"product_brand-unilever-rus-lt","7":"product_cat-kremai-aliejai-kuno-pienelis","9":"first","10":"outofstock","11":"taxable","12":"shipping-taxable","13":"product-type-simple"},"_links":{"self":[{"href":"https:\/\/e.kosmolat.eu\/lt\/wp-json\/wp\/v2\/product\/32133","targetHints":{"allow":["GET"]}}],"collection":[{"href":"https:\/\/e.kosmolat.eu\/lt\/wp-json\/wp\/v2\/product"}],"about":[{"href":"https:\/\/e.kosmolat.eu\/lt\/wp-json\/wp\/v2\/types\/product"}],"wp:featuredmedia":[{"embeddable":true,"href":"https:\/\/e.kosmolat.eu\/lt\/wp-json\/wp\/v2\/media\/78642"}],"wp:attachment":[{"href":"https:\/\/e.kosmolat.eu\/lt\/wp-json\/wp\/v2\/media?parent=32133"}],"wp:term":[{"taxonomy":"product_cat","embeddable":true,"href":"https:\/\/e.kosmolat.eu\/lt\/wp-json\/wp\/v2\/product_cat?post=32133"},{"taxonomy":"product_tag","embeddable":true,"href":"https:\/\/e.kosmolat.eu\/lt\/wp-json\/wp\/v2\/product_tag?post=32133"}],"curies":[{"name":"wp","href":"https:\/\/api.w.org\/{rel}","templated":true}]}}