{"id":32129,"date":"2023-12-21T16:42:05","date_gmt":"2023-12-21T16:42:05","guid":{"rendered":"https:\/\/e.kosmolat.eu\/product\/br-barojoss-roku-krems-80-ml\/"},"modified":"2025-09-19T15:19:21","modified_gmt":"2025-09-19T15:19:21","slug":"br-barojoss-roku-krems-80-ml","status":"publish","type":"product","link":"https:\/\/e.kosmolat.eu\/lt\/produktas\/br-barojoss-roku-krems-80-ml\/","title":{"rendered":"BARCHATNYJE RU\u010cKI Rank\u0173 kremas Maitinamasis"},"content":{"rendered":"<p>Sviestmed\u017eio sviestas, avokado aliejus, provitaminas B5. Turi dr\u0117kinan\u010di\u0173 ir raminan\u010di\u0173 savybi\u0173, maitina od\u0105, padidina jos elastingum\u0105. Be dirbtini\u0173 da\u017eikli\u0173. NAUDOJIMAS: tepkite rank\u0173 od\u0105 bet kuriuo paros metu.<\/p>\n","protected":false},"excerpt":{"rendered":"<p>Sviestmed\u017eio sviestas, avokado aliejus, provitaminas B5. Turi dr\u0117kinan\u010di\u0173 ir raminan\u010di\u0173 savybi\u0173, maitina od\u0105, padidina jos elastingum\u0105. Be dirbtini\u0173 da\u017eikli\u0173. NAUDOJIMAS: tepkite rank\u0173 od\u0105 bet kuriuo paros metu.<\/p>\n","protected":false},"featured_media":78630,"template":"","meta":[],"product_cat":[1304],"product_tag":[],"class_list":{"0":"post-32129","1":"product","2":"type-product","3":"status-publish","4":"has-post-thumbnail","6":"product_brand-unilever-rus-lt","7":"product_cat-ranku-prieziuros-kosmetika","9":"first","10":"outofstock","11":"taxable","12":"shipping-taxable","13":"product-type-simple"},"_links":{"self":[{"href":"https:\/\/e.kosmolat.eu\/lt\/wp-json\/wp\/v2\/product\/32129","targetHints":{"allow":["GET"]}}],"collection":[{"href":"https:\/\/e.kosmolat.eu\/lt\/wp-json\/wp\/v2\/product"}],"about":[{"href":"https:\/\/e.kosmolat.eu\/lt\/wp-json\/wp\/v2\/types\/product"}],"wp:featuredmedia":[{"embeddable":true,"href":"https:\/\/e.kosmolat.eu\/lt\/wp-json\/wp\/v2\/media\/78630"}],"wp:attachment":[{"href":"https:\/\/e.kosmolat.eu\/lt\/wp-json\/wp\/v2\/media?parent=32129"}],"wp:term":[{"taxonomy":"product_cat","embeddable":true,"href":"https:\/\/e.kosmolat.eu\/lt\/wp-json\/wp\/v2\/product_cat?post=32129"},{"taxonomy":"product_tag","embeddable":true,"href":"https:\/\/e.kosmolat.eu\/lt\/wp-json\/wp\/v2\/product_tag?post=32129"}],"curies":[{"name":"wp","href":"https:\/\/api.w.org\/{rel}","templated":true}]}}