{"id":32125,"date":"2023-12-21T16:41:54","date_gmt":"2023-12-21T16:41:54","guid":{"rendered":"https:\/\/e.kosmolat.eu\/product\/br-sk-kremziepes-intensiva-barosana-240-ml\/"},"modified":"2025-09-19T15:19:09","modified_gmt":"2025-09-19T15:19:09","slug":"br-sk-kremziepes-intensiva-barosana-240-ml","status":"publish","type":"product","link":"https:\/\/e.kosmolat.eu\/lt\/produktas\/br-sk-kremziepes-intensiva-barosana-240-ml\/","title":{"rendered":"BR Muilas-kremas Maitinantis"},"content":{"rendered":"<p>Migdol\u0173 aliejus,vitamin\u0173 kompleksas,pieno proteinai.<\/p>\n<p>Intensyviai maitina ir mink\u0161tina od\u0105.\u0160alina sausum\u0105 ir tempim\u0105 po prausimosi,suteikia odai mink\u0161tumo ir lygumo.<\/p>\n<p>Be dirbtini\u0173 da\u017eikli\u0173.Atitinka nat\u016bral\u0173 odos pH lyg\u012f.<\/p>\n<p>NAUDOJIMAS:i\u0161muilinkite rank\u0173 od\u0105,suplakite ir nuplaukite vandeniu.<\/p>\n","protected":false},"excerpt":{"rendered":"<p>Migdol\u0173 aliejus,vitamin\u0173 kompleksas,pieno proteinai. Intensyviai maitina ir mink\u0161tina od\u0105.\u0160alina sausum\u0105 ir tempim\u0105 po prausimosi,suteikia odai mink\u0161tumo ir lygumo. Be dirbtini\u0173 da\u017eikli\u0173.Atitinka nat\u016bral\u0173 odos pH lyg\u012f. NAUDOJIMAS:i\u0161muilinkite rank\u0173 od\u0105,suplakite ir nuplaukite vandeniu.<\/p>\n","protected":false},"featured_media":78626,"template":"","meta":[],"product_cat":[1609],"product_tag":[],"class_list":{"0":"post-32125","1":"product","2":"type-product","3":"status-publish","4":"has-post-thumbnail","6":"product_brand-unilever-rus-lt","7":"product_cat-muilas","9":"first","10":"outofstock","11":"taxable","12":"shipping-taxable","13":"product-type-simple"},"_links":{"self":[{"href":"https:\/\/e.kosmolat.eu\/lt\/wp-json\/wp\/v2\/product\/32125","targetHints":{"allow":["GET"]}}],"collection":[{"href":"https:\/\/e.kosmolat.eu\/lt\/wp-json\/wp\/v2\/product"}],"about":[{"href":"https:\/\/e.kosmolat.eu\/lt\/wp-json\/wp\/v2\/types\/product"}],"wp:featuredmedia":[{"embeddable":true,"href":"https:\/\/e.kosmolat.eu\/lt\/wp-json\/wp\/v2\/media\/78626"}],"wp:attachment":[{"href":"https:\/\/e.kosmolat.eu\/lt\/wp-json\/wp\/v2\/media?parent=32125"}],"wp:term":[{"taxonomy":"product_cat","embeddable":true,"href":"https:\/\/e.kosmolat.eu\/lt\/wp-json\/wp\/v2\/product_cat?post=32125"},{"taxonomy":"product_tag","embeddable":true,"href":"https:\/\/e.kosmolat.eu\/lt\/wp-json\/wp\/v2\/product_tag?post=32125"}],"curies":[{"name":"wp","href":"https:\/\/api.w.org\/{rel}","templated":true}]}}