{"id":32109,"date":"2023-12-21T16:41:15","date_gmt":"2023-12-21T16:41:15","guid":{"rendered":"https:\/\/e.kosmolat.eu\/product\/shik-tualetes-ziepes-zalais-abols-burvju-darzs-3-x-110-g\/"},"modified":"2026-04-17T07:56:14","modified_gmt":"2026-04-17T07:56:14","slug":"i_shik-tualetes-ziepes-zalais-abols-burvju-darzs-3-x-110-g","status":"publish","type":"product","link":"https:\/\/e.kosmolat.eu\/lt\/produktas\/i_shik-tualetes-ziepes-zalais-abols-burvju-darzs-3-x-110-g\/","title":{"rendered":"I_SHIK Tualetinis muilas \u017dalias obuolys, \u201eStebuklingas sodas\u201c 3 x110 g"},"content":{"rendered":"<p>&Scaron;velnus ir mink&scaron;tas muilas, turintis dr\u0117kinan\u010di\u0173 savybi\u0173. Sud\u0117tyje yra nat\u016bralios kilm\u0117s komponent\u0173, ekstrakt\u0173 ir mink&scaron;tinan\u010dio kosmetinio kremo komponento.<\/p>\n<p>Laikyti sausose, u\u017edarose, gerai v\u0117dinamose patalpose.<\/p>\n<p><strong>Atsargumo priemon\u0117s:<\/strong> patekus \u012f akis, praplauti tekan\u010diu vandeniu.<br \/>\n&nbsp;<\/p>\n","protected":false},"excerpt":{"rendered":"<p>&Scaron;velnus ir mink&scaron;tas muilas, turintis dr\u0117kinan\u010di\u0173 savybi\u0173. Sud\u0117tyje yra nat\u016bralios kilm\u0117s komponent\u0173, ekstrakt\u0173 ir mink&scaron;tinan\u010dio kosmetinio kremo komponento. Laikyti sausose, u\u017edarose, gerai v\u0117dinamose patalpose. Atsargumo priemon\u0117s: patekus \u012f akis, praplauti tekan\u010diu vandeniu. &nbsp;<\/p>\n","protected":false},"featured_media":78558,"template":"","meta":[],"product_cat":[2181],"product_tag":[],"class_list":{"0":"post-32109","1":"product","2":"type-product","3":"status-publish","4":"has-post-thumbnail","6":"product_brand-slobozanskij-milovar_ua-lt","7":"product_cat-bez-kategorijas-lt","9":"first","10":"instock","11":"taxable","12":"shipping-taxable","13":"product-type-simple"},"_links":{"self":[{"href":"https:\/\/e.kosmolat.eu\/lt\/wp-json\/wp\/v2\/product\/32109","targetHints":{"allow":["GET"]}}],"collection":[{"href":"https:\/\/e.kosmolat.eu\/lt\/wp-json\/wp\/v2\/product"}],"about":[{"href":"https:\/\/e.kosmolat.eu\/lt\/wp-json\/wp\/v2\/types\/product"}],"wp:featuredmedia":[{"embeddable":true,"href":"https:\/\/e.kosmolat.eu\/lt\/wp-json\/wp\/v2\/media\/78558"}],"wp:attachment":[{"href":"https:\/\/e.kosmolat.eu\/lt\/wp-json\/wp\/v2\/media?parent=32109"}],"wp:term":[{"taxonomy":"product_cat","embeddable":true,"href":"https:\/\/e.kosmolat.eu\/lt\/wp-json\/wp\/v2\/product_cat?post=32109"},{"taxonomy":"product_tag","embeddable":true,"href":"https:\/\/e.kosmolat.eu\/lt\/wp-json\/wp\/v2\/product_tag?post=32109"}],"curies":[{"name":"wp","href":"https:\/\/api.w.org\/{rel}","templated":true}]}}