{"id":32092,"date":"2023-12-21T14:06:29","date_gmt":"2023-12-21T14:06:29","guid":{"rendered":"https:\/\/e.kosmolat.eu\/product\/bio-formula-balzams-trauku-mazgasanai-sinepes-500-ml-pacina\/"},"modified":"2026-04-24T07:34:10","modified_gmt":"2026-04-24T07:34:10","slug":"bio-formula-balzams-trauku-mazgasanai-sinepes-500-ml-pacina","status":"publish","type":"product","link":"https:\/\/e.kosmolat.eu\/lt\/produktas\/bio-formula-balzams-trauku-mazgasanai-sinepes-500-ml-pacina\/","title":{"rendered":"BIO FORMULA Balzamas ind\u0173 plovimui Garsty\u010dios, 500 ml"},"content":{"rendered":"<p>Su soda. Plauti porcelian\u0105, akmens mas\u0117s, kri&scaron;tol\u0105,stiklinius indus, puodus, keptuves ir kitus virtuv\u0117s reikmenys. Ndirgina odos, nesukelia alergini\u0173 reakcij\u0173, efektyviai nuplauna riebalus &scaron;altame vandenyje, nelieka ant ind\u0173 ir apsaugo od\u0105.<\/p>\n<p><strong>Naudojimas: <\/strong>U\u017epilkite nedidel\u012f kiek\u012f balzamo ant plaunamo pavir&scaron;iaus su kempin\u0117s pagalba. Nuplaukite su vandeniu.<\/p>\n<p><strong>Laikymo s\u0105lygos:<\/strong> nuo +5 &deg; iki 25 &deg; C.<\/p>\n<p><strong>Sud\u0117tis:<\/strong> 5 % arba daugiau, bet ma\u017eiau kaip 15 % anijonini\u0173 &nbsp;aktyvi\u0173j\u0173 pavir&scaron;iaus med\u017eiag\u0173, ma\u017eiau kaip, 5 % &nbsp;nejonini\u0173 &nbsp;aktyvi\u0173j\u0173 pavir&scaron;iaus med\u017eiag\u0173. Kvapai\/ Hexyl Cinnamal. Koncentracijos: Benzisothiazolinone\/ &nbsp;Methylisothiazolinone. Da\u017eai.<\/p>\n<p>&nbsp;<\/p>\n<p><strong><img decoding=\"async\" alt=\"\" src=\"file:\/\/\/C:\/Users\/masha\/Desktop\/GHS07.png\" style=\"height:40px; width:40px\" \/>GHS07 Atsargiai<\/strong><br \/>\nH319 Sukelia smark\u0173 aki\u0173 dirginim\u0105.<br \/>\nH315 Dirgina od\u0105 &nbsp; &nbsp; &nbsp;<br \/>\nH302 Kenksminga prarijus.<br \/>\nH412 Kenksminga vandens organizmams, sukelia ilgalaikius pakitimus.<br \/>\nP102 Laikyti vaikams neprieinamoje vietoje<br \/>\nP264 Po naudojimo kruop&scaron;\u010diai nuplaukite rankas<br \/>\nP270 Naudojant &scaron;\u012f produkt\u0105, nevalgyti, negerti ir ner\u016bkyti.<br \/>\nP273 Saugoti, kad nepatekt\u0173 \u012f aplink\u0105.<br \/>\nP280 M\u016bv\u0117ti apsaugines pir&scaron;tines\/d\u0117v\u0117ti apsauginius drabu\u017eius\/naudoti aki\u0173 (veido) apsaugos priemones.<br \/>\nP305+P351+P338 Patekus \u012f akis: Kelias minutes atsargiai plauti vandeniu. I&scaron;imti kontaktinius l\u0119&scaron;ius, jeigu jie yra ir jeigu lengvai galima tai padaryti. Toliau plauti akis.<br \/>\nP337+P313 Jei aki\u0173 dirginimas nepraeina: kreiptis \u012f gydytoj\u0105&nbsp;<br \/>\nP302+P352 Patekus ant odos: Nuplauti dideliu kiekiu muilo ir vandens<br \/>\nP332+P313 Jeigu sudirginama oda: kreiptis \u012f gydytoj\u0105<br \/>\nP330 I&scaron;skalauti burn\u0105.<br \/>\nP301+P312 Prarijus: pasijutus blogai, skambinti \u012f apsinuodijim\u0173 kontrol\u0117s ir informacijos biur\u0105 \/ kreiptis \u012f gydytoj\u0105&nbsp;<br \/>\nP321 Specialus gydymas (\u017er. &scaron;ioje etiket\u0117je).<br \/>\nP362+P364 Nusivilkti u\u017eter&scaron;tus drabu\u017eius ir i&scaron;skalbti prie&scaron; v\u0117l apsivelkant.<br \/>\nP501 Turin\u012f\/talpykl\u0105 i&scaron;pilti (i&scaron;mesti) &#8211; sunaudot\u0105 &nbsp;pakuot\u0117 utilizuoti &nbsp;kaip buitines atliekas.<br \/>\n&nbsp;<\/p>\n","protected":false},"excerpt":{"rendered":"<p>Su soda. Plauti porcelian\u0105, akmens mas\u0117s, kri&scaron;tol\u0105,stiklinius indus, puodus, keptuves ir kitus virtuv\u0117s reikmenys. Ndirgina odos, nesukelia alergini\u0173 reakcij\u0173, efektyviai nuplauna riebalus &scaron;altame vandenyje, nelieka ant ind\u0173 ir apsaugo od\u0105. Naudojimas: U\u017epilkite nedidel\u012f kiek\u012f balzamo ant plaunamo pavir&scaron;iaus su kempin\u0117s pagalba. Nuplaukite su vandeniu. Laikymo s\u0105lygos: nuo +5 &deg; iki 25 &deg; C. Sud\u0117tis: 5 [&#8230;]\n","protected":false},"featured_media":79734,"template":"","meta":[],"product_cat":[1503],"product_tag":[],"class_list":{"0":"post-32092","1":"product","2":"type-product","3":"status-publish","4":"has-post-thumbnail","6":"product_brand-elfa_ua-lt","7":"product_cat-indu-plovikliai","9":"first","10":"instock","11":"taxable","12":"shipping-taxable","13":"product-type-simple"},"_links":{"self":[{"href":"https:\/\/e.kosmolat.eu\/lt\/wp-json\/wp\/v2\/product\/32092","targetHints":{"allow":["GET"]}}],"collection":[{"href":"https:\/\/e.kosmolat.eu\/lt\/wp-json\/wp\/v2\/product"}],"about":[{"href":"https:\/\/e.kosmolat.eu\/lt\/wp-json\/wp\/v2\/types\/product"}],"wp:featuredmedia":[{"embeddable":true,"href":"https:\/\/e.kosmolat.eu\/lt\/wp-json\/wp\/v2\/media\/79734"}],"wp:attachment":[{"href":"https:\/\/e.kosmolat.eu\/lt\/wp-json\/wp\/v2\/media?parent=32092"}],"wp:term":[{"taxonomy":"product_cat","embeddable":true,"href":"https:\/\/e.kosmolat.eu\/lt\/wp-json\/wp\/v2\/product_cat?post=32092"},{"taxonomy":"product_tag","embeddable":true,"href":"https:\/\/e.kosmolat.eu\/lt\/wp-json\/wp\/v2\/product_tag?post=32092"}],"curies":[{"name":"wp","href":"https:\/\/api.w.org\/{rel}","templated":true}]}}