{"id":32084,"date":"2023-12-21T13:06:30","date_gmt":"2023-12-21T13:06:30","guid":{"rendered":"https:\/\/e.kosmolat.eu\/product\/lb-smaganu-skalos-lidz-dabigs-svaigums-400-ml\/"},"modified":"2024-02-28T06:34:47","modified_gmt":"2024-02-28T06:34:47","slug":"lb-smaganu-skalos-lidz-dabigs-svaigums-400-ml","status":"publish","type":"product","link":"https:\/\/e.kosmolat.eu\/lt\/produktas\/lb-smaganu-skalos-lidz-dabigs-svaigums-400-ml\/","title":{"rendered":"LESNOJ BALZAM Danten\u0173 skalavimo skystis Gamtos gaiva, 400 ml"},"content":{"rendered":"<p>&nbsp;Alijo&scaron;iaus sultys, baltosios arbatos ekstraktas. Skalavimo skystis turi gaivinant\u012f skon\u012f, nesukelia kartumo jausmo. Gali atsirasti nuos\u0117dos, nes sud\u0117tyje yra nat\u016brali\u0173 komponent\u0173. Nuos\u0117dos nekei\u010dia produkto savybi\u0173 kokyb\u0117s ir saugumo.<\/p>\n<p>Naudojimo b\u016bdas:<\/p>\n<p>\u012epilkite skalavimo skys\u010dio \u012f kam&scaron;tel\u012f. 1 minut\u0119 gerai praskalaukite burnos ertm\u0119. Skalavimo skyst\u012f naudokite ne ma\u017eiau nei 2 kartus per dien\u0105 po maisto ir dant\u0173 valymo.Saugumo priemon\u0117s: Sud\u0117tyje yra natrio fluorido. Nenuryti. Nerekomenduojama naudoti vaikams iki 6 met\u0173, nebent b\u016bt\u0173 specialus odontologo nurodymas. Fluorido masin\u0117 dalis-0.02%.&nbsp;<\/p>\n<p>&nbsp;<\/p>\n<p>&nbsp;<\/p>\n<p>&nbsp;<\/p>\n","protected":false},"excerpt":{"rendered":"<p>&nbsp;Alijo&scaron;iaus sultys, baltosios arbatos ekstraktas. Skalavimo skystis turi gaivinant\u012f skon\u012f, nesukelia kartumo jausmo. Gali atsirasti nuos\u0117dos, nes sud\u0117tyje yra nat\u016brali\u0173 komponent\u0173. Nuos\u0117dos nekei\u010dia produkto savybi\u0173 kokyb\u0117s ir saugumo. Naudojimo b\u016bdas: \u012epilkite skalavimo skys\u010dio \u012f kam&scaron;tel\u012f. 1 minut\u0119 gerai praskalaukite burnos ertm\u0119. Skalavimo skyst\u012f naudokite ne ma\u017eiau nei 2 kartus per dien\u0105 po maisto ir dant\u0173 [&#8230;]\n","protected":false},"featured_media":4622,"template":"","meta":[],"product_cat":[1313],"product_tag":[],"class_list":{"0":"post-32084","1":"product","2":"type-product","3":"status-publish","4":"has-post-thumbnail","6":"product_brand-unilever-rus-lt","7":"product_cat-burnos-skalavimo-priemones","9":"first","10":"outofstock","11":"taxable","12":"shipping-taxable","13":"product-type-simple"},"_links":{"self":[{"href":"https:\/\/e.kosmolat.eu\/lt\/wp-json\/wp\/v2\/product\/32084","targetHints":{"allow":["GET"]}}],"collection":[{"href":"https:\/\/e.kosmolat.eu\/lt\/wp-json\/wp\/v2\/product"}],"about":[{"href":"https:\/\/e.kosmolat.eu\/lt\/wp-json\/wp\/v2\/types\/product"}],"wp:featuredmedia":[{"embeddable":true,"href":"https:\/\/e.kosmolat.eu\/lt\/wp-json\/wp\/v2\/media\/4622"}],"wp:attachment":[{"href":"https:\/\/e.kosmolat.eu\/lt\/wp-json\/wp\/v2\/media?parent=32084"}],"wp:term":[{"taxonomy":"product_cat","embeddable":true,"href":"https:\/\/e.kosmolat.eu\/lt\/wp-json\/wp\/v2\/product_cat?post=32084"},{"taxonomy":"product_tag","embeddable":true,"href":"https:\/\/e.kosmolat.eu\/lt\/wp-json\/wp\/v2\/product_tag?post=32084"}],"curies":[{"name":"wp","href":"https:\/\/api.w.org\/{rel}","templated":true}]}}