{"id":32077,"date":"2023-12-20T14:40:48","date_gmt":"2023-12-20T14:40:48","guid":{"rendered":"https:\/\/e.kosmolat.eu\/product\/b-zone-attirosa-zeleja-sejas-mazgasanai-80-g\/"},"modified":"2025-09-19T22:29:49","modified_gmt":"2025-09-19T22:29:49","slug":"b-zone-attirosa-zeleja-sejas-mazgasanai-80-g","status":"publish","type":"product","link":"https:\/\/e.kosmolat.eu\/lt\/produktas\/b-zone-attirosa-zeleja-sejas-mazgasanai-80-g\/","title":{"rendered":"BELKOSMEX B-ZONE  Prausimosi gelis  80 g"},"content":{"rendered":"<p>Veiksmingai pa\u0161alina ne\u0161varumus, riebal\u0173 pertekli\u0173 ir kosmetikos liku\u010dius. Vulkaninio dirvo\u017eemio ekstraktas + baltojo gluosnio \u017eiev\u0117s ekstraktas = valo poras, ma\u017eina netobulumus ir pagerina problemin\u0117s odos i\u0161vaizd\u0105, lengvas balinamasis efektas. MAT-XS&trade; klinikinis, revoliucinis klini\u0161kai \u012frodytas aktyvus ingredientas, skirtas riebiai ir \u012f spuogus linkusiai odai, kovoja su odos b\u0117rimais ir ink\u0161tirais, sutraukia poras ir i\u0161laiko matin\u012f pavir\u0161i\u0173.<\/p>\n<p><strong>Naudojimas: <\/strong><\/p>\n<p>Tepkite ant dr\u0117gnos veido ir kaklo odos, lengvais sukamaisiais judesiais \u012fmasa\u017euokite, nuplaukite vandeniu.<br \/>\nTinka kasdieniam naudojimui.<br \/>\n&nbsp;<\/p>\n","protected":false},"excerpt":{"rendered":"<p>Veiksmingai pa\u0161alina ne\u0161varumus, riebal\u0173 pertekli\u0173 ir kosmetikos liku\u010dius. Vulkaninio dirvo\u017eemio ekstraktas + baltojo gluosnio \u017eiev\u0117s ekstraktas = valo poras, ma\u017eina netobulumus ir pagerina problemin\u0117s odos i\u0161vaizd\u0105, lengvas balinamasis efektas. MAT-XS&trade; klinikinis, revoliucinis klini\u0161kai \u012frodytas aktyvus ingredientas, skirtas riebiai ir \u012f spuogus linkusiai odai, kovoja su odos b\u0117rimais ir ink\u0161tirais, sutraukia poras ir i\u0161laiko matin\u012f pavir\u0161i\u0173. [&#8230;]\n","protected":false},"featured_media":86170,"template":"","meta":[],"product_cat":[1577],"product_tag":[],"class_list":{"0":"post-32077","1":"product","2":"type-product","3":"status-publish","4":"has-post-thumbnail","6":"product_brand-belkosmex_by-lt","7":"product_cat-gelis","9":"first","10":"outofstock","11":"taxable","12":"shipping-taxable","13":"product-type-simple"},"_links":{"self":[{"href":"https:\/\/e.kosmolat.eu\/lt\/wp-json\/wp\/v2\/product\/32077","targetHints":{"allow":["GET"]}}],"collection":[{"href":"https:\/\/e.kosmolat.eu\/lt\/wp-json\/wp\/v2\/product"}],"about":[{"href":"https:\/\/e.kosmolat.eu\/lt\/wp-json\/wp\/v2\/types\/product"}],"wp:featuredmedia":[{"embeddable":true,"href":"https:\/\/e.kosmolat.eu\/lt\/wp-json\/wp\/v2\/media\/86170"}],"wp:attachment":[{"href":"https:\/\/e.kosmolat.eu\/lt\/wp-json\/wp\/v2\/media?parent=32077"}],"wp:term":[{"taxonomy":"product_cat","embeddable":true,"href":"https:\/\/e.kosmolat.eu\/lt\/wp-json\/wp\/v2\/product_cat?post=32077"},{"taxonomy":"product_tag","embeddable":true,"href":"https:\/\/e.kosmolat.eu\/lt\/wp-json\/wp\/v2\/product_tag?post=32077"}],"curies":[{"name":"wp","href":"https:\/\/api.w.org\/{rel}","templated":true}]}}