{"id":32027,"date":"2023-12-19T23:15:28","date_gmt":"2023-12-19T23:15:28","guid":{"rendered":"https:\/\/e.kosmolat.eu\/product\/danhson-vazelins-40-ml\/"},"modified":"2026-04-10T13:48:48","modified_gmt":"2026-04-10T13:48:48","slug":"danhson-vazelins-40-ml","status":"publish","type":"product","link":"https:\/\/e.kosmolat.eu\/lt\/produktas\/danhson-vazelins-40-ml\/","title":{"rendered":"DANHSON Vazelinas, 40 ml"},"content":{"rendered":"<p>Vazelinas dr\u0117kina ir mink&scaron;tina od\u0105. Sukuria apsaugin\u012f barjer\u0105, kuris apsaugo od\u0105 nuo neigiamo aplinkos poveikio.<\/p>\n<p><strong>Naudojimas:<\/strong> tepkite lengvais masa\u017eo judesiais 1-2 kartus per dien\u0105.<\/p>\n<p><strong>Atsargumo priemon\u0117s:<\/strong>&nbsp;vengti patekimo \u012f akis. Patekus \u012f akis, praplauti vandeniu. Laikyti vaikams nepasiekiamoje vietoje.<\/p>\n<p>Laikyti sausoje, u\u017edaroje, gerai v\u0117dinamoje vietoje, toliau nuo &scaron;ildymo prietais\u0173, atokiau nuo tiesiogini\u0173 saul\u0117s spinduli\u0173.<br \/>\n&nbsp;<\/p>\n","protected":false},"excerpt":{"rendered":"<p>Vazelinas dr\u0117kina ir mink&scaron;tina od\u0105. Sukuria apsaugin\u012f barjer\u0105, kuris apsaugo od\u0105 nuo neigiamo aplinkos poveikio. Naudojimas: tepkite lengvais masa\u017eo judesiais 1-2 kartus per dien\u0105. Atsargumo priemon\u0117s:&nbsp;vengti patekimo \u012f akis. Patekus \u012f akis, praplauti vandeniu. Laikyti vaikams nepasiekiamoje vietoje. Laikyti sausoje, u\u017edaroje, gerai v\u0117dinamoje vietoje, toliau nuo &scaron;ildymo prietais\u0173, atokiau nuo tiesiogini\u0173 saul\u0117s spinduli\u0173. &nbsp;<\/p>\n","protected":false},"featured_media":90022,"template":"","meta":[],"product_cat":[1593],"product_tag":[],"class_list":{"0":"post-32027","1":"product","2":"type-product","3":"status-publish","4":"has-post-thumbnail","6":"product_brand-danhson_bg-lt","7":"product_cat-lupu-prieziura","9":"first","10":"instock","11":"taxable","12":"shipping-taxable","13":"product-type-simple"},"_links":{"self":[{"href":"https:\/\/e.kosmolat.eu\/lt\/wp-json\/wp\/v2\/product\/32027","targetHints":{"allow":["GET"]}}],"collection":[{"href":"https:\/\/e.kosmolat.eu\/lt\/wp-json\/wp\/v2\/product"}],"about":[{"href":"https:\/\/e.kosmolat.eu\/lt\/wp-json\/wp\/v2\/types\/product"}],"wp:featuredmedia":[{"embeddable":true,"href":"https:\/\/e.kosmolat.eu\/lt\/wp-json\/wp\/v2\/media\/90022"}],"wp:attachment":[{"href":"https:\/\/e.kosmolat.eu\/lt\/wp-json\/wp\/v2\/media?parent=32027"}],"wp:term":[{"taxonomy":"product_cat","embeddable":true,"href":"https:\/\/e.kosmolat.eu\/lt\/wp-json\/wp\/v2\/product_cat?post=32027"},{"taxonomy":"product_tag","embeddable":true,"href":"https:\/\/e.kosmolat.eu\/lt\/wp-json\/wp\/v2\/product_tag?post=32027"}],"curies":[{"name":"wp","href":"https:\/\/api.w.org\/{rel}","templated":true}]}}