{"id":32023,"date":"2023-12-19T23:15:09","date_gmt":"2023-12-19T23:15:09","guid":{"rendered":"https:\/\/e.kosmolat.eu\/product\/refrigerans-arnika-7-gels-55-ml\/"},"modified":"2025-09-20T02:29:30","modified_gmt":"2025-09-20T02:29:30","slug":"refrigerans-arnika-7-gels-55-ml","status":"publish","type":"product","link":"https:\/\/e.kosmolat.eu\/lt\/produktas\/refrigerans-arnika-7-gels-55-ml\/","title":{"rendered":"REFRIGERANCE Arnica 7% gelis, 55 ml"},"content":{"rendered":"<p>Arnik\u0173 gelis yra raminamojo poveikio priemon\u0117. Jis turi tonizuojant\u012f ir gaivinant\u012f poveik\u012f ir gali b\u016bti tepamas ant vis\u0173 k\u016bno dali\u0173. Arnica Montana &ndash; augalas, padedantis atsigauti po traum\u0173 ir pervargimo. Arnikos eteriniame aliejuje yra daugiau nei 150 veikli\u0173j\u0173 med\u017eiag\u0173, tarp kuri\u0173 yra seskviterpenai, triterpenoidai, azulenas, taninai, flavonoidai ir daugelis kit\u0173. Gelis tinka sportininkams.<\/p>\n<p><strong>Atsargumo priemon\u0117s:<\/strong> Vengti patekimo \u012f akis. Patekus \u012f akis, praplauti vandeniu. Laikyti vaikams nepasiekiamoje vietoje.<\/p>\n<p>Laikyti ne auk&scaron;tesn\u0117je +25 &deg;C temperat\u016broje, sausoje vietoje, toliau nuo &scaron;ildymo prietais\u0173, saugoti nuo tiesiogini\u0173 saul\u0117s spinduli\u0173.<br \/>\n&nbsp;<\/p>\n","protected":false},"excerpt":{"rendered":"<p>Arnik\u0173 gelis yra raminamojo poveikio priemon\u0117. Jis turi tonizuojant\u012f ir gaivinant\u012f poveik\u012f ir gali b\u016bti tepamas ant vis\u0173 k\u016bno dali\u0173. Arnica Montana &ndash; augalas, padedantis atsigauti po traum\u0173 ir pervargimo. Arnikos eteriniame aliejuje yra daugiau nei 150 veikli\u0173j\u0173 med\u017eiag\u0173, tarp kuri\u0173 yra seskviterpenai, triterpenoidai, azulenas, taninai, flavonoidai ir daugelis kit\u0173. Gelis tinka sportininkams. Atsargumo priemon\u0117s: [&#8230;]\n","protected":false},"featured_media":90018,"template":"","meta":[],"product_cat":[1390],"product_tag":[],"class_list":{"0":"post-32023","1":"product","2":"type-product","3":"status-publish","4":"has-post-thumbnail","6":"product_brand-sale-lt","7":"product_cat-kremai-aliejai-kuno-pienelis","9":"first","10":"outofstock","11":"taxable","12":"shipping-taxable","13":"product-type-simple"},"_links":{"self":[{"href":"https:\/\/e.kosmolat.eu\/lt\/wp-json\/wp\/v2\/product\/32023","targetHints":{"allow":["GET"]}}],"collection":[{"href":"https:\/\/e.kosmolat.eu\/lt\/wp-json\/wp\/v2\/product"}],"about":[{"href":"https:\/\/e.kosmolat.eu\/lt\/wp-json\/wp\/v2\/types\/product"}],"wp:featuredmedia":[{"embeddable":true,"href":"https:\/\/e.kosmolat.eu\/lt\/wp-json\/wp\/v2\/media\/90018"}],"wp:attachment":[{"href":"https:\/\/e.kosmolat.eu\/lt\/wp-json\/wp\/v2\/media?parent=32023"}],"wp:term":[{"taxonomy":"product_cat","embeddable":true,"href":"https:\/\/e.kosmolat.eu\/lt\/wp-json\/wp\/v2\/product_cat?post=32023"},{"taxonomy":"product_tag","embeddable":true,"href":"https:\/\/e.kosmolat.eu\/lt\/wp-json\/wp\/v2\/product_tag?post=32023"}],"curies":[{"name":"wp","href":"https:\/\/api.w.org\/{rel}","templated":true}]}}