{"id":32019,"date":"2023-12-19T23:14:53","date_gmt":"2023-12-19T23:14:53","guid":{"rendered":"https:\/\/e.kosmolat.eu\/product\/refrigerans-active-krems-75-ml\/"},"modified":"2026-04-17T06:28:19","modified_gmt":"2026-04-17T06:28:19","slug":"refrigerans-active-krems-75-ml","status":"publish","type":"product","link":"https:\/\/e.kosmolat.eu\/lt\/produktas\/refrigerans-active-krems-75-ml\/","title":{"rendered":"REFRIGERANCE Active Kremas, 75 ml"},"content":{"rendered":"<p>V\u0117sinamasis kremas skirtas suma\u017einti diskomfort\u0105 po fizinio kr\u016bvio ir palengvinti raumen\u0173 spazmus po s\u0117d\u0117jimo. Pasi\u017eymi gaivinan\u010diu ir aromaterapiniu poveikiu, ma\u017eina \u012ftamp\u0105 ir nuovarg\u012f, ramina od\u0105 nuo nudegim\u0173 ir vabzd\u017ei\u0173 \u012fkandim\u0173. Priemon\u0117 taip pat tinka sausai ir jautriai odai.<\/p>\n<p><strong>Naudojimas: <\/strong>tepkite lengvais masa\u017eo judesiais 2-3 kartus per dien\u0105.<\/p>\n<p><strong>Atsargumo priemon\u0117s:<\/strong> Vengti patekimo \u012f akis. Patekus \u012f akis, praplauti vandeniu. Laikyti vaikams nepasiekiamoje vietoje.<\/p>\n<p>Laikyti ne auk&scaron;tesn\u0117je +25 &deg;C temperat\u016broje, sausoje vietoje, toliau nuo &scaron;ildymo prietais\u0173, saugoti nuo tiesiogini\u0173 saul\u0117s spinduli\u0173.<br \/>\n&nbsp;<\/p>\n","protected":false},"excerpt":{"rendered":"<p>V\u0117sinamasis kremas skirtas suma\u017einti diskomfort\u0105 po fizinio kr\u016bvio ir palengvinti raumen\u0173 spazmus po s\u0117d\u0117jimo. Pasi\u017eymi gaivinan\u010diu ir aromaterapiniu poveikiu, ma\u017eina \u012ftamp\u0105 ir nuovarg\u012f, ramina od\u0105 nuo nudegim\u0173 ir vabzd\u017ei\u0173 \u012fkandim\u0173. Priemon\u0117 taip pat tinka sausai ir jautriai odai. Naudojimas: tepkite lengvais masa\u017eo judesiais 2-3 kartus per dien\u0105. Atsargumo priemon\u0117s: Vengti patekimo \u012f akis. Patekus \u012f [&#8230;]\n","protected":false},"featured_media":90014,"template":"","meta":[],"product_cat":[2181],"product_tag":[],"class_list":{"0":"post-32019","1":"product","2":"type-product","3":"status-publish","4":"has-post-thumbnail","6":"product_brand-sale-lt","7":"product_cat-bez-kategorijas-lt","9":"first","10":"instock","11":"taxable","12":"shipping-taxable","13":"product-type-simple"},"_links":{"self":[{"href":"https:\/\/e.kosmolat.eu\/lt\/wp-json\/wp\/v2\/product\/32019","targetHints":{"allow":["GET"]}}],"collection":[{"href":"https:\/\/e.kosmolat.eu\/lt\/wp-json\/wp\/v2\/product"}],"about":[{"href":"https:\/\/e.kosmolat.eu\/lt\/wp-json\/wp\/v2\/types\/product"}],"wp:featuredmedia":[{"embeddable":true,"href":"https:\/\/e.kosmolat.eu\/lt\/wp-json\/wp\/v2\/media\/90014"}],"wp:attachment":[{"href":"https:\/\/e.kosmolat.eu\/lt\/wp-json\/wp\/v2\/media?parent=32019"}],"wp:term":[{"taxonomy":"product_cat","embeddable":true,"href":"https:\/\/e.kosmolat.eu\/lt\/wp-json\/wp\/v2\/product_cat?post=32019"},{"taxonomy":"product_tag","embeddable":true,"href":"https:\/\/e.kosmolat.eu\/lt\/wp-json\/wp\/v2\/product_tag?post=32019"}],"curies":[{"name":"wp","href":"https:\/\/api.w.org\/{rel}","templated":true}]}}