{"id":32015,"date":"2023-12-19T23:14:35","date_gmt":"2023-12-19T23:14:35","guid":{"rendered":"https:\/\/e.kosmolat.eu\/product\/troxigel-gels-kaju-adas-kopsanai-75-ml\/"},"modified":"2025-09-20T02:29:02","modified_gmt":"2025-09-20T02:29:02","slug":"troxigel-gels-kaju-adas-kopsanai-75-ml","status":"publish","type":"product","link":"https:\/\/e.kosmolat.eu\/lt\/produktas\/troxigel-gels-kaju-adas-kopsanai-75-ml\/","title":{"rendered":"TROXIGEL Koj\u0173 prie\u017ei\u016bros gelis, 75 ml"},"content":{"rendered":"<p>Gelis, ma\u017einantis sunkum\u0105 ir nuovarg\u012f kojose, turintis tonizuojant\u012f poveik\u012f.<\/p>\n<p><strong>Aktyv\u016bs komponentai:<\/strong><br \/>\n&bull; Trokserutinas<br \/>\n&bull; Pantenolis<br \/>\n&bull; Vaistini\u0173 medetk\u0173 ekstraktas<br \/>\n&bull; Medaus ekstraktas<\/p>\n<p><strong>Naudojimas:<\/strong> naudoti 2-3 kartus per dien\u0105. Lengvais masa\u017eo judesiais tepkite problemines vietas, kol visi&scaron;kai \u012fsigers.<\/p>\n<p>Laikyti nuo +5 &deg;C iki +25 &deg;C temperat\u016broje, vaikams nepasiekiamoje vietoje.<br \/>\n&nbsp;<\/p>\n","protected":false},"excerpt":{"rendered":"<p>Gelis, ma\u017einantis sunkum\u0105 ir nuovarg\u012f kojose, turintis tonizuojant\u012f poveik\u012f. Aktyv\u016bs komponentai: &bull; Trokserutinas &bull; Pantenolis &bull; Vaistini\u0173 medetk\u0173 ekstraktas &bull; Medaus ekstraktas Naudojimas: naudoti 2-3 kartus per dien\u0105. Lengvais masa\u017eo judesiais tepkite problemines vietas, kol visi&scaron;kai \u012fsigers. Laikyti nuo +5 &deg;C iki +25 &deg;C temperat\u016broje, vaikams nepasiekiamoje vietoje. &nbsp;<\/p>\n","protected":false},"featured_media":90010,"template":"","meta":[],"product_cat":[1763],"product_tag":[],"class_list":{"0":"post-32015","1":"product","2":"type-product","3":"status-publish","4":"has-post-thumbnail","6":"product_brand-sale-lt","7":"product_cat-koju-prieziuros-kosmetika","9":"first","10":"outofstock","11":"taxable","12":"shipping-taxable","13":"product-type-simple"},"_links":{"self":[{"href":"https:\/\/e.kosmolat.eu\/lt\/wp-json\/wp\/v2\/product\/32015","targetHints":{"allow":["GET"]}}],"collection":[{"href":"https:\/\/e.kosmolat.eu\/lt\/wp-json\/wp\/v2\/product"}],"about":[{"href":"https:\/\/e.kosmolat.eu\/lt\/wp-json\/wp\/v2\/types\/product"}],"wp:featuredmedia":[{"embeddable":true,"href":"https:\/\/e.kosmolat.eu\/lt\/wp-json\/wp\/v2\/media\/90010"}],"wp:attachment":[{"href":"https:\/\/e.kosmolat.eu\/lt\/wp-json\/wp\/v2\/media?parent=32015"}],"wp:term":[{"taxonomy":"product_cat","embeddable":true,"href":"https:\/\/e.kosmolat.eu\/lt\/wp-json\/wp\/v2\/product_cat?post=32015"},{"taxonomy":"product_tag","embeddable":true,"href":"https:\/\/e.kosmolat.eu\/lt\/wp-json\/wp\/v2\/product_tag?post=32015"}],"curies":[{"name":"wp","href":"https:\/\/api.w.org\/{rel}","templated":true}]}}