{"id":32011,"date":"2023-12-19T23:14:16","date_gmt":"2023-12-19T23:14:16","guid":{"rendered":"https:\/\/e.kosmolat.eu\/product\/achromin-balinoss-krems-ar-uv-filtriem-45-%d0%bce\/"},"modified":"2026-04-23T06:40:13","modified_gmt":"2026-04-23T06:40:13","slug":"achromin-balinoss-krems-ar-uv-filtriem-45-ml","status":"publish","type":"product","link":"https:\/\/e.kosmolat.eu\/lt\/produktas\/achromin-balinoss-krems-ar-uv-filtriem-45-ml\/","title":{"rendered":"ACHROMIN Balinamasis kremas su UV filtrais, 45 ml"},"content":{"rendered":"<p>Balinamasis kremas efektyviai padeda kovoti su pigmentacija ir am\u017eiaus d\u0117m\u0117mis, saugo nuo \u017ealingo saul\u0117s spinduli\u0173 poveikio.<\/p>\n<p><strong>Naudojimas:<\/strong> lengvais masa\u017eo judesiais tepkite krem\u0105 ant &scaron;varios veido odos. Tinka bet kokiam odos tipui. Naudokite kasdien ryte ir vakare.<\/p>\n<p><strong>Atsargumo priemon\u0117s: <\/strong>nenaudoti vaikams iki 5 met\u0173 arba esant individualiam komponent\u0173 netoleravimui. Venkite kremo patekimo \u012f akis, gleivines ir atviras \u017eaizdas.<\/p>\n<p>Laikyti nuo +5 &deg;C iki +25 &deg;C temperat\u016broje vaikams nepasiekiamoje vietoje, saugoti nuo tiesiogini\u0173 saul\u0117s spinduli\u0173.<\/p>\n<p><strong>Geriausias:<\/strong> 3 metai nuo pagaminimo datos, nurodytos ant t\u016bbel\u0117s si\u016bl\u0117s.<\/p>\n","protected":false},"excerpt":{"rendered":"<p>Balinamasis kremas efektyviai padeda kovoti su pigmentacija ir am\u017eiaus d\u0117m\u0117mis, saugo nuo \u017ealingo saul\u0117s spinduli\u0173 poveikio. Naudojimas: lengvais masa\u017eo judesiais tepkite krem\u0105 ant &scaron;varios veido odos. Tinka bet kokiam odos tipui. Naudokite kasdien ryte ir vakare. Atsargumo priemon\u0117s: nenaudoti vaikams iki 5 met\u0173 arba esant individualiam komponent\u0173 netoleravimui. Venkite kremo patekimo \u012f akis, gleivines ir [&#8230;]\n","protected":false},"featured_media":90006,"template":"","meta":[],"product_cat":[1322],"product_tag":[],"class_list":{"0":"post-32011","1":"product","2":"type-product","3":"status-publish","4":"has-post-thumbnail","6":"product_brand-danhson_bg-lt","7":"product_cat-veido-kremai","9":"first","10":"instock","11":"taxable","12":"shipping-taxable","13":"product-type-simple"},"_links":{"self":[{"href":"https:\/\/e.kosmolat.eu\/lt\/wp-json\/wp\/v2\/product\/32011","targetHints":{"allow":["GET"]}}],"collection":[{"href":"https:\/\/e.kosmolat.eu\/lt\/wp-json\/wp\/v2\/product"}],"about":[{"href":"https:\/\/e.kosmolat.eu\/lt\/wp-json\/wp\/v2\/types\/product"}],"wp:featuredmedia":[{"embeddable":true,"href":"https:\/\/e.kosmolat.eu\/lt\/wp-json\/wp\/v2\/media\/90006"}],"wp:attachment":[{"href":"https:\/\/e.kosmolat.eu\/lt\/wp-json\/wp\/v2\/media?parent=32011"}],"wp:term":[{"taxonomy":"product_cat","embeddable":true,"href":"https:\/\/e.kosmolat.eu\/lt\/wp-json\/wp\/v2\/product_cat?post=32011"},{"taxonomy":"product_tag","embeddable":true,"href":"https:\/\/e.kosmolat.eu\/lt\/wp-json\/wp\/v2\/product_tag?post=32011"}],"curies":[{"name":"wp","href":"https:\/\/api.w.org\/{rel}","templated":true}]}}