{"id":32003,"date":"2023-12-19T23:13:47","date_gmt":"2023-12-19T23:13:47","guid":{"rendered":"https:\/\/e.kosmolat.eu\/product\/kapo-sensitive-skusanas-krems-100-ml\/"},"modified":"2026-04-01T07:59:40","modified_gmt":"2026-04-01T07:59:40","slug":"kapo-sensitive-skusanas-krems-100-ml","status":"publish","type":"product","link":"https:\/\/e.kosmolat.eu\/lt\/produktas\/kapo-sensitive-skusanas-krems-100-ml\/","title":{"rendered":"KAPO Sensitive Skutimosi kremas, 100 ml"},"content":{"rendered":"<p>Sudaro sodrias putas, mink\u0161tina kietus plaukus, tod\u0117l skutimasis yra lengvas ir sklandus. Formul\u0117 praturtinta liep\u017eied\u017ei\u0173 ekstraktu, alantoinu ir pantenoliu, kurie padeda apsaugoti od\u0105 ir palaikyti optimal\u0173 dr\u0117gm\u0117s lyg\u012f skutimosi metu. Tinka jautriai odai. Nenaudoti ant jautrios ar pa\u017eeistos odos!<\/p>\n<p>Naudojimas: Skutimosi \u0161epet\u0117liu sukamaisiais judesiais gausiai u\u017etepkite kremo ant dr\u0117gnos odos.<\/p>\n","protected":false},"excerpt":{"rendered":"<p>Sudaro sodrias putas, mink\u0161tina kietus plaukus, tod\u0117l skutimasis yra lengvas ir sklandus. Formul\u0117 praturtinta liep\u017eied\u017ei\u0173 ekstraktu, alantoinu ir pantenoliu, kurie padeda apsaugoti od\u0105 ir palaikyti optimal\u0173 dr\u0117gm\u0117s lyg\u012f skutimosi metu. Tinka jautriai odai. Nenaudoti ant jautrios ar pa\u017eeistos odos! Naudojimas: Skutimosi \u0161epet\u0117liu sukamaisiais judesiais gausiai u\u017etepkite kremo ant dr\u0117gnos odos.<\/p>\n","protected":false},"featured_media":90510,"template":"","meta":[],"product_cat":[1682],"product_tag":[],"class_list":{"0":"post-32003","1":"product","2":"type-product","3":"status-publish","4":"has-post-thumbnail","6":"product_brand-danhson_bg-lt","7":"product_cat-kosmetika-skutimuisi","9":"first","10":"outofstock","11":"taxable","12":"shipping-taxable","13":"product-type-simple"},"_links":{"self":[{"href":"https:\/\/e.kosmolat.eu\/lt\/wp-json\/wp\/v2\/product\/32003","targetHints":{"allow":["GET"]}}],"collection":[{"href":"https:\/\/e.kosmolat.eu\/lt\/wp-json\/wp\/v2\/product"}],"about":[{"href":"https:\/\/e.kosmolat.eu\/lt\/wp-json\/wp\/v2\/types\/product"}],"wp:featuredmedia":[{"embeddable":true,"href":"https:\/\/e.kosmolat.eu\/lt\/wp-json\/wp\/v2\/media\/90510"}],"wp:attachment":[{"href":"https:\/\/e.kosmolat.eu\/lt\/wp-json\/wp\/v2\/media?parent=32003"}],"wp:term":[{"taxonomy":"product_cat","embeddable":true,"href":"https:\/\/e.kosmolat.eu\/lt\/wp-json\/wp\/v2\/product_cat?post=32003"},{"taxonomy":"product_tag","embeddable":true,"href":"https:\/\/e.kosmolat.eu\/lt\/wp-json\/wp\/v2\/product_tag?post=32003"}],"curies":[{"name":"wp","href":"https:\/\/api.w.org\/{rel}","templated":true}]}}