{"id":31999,"date":"2023-12-19T23:13:28","date_gmt":"2023-12-19T23:13:28","guid":{"rendered":"https:\/\/e.kosmolat.eu\/product\/%d0%baas%d0%be-classic-skusanas-krems-100-ml\/"},"modified":"2026-04-01T07:51:36","modified_gmt":"2026-04-01T07:51:36","slug":"%d0%baas%d0%be-classic-skusanas-krems-100-ml","status":"publish","type":"product","link":"https:\/\/e.kosmolat.eu\/lt\/produktas\/%d0%baas%d0%be-classic-skusanas-krems-100-ml\/","title":{"rendered":"KAPO Classic skutimosi kremas, 100 ml"},"content":{"rendered":"<p>Sukuria sodrias putas, mink&scaron;tina kietus plaukus, tod\u0117l skutimasis yra lengvas ir sklandus. Tinka visiems odos tipams. Nenaudoti ant u\u017edegimimin\u0117s ar pa\u017eeistos odos!<\/p>\n<p><strong>Naudojimas:<\/strong> Naudodami &scaron;epet\u0117l\u012f, sukamaisiais judesiais u\u017etepkite pakankamai kremo ant dr\u0117gnos odos.<br \/>\n&nbsp;<\/p>\n","protected":false},"excerpt":{"rendered":"<p>Sukuria sodrias putas, mink&scaron;tina kietus plaukus, tod\u0117l skutimasis yra lengvas ir sklandus. Tinka visiems odos tipams. Nenaudoti ant u\u017edegimimin\u0117s ar pa\u017eeistos odos! Naudojimas: Naudodami &scaron;epet\u0117l\u012f, sukamaisiais judesiais u\u017etepkite pakankamai kremo ant dr\u0117gnos odos. &nbsp;<\/p>\n","protected":false},"featured_media":90494,"template":"","meta":[],"product_cat":[1682],"product_tag":[],"class_list":{"0":"post-31999","1":"product","2":"type-product","3":"status-publish","4":"has-post-thumbnail","6":"product_brand-danhson_bg-lt","7":"product_cat-kosmetika-skutimuisi","9":"first","10":"instock","11":"taxable","12":"shipping-taxable","13":"product-type-simple"},"_links":{"self":[{"href":"https:\/\/e.kosmolat.eu\/lt\/wp-json\/wp\/v2\/product\/31999","targetHints":{"allow":["GET"]}}],"collection":[{"href":"https:\/\/e.kosmolat.eu\/lt\/wp-json\/wp\/v2\/product"}],"about":[{"href":"https:\/\/e.kosmolat.eu\/lt\/wp-json\/wp\/v2\/types\/product"}],"wp:featuredmedia":[{"embeddable":true,"href":"https:\/\/e.kosmolat.eu\/lt\/wp-json\/wp\/v2\/media\/90494"}],"wp:attachment":[{"href":"https:\/\/e.kosmolat.eu\/lt\/wp-json\/wp\/v2\/media?parent=31999"}],"wp:term":[{"taxonomy":"product_cat","embeddable":true,"href":"https:\/\/e.kosmolat.eu\/lt\/wp-json\/wp\/v2\/product_cat?post=31999"},{"taxonomy":"product_tag","embeddable":true,"href":"https:\/\/e.kosmolat.eu\/lt\/wp-json\/wp\/v2\/product_tag?post=31999"}],"curies":[{"name":"wp","href":"https:\/\/api.w.org\/{rel}","templated":true}]}}