{"id":31987,"date":"2023-12-19T23:12:31","date_gmt":"2023-12-19T23:12:31","guid":{"rendered":"https:\/\/e.kosmolat.eu\/product\/elskin-snail-secret-sejas-serums-3x2-ml\/"},"modified":"2026-04-08T10:31:10","modified_gmt":"2026-04-08T10:31:10","slug":"elskin-snail-secret-sejas-serums-3x2-ml","status":"publish","type":"product","link":"https:\/\/e.kosmolat.eu\/lt\/produktas\/elskin-snail-secret-sejas-serums-3x2-ml\/","title":{"rendered":"EL&#8217; SKIN Sraigi\u0173 sekretas Serumas veidui, (3&#215;2 ml)"},"content":{"rendered":"<p>Serumas su dideliu mucino kiekiu u\u017etikrins greit\u0105 odos atstatym\u0105, pa\u0161alins i\u0161saus\u0117jim\u0105 ir \u0161erpetojim\u0105, i\u0161saugos jaunyst\u0119, suteiks veidui sveik\u0105 ir i\u0161puosel\u0117t\u0105 i\u0161vaizd\u0105. Pagrindin\u0117 serumo sudedamoji dalis yra sraigi\u0173 mucinas, unikalus komponentas, pasi\u017eymintis galingu atkuriamuoju ir jauninamuoju poveikiu. Kovoja su pigmentacija, po spuog\u0173 ir i\u0161sipl\u0117tusi\u0173 por\u0173, saugo od\u0105 nuo i\u0161orinio poveikio.Produktas akimirksniu prasiskverbia giliai \u012f derm\u0105, u\u017epildo rauk\u0161les, prisotina od\u0105 dr\u0117gme ir j\u0105 maitina. D\u0117l to oda i\u0161lyginama, pripildoma gyvybingumo ir \u012fgauna nat\u016bral\u0173 \u0161vyt\u0117jim\u0105.<br \/>\nReguliariai naudojant priemones su mucinu oda tampa elastingesn\u0117, ma\u017eiau pastebimos rauk\u0161l\u0117s, glotn\u0117ja veido spalva. *D\u0117l didel\u0117s nat\u016bralaus mucino koncentracijos kompozicijoje serumas yra klampios konsistencijos.<\/p>\n<p>Naudojimas: Kruop\u0161\u010diai nuplaukite ir nusausinkite veid\u0105 rank\u0161luos\u010diu. Serum\u0105 lengvais judesiais paskirstykite veido, kaklo ir dekolt\u0117 odoss. Palikite, kol visi\u0161kai \u012fsigers. Rekomenduojama naudoti kaip pagrindin\u0119 priemon\u0119 prie\u0161 tepant krem\u0105 ar kauk\u0119, taip pat d\u0117ti \u012f kremus (kaukes). *Norint pasiekti matom\u0173 rezultat\u0173, serum\u0105 rekomenduojama naudoti kart\u0105 per dien\u0105 i\u0161tis\u0105  m\u0117nes\u012f<\/p>\n<p>Atsargumo priemon\u0117s: 1. Venkite naudoti ant pa\u017eeistos, sudirgusios ar saul\u0117je nudegusios odos. 2. Nenaudokite produkto, jei esate jautrus kuriam nors i\u0161 kompozicijos komponent\u0173. Jei naudojimo metu atsiranda odos paraudimas ar sudirginimas, nutraukite naudojim\u0105 ir kreipkit\u0117s \u012f gydytoj\u0105. 3. Venkite patekimo \u012f akis. Patekus \u012f akis, praplauti vandeniu. 4. Venkite naudoti ant odos, kuri yra jautri banda\u017eams,  \u012fvyniojimams ir lipnioms kauk\u0117ms. Laikyti vaikams nepasiekiamoje vietoje, nuo 0\u00b0C iki 25\u00b0C temperat\u016broje. Venkite tiesiogini\u0173 saul\u0117s spinduli\u0173. 6. Tik i\u0161oriniam naudojimui. Nenuryti!<\/p>\n","protected":false},"excerpt":{"rendered":"<p>Serumas su dideliu mucino kiekiu u\u017etikrins greit\u0105 odos atstatym\u0105, pa\u0161alins i\u0161saus\u0117jim\u0105 ir \u0161erpetojim\u0105, i\u0161saugos jaunyst\u0119, suteiks veidui sveik\u0105 ir i\u0161puosel\u0117t\u0105 i\u0161vaizd\u0105. Pagrindin\u0117 serumo sudedamoji dalis yra sraigi\u0173 mucinas, unikalus komponentas, pasi\u017eymintis galingu atkuriamuoju ir jauninamuoju poveikiu. Kovoja su pigmentacija, po spuog\u0173 ir i\u0161sipl\u0117tusi\u0173 por\u0173, saugo od\u0105 nuo i\u0161orinio poveikio.Produktas akimirksniu prasiskverbia giliai \u012f derm\u0105, u\u017epildo [&#8230;]\n","protected":false},"featured_media":90054,"template":"","meta":[],"product_cat":[1369],"product_tag":[],"class_list":{"0":"post-31987","1":"product","2":"type-product","3":"status-publish","4":"has-post-thumbnail","6":"product_brand-skinlite-lt","7":"product_cat-veido-kaukes","9":"first","10":"outofstock","11":"taxable","12":"shipping-taxable","13":"product-type-simple"},"_links":{"self":[{"href":"https:\/\/e.kosmolat.eu\/lt\/wp-json\/wp\/v2\/product\/31987","targetHints":{"allow":["GET"]}}],"collection":[{"href":"https:\/\/e.kosmolat.eu\/lt\/wp-json\/wp\/v2\/product"}],"about":[{"href":"https:\/\/e.kosmolat.eu\/lt\/wp-json\/wp\/v2\/types\/product"}],"wp:featuredmedia":[{"embeddable":true,"href":"https:\/\/e.kosmolat.eu\/lt\/wp-json\/wp\/v2\/media\/90054"}],"wp:attachment":[{"href":"https:\/\/e.kosmolat.eu\/lt\/wp-json\/wp\/v2\/media?parent=31987"}],"wp:term":[{"taxonomy":"product_cat","embeddable":true,"href":"https:\/\/e.kosmolat.eu\/lt\/wp-json\/wp\/v2\/product_cat?post=31987"},{"taxonomy":"product_tag","embeddable":true,"href":"https:\/\/e.kosmolat.eu\/lt\/wp-json\/wp\/v2\/product_tag?post=31987"}],"curies":[{"name":"wp","href":"https:\/\/api.w.org\/{rel}","templated":true}]}}