{"id":31979,"date":"2023-12-19T23:11:46","date_gmt":"2023-12-19T23:11:46","guid":{"rendered":"https:\/\/e.kosmolat.eu\/product\/cl-atjaun-samp-ar-kumelisu-ekstr-saus-un-bojatiem-matiem-240-ml\/"},"modified":"2025-09-20T02:58:50","modified_gmt":"2025-09-20T02:58:50","slug":"cl-atjaun-samp-ar-kumelisu-ekstr-saus-un-bojatiem-matiem-240-ml","status":"publish","type":"product","link":"https:\/\/e.kosmolat.eu\/lt\/produktas\/cl-atjaun-samp-ar-kumelisu-ekstr-saus-un-bojatiem-matiem-240-ml\/","title":{"rendered":"\u010cISTAJA LINIJA \u0160amp\u016bnas su ramun\u0117li\u0173 ekstraktu sausiems ir pa\u017eeistiems plaukams, 240 ml"},"content":{"rendered":"<p>Essence Nature Plus &ndash; 5 ekstraktai ir aliejai (verben\u0173, &scaron;alavij\u0173, er&scaron;k\u0117tuogi\u0173 ekstraktai, migdol\u0173 ir lin\u0173 aliejus).<\/p>\n<p>Aktyv\u016bs nat\u016bral\u016bs ingredientai apsaugo nuo plauk\u0173 slinkimo, maitina ir saugo plaukus nuo pa\u017eeidim\u0173. Ramun\u0117li\u0173 ekstraktas suteikia plaukams nat\u016bralaus \u017evilgesio ir &scaron;velnumo.Varnal\u0117&scaron;\u0173 aliejus intensyviai maitina &scaron;aknis ir atkuria plaukus per vis\u0105 ilg\u012f.<\/p>\n<p><strong>Naudojimas: <\/strong>nedidel\u012f kiek\u012f paskirstykite ant dr\u0117gn\u0173 plauk\u0173, suputokite, nuplaukite vandeniu. Patekus \u012f akis, kruop&scaron;\u010diai nuplaukite vandeniu.<\/p>\n<p>Tai n\u0117ra vaistinis preparatas.<\/p>\n<p>Laikyti nuo +5&deg;C iki +25&deg;C temperat\u016broje.<br \/>\n&nbsp;<\/p>\n","protected":false},"excerpt":{"rendered":"<p>Essence Nature Plus &ndash; 5 ekstraktai ir aliejai (verben\u0173, &scaron;alavij\u0173, er&scaron;k\u0117tuogi\u0173 ekstraktai, migdol\u0173 ir lin\u0173 aliejus). Aktyv\u016bs nat\u016bral\u016bs ingredientai apsaugo nuo plauk\u0173 slinkimo, maitina ir saugo plaukus nuo pa\u017eeidim\u0173. Ramun\u0117li\u0173 ekstraktas suteikia plaukams nat\u016bralaus \u017evilgesio ir &scaron;velnumo.Varnal\u0117&scaron;\u0173 aliejus intensyviai maitina &scaron;aknis ir atkuria plaukus per vis\u0105 ilg\u012f. Naudojimas: nedidel\u012f kiek\u012f paskirstykite ant dr\u0117gn\u0173 plauk\u0173, suputokite, [&#8230;]\n","protected":false},"featured_media":90478,"template":"","meta":[],"product_cat":[1251],"product_tag":[],"class_list":{"0":"post-31979","1":"product","2":"type-product","3":"status-publish","4":"has-post-thumbnail","6":"product_brand-unilever-ua-lt","7":"product_cat-sampunai","9":"first","10":"outofstock","11":"taxable","12":"shipping-taxable","13":"product-type-simple"},"_links":{"self":[{"href":"https:\/\/e.kosmolat.eu\/lt\/wp-json\/wp\/v2\/product\/31979","targetHints":{"allow":["GET"]}}],"collection":[{"href":"https:\/\/e.kosmolat.eu\/lt\/wp-json\/wp\/v2\/product"}],"about":[{"href":"https:\/\/e.kosmolat.eu\/lt\/wp-json\/wp\/v2\/types\/product"}],"wp:featuredmedia":[{"embeddable":true,"href":"https:\/\/e.kosmolat.eu\/lt\/wp-json\/wp\/v2\/media\/90478"}],"wp:attachment":[{"href":"https:\/\/e.kosmolat.eu\/lt\/wp-json\/wp\/v2\/media?parent=31979"}],"wp:term":[{"taxonomy":"product_cat","embeddable":true,"href":"https:\/\/e.kosmolat.eu\/lt\/wp-json\/wp\/v2\/product_cat?post=31979"},{"taxonomy":"product_tag","embeddable":true,"href":"https:\/\/e.kosmolat.eu\/lt\/wp-json\/wp\/v2\/product_tag?post=31979"}],"curies":[{"name":"wp","href":"https:\/\/api.w.org\/{rel}","templated":true}]}}