{"id":31963,"date":"2023-12-19T23:10:12","date_gmt":"2023-12-19T23:10:12","guid":{"rendered":"https:\/\/e.kosmolat.eu\/product\/glabejs-forte-balzams-ar-piena-lipid-aizsardz-un-atjaunos-30-g\/"},"modified":"2026-04-23T07:11:05","modified_gmt":"2026-04-23T07:11:05","slug":"glabejs-forte-balzams-ar-piena-lipid-aizsardz-un-atjaunos-30-g","status":"publish","type":"product","link":"https:\/\/e.kosmolat.eu\/lt\/produktas\/glabejs-forte-balzams-ar-piena-lipid-aizsardz-un-atjaunos-30-g\/","title":{"rendered":"SPASATEL Forte Balzamas su pieno lipidais Apsauga ir atstatymas, 30 g"},"content":{"rendered":"<p>Balzamas Spasatel yra unikalus bevandenis preparatas pieno lipid\u0173 pagrindu, pasi\u017eymintis puikiomis regeneracin\u0117mis ir raminan\u010diomis savyb\u0117mis. I&scaron;skirtinis produktas, skirtas sausos ir plonos, jautrios kenksmingiems aplinkos veiksniams odos prie\u017ei\u016brai. Intensyviai maitina od\u0105, linkusi\u0105 \u012f \u012ftr\u016bkimus, tod\u0117l ji tampa &scaron;velni ir elastinga. Padeda nuo nudegim\u0173, \u012fskaitant saul\u0117s nudegim\u0105, ir apsaugo nuo \u017eemos temperat\u016bros poveikio. I&scaron;saugo od\u0105 nuo dr\u0117gm\u0117s praradimo, sukurdama ant jos lipid\u0173 sluoksn\u012f, tod\u0117l oda tampa atsparesn\u0117. Nat\u016brali sud\u0117tis lemia specifin\u012f produkto kvap\u0105.<\/p>\n<p><strong>Naudojimas: <\/strong>balzam\u0105 reikia gausiai tepti tiesiai i&scaron; t\u016bbel\u0117s. Veikiant k\u016bno temperat\u016brai konsistencija pasikei\u010dia i&scaron; tir&scaron;tos \u012f skyst\u0105. Tai leid\u017eia lengvai paskirstyti balzam\u0105 per vis\u0105 odos pavir&scaron;i\u0173. Aktyvaus produkto poveikio rezultatas pasimatys po 5-15 minu\u010di\u0173. Norint pasiekti geriausi\u0173 rezultat\u0173, balzam\u0105 rekomenduojama tepti 1-3 kartus kas 2-3 valandas..<\/p>\n<p><strong>Kontraindikacijos:<\/strong> individualus komponent\u0173 netoleravimas.<\/p>\n<p>Laikyti nuo +2&deg;C iki +25&deg;C temperat\u016broje.<br \/>\n&nbsp;<\/p>\n","protected":false},"excerpt":{"rendered":"<p>Balzamas Spasatel yra unikalus bevandenis preparatas pieno lipid\u0173 pagrindu, pasi\u017eymintis puikiomis regeneracin\u0117mis ir raminan\u010diomis savyb\u0117mis. I&scaron;skirtinis produktas, skirtas sausos ir plonos, jautrios kenksmingiems aplinkos veiksniams odos prie\u017ei\u016brai. Intensyviai maitina od\u0105, linkusi\u0105 \u012f \u012ftr\u016bkimus, tod\u0117l ji tampa &scaron;velni ir elastinga. Padeda nuo nudegim\u0173, \u012fskaitant saul\u0117s nudegim\u0105, ir apsaugo nuo \u017eemos temperat\u016bros poveikio. I&scaron;saugo od\u0105 nuo dr\u0117gm\u0117s [&#8230;]\n","protected":false},"featured_media":90462,"template":"","meta":[],"product_cat":[1390],"product_tag":[],"class_list":{"0":"post-31963","1":"product","2":"type-product","3":"status-publish","4":"has-post-thumbnail","6":"product_brand-elpis-lt","7":"product_cat-kremai-aliejai-kuno-pienelis","9":"first","10":"instock","11":"taxable","12":"shipping-taxable","13":"product-type-simple"},"_links":{"self":[{"href":"https:\/\/e.kosmolat.eu\/lt\/wp-json\/wp\/v2\/product\/31963","targetHints":{"allow":["GET"]}}],"collection":[{"href":"https:\/\/e.kosmolat.eu\/lt\/wp-json\/wp\/v2\/product"}],"about":[{"href":"https:\/\/e.kosmolat.eu\/lt\/wp-json\/wp\/v2\/types\/product"}],"wp:featuredmedia":[{"embeddable":true,"href":"https:\/\/e.kosmolat.eu\/lt\/wp-json\/wp\/v2\/media\/90462"}],"wp:attachment":[{"href":"https:\/\/e.kosmolat.eu\/lt\/wp-json\/wp\/v2\/media?parent=31963"}],"wp:term":[{"taxonomy":"product_cat","embeddable":true,"href":"https:\/\/e.kosmolat.eu\/lt\/wp-json\/wp\/v2\/product_cat?post=31963"},{"taxonomy":"product_tag","embeddable":true,"href":"https:\/\/e.kosmolat.eu\/lt\/wp-json\/wp\/v2\/product_tag?post=31963"}],"curies":[{"name":"wp","href":"https:\/\/api.w.org\/{rel}","templated":true}]}}